{"id":21,"date":"2024-04-04T05:04:02","date_gmt":"2024-04-04T05:04:02","guid":{"rendered":"https:\/\/sisu.ut.ee\/abc\/uuringud\/"},"modified":"2026-01-26T21:08:38","modified_gmt":"2026-01-26T19:08:38","slug":"uuringud","status":"publish","type":"page","link":"https:\/\/sisu.ut.ee\/abc\/uuringud\/","title":{"rendered":"Teadust\u00f6\u00f6"},"content":{"rendered":"<div><\/div>\n\n\n<p><\/p><div class=\"accordion mb-3\">\n        <div class=\"accordion-item accordion-item--white\">\n        <h2 class=\"accordion-header\" id=\"accordion-69d50b59b9050-heading\">\n            <button class=\"accordion-button collapsed\" type=\"button\" data-bs-toggle=\"collapse\" data-bs-target=\"#accordion-69d50b59b9050-collapse\" aria-expanded=\"true\" aria-controls=\"accordion-69d50b59b9050-collapse\"><span style=\"font-size: 18px;\">Teema: <strong>Militaarps\u00fchholoogia uurimissuuna arendamine (Eesti Kaitsev\u00e4e grant, 2025-2027)<\/strong><\/span><\/button>\n        <\/h2>\n        <div id=\"accordion-69d50b59b9050-collapse\" class=\"accordion-collapse collapse\" aria-labelledby=\"accordion-69d50b59b9050-heading\">\n            <div class=\"accordion-body\">S\u00f5jav\u00e4eliste juhtide ps\u00fchholoogilise ettevalmistamise uurimissuuna arendamine \u00fchise \u00f5ppe-, teadus- ja arendustegevuse kaudu loob aluse sisukale koost\u00f6\u00f6le, mille eesm\u00e4rk on t\u00f5sta s\u00f5jav\u00e4elise juhtimise ps\u00fchholoogilist kvaliteeti, toetada Kaitsev\u00e4e prioriteetsete v\u00f5imete arendamist ning tugevdada riigikaitse terviklikkust. Kavandatud tegevused aitavad kaasa k\u00f5rge akadeemilise taseme, rahvusvahelise esindatuse ning praktilise rakendatavuse tagamisele Eesti kaitsevaldkonnas.\n<p>Projekti kohta leiad rohkem infot\u00a0Eesti Teadusinfos\u00fcsteemist:\u00a0\u201c<a title=\"\" href=\"https:\/\/www.etis.ee\/Portal\/Projects\/Display\/9a901f52-7095-4560-89c6-908818c83920\" target=\"_blank\" rel=\"noopener\" data-url=\"https:\/\/www.etis.ee\/Portal\/Projects\/Display\/9a901f52-7095-4560-89c6-908818c83920\"><span style=\"color: #428bca;\">Militaarps\u00fchholoogia uurimissuuna arendamine <\/span><\/a>\u201c.<\/p><\/div>\n        <\/div>\n        <\/div>\n    <\/div>\n\n\n<p><\/p><div class=\"accordion mb-3\">\n        <div class=\"accordion-item accordion-item--white\">\n        <h2 class=\"accordion-header\" id=\"accordion-69d50b59b9058-heading\">\n            <button class=\"accordion-button collapsed\" type=\"button\" data-bs-toggle=\"collapse\" data-bs-target=\"#accordion-69d50b59b9058-collapse\" aria-expanded=\"true\" aria-controls=\"accordion-69d50b59b9058-collapse\"><span style=\"font-size: 18px;\">Teema: <strong>Heaoluteaduste tippkeskus (HTMi grant TK218, 2024-2030)<\/strong><\/span><\/button>\n        <\/h2>\n        <div id=\"accordion-69d50b59b9058-collapse\" class=\"accordion-collapse collapse\" aria-labelledby=\"accordion-69d50b59b9058-heading\">\n            <div class=\"accordion-body\">HTTK toob kokku juhtivad ps\u00fc\u00fchika, keha, sotsiaalse konteksti ja ruumilise konteksti uurijad, et luua distsipliinide \u00fclene arusaam komplekss\u00fcsteemidest, mis m\u00f5jutavad heaolu: elu kvaliteeti erinevates valdkondades objektiivses ja eriti subjektiivses m\u00f5ttes. Me k\u00e4sitleme 4 uurimisvaldkonda. 1) KORRELAADID: Millised bio-ps\u00fchholoogilised ja sotsiaal-ruumilised omadused on seotud heaolu p\u00fcsivamate komponentidega nagu eluga rahulolu? 2) MEHHANISMID: Kuidas rulluvad inimestes lahti heaolu d\u00fcnaamilised komponendid, n\u00e4iteks emotsioonid? 3) ENESEHOOL: Kuidas inimesed ise oma heaolu enesehoole \u00f6kos\u00fcsteemides m\u00f5istavad ja juhivad? 4) SEKKUMISED: Kuidas heaolu isikustatud ja kohandatud sekkumistega edendada? HTTK rahastab interdistsiplinaarseid ametikohti; registriandmetega l\u00f5imitud longituud-uuring; doktorikooli; tipps\u00fcndmusi; ja r\u00e4ndluse ja koost\u00f6\u00f6 toetusmeedet. HTTK t\u00f5stab osalevate r\u00fchmade, asutuste ja Eesti heaoluteaduste tulemuslikkust ja m\u00f5jukust.\n<p>Projekti kohta leiad rohkem infot\u00a0Eesti Teadusinfos\u00fcsteemist:\u00a0\u201c<a title=\"\" href=\"https:\/\/www.etis.ee\/portal\/projects\/display\/822947c8-6e66-494a-8f2d-9e728d2a6b87\" target=\"_blank\" rel=\"noopener\" data-url=\"https:\/\/www.etis.ee\/portal\/projects\/display\/822947c8-6e66-494a-8f2d-9e728d2a6b87\"><span style=\"color: #428bca;\">Heaoluteaduste tippkeskus <\/span><\/a>\u201c.<\/p><\/div>\n        <\/div>\n        <\/div>\n    <\/div>\n\n\n<p><\/p><div class=\"accordion mb-3\">\n        <div class=\"accordion-item accordion-item--white\">\n        <h2 class=\"accordion-header\" id=\"accordion-69d50b59b905e-heading\">\n            <button class=\"accordion-button collapsed\" type=\"button\" data-bs-toggle=\"collapse\" data-bs-target=\"#accordion-69d50b59b905e-collapse\" aria-expanded=\"true\" aria-controls=\"accordion-69d50b59b905e-collapse\"><span style=\"font-size: 18px;\">Teema: <strong>T\u00e4helepanueelne informatsioonit\u00f6\u00f6tlus ajus: seosed seisundite, p\u00fcsitunnuste ja k\u00e4itumisega (ETAGi grant PRG1151, 2021-2025)<\/strong><\/span><\/button>\n        <\/h2>\n        <div id=\"accordion-69d50b59b905e-collapse\" class=\"accordion-collapse collapse\" aria-labelledby=\"accordion-69d50b59b905e-heading\">\n            <div class=\"accordion-body\">Inimene t\u00f6\u00f6tleb rohkem informatsiooni kui ta j\u00f5uab teadvustada, kuid mis v\u00f5ib siiski k\u00e4itumist suunata. Sellisele informatsioonile saab ligi neuroteaduse vahenditega, n\u00e4iteks aju automaatse eristusvastuse (lahknevusnegatiivsus, MMN) abil. MMN halveneb erinevate h\u00e4irunud seisundite ja haiguste puhul, kuid pole t\u00e4pselt teada, kas see langus on \u00fcldine v\u00f5i konstruktispetsiifiline. Projekt uuribki, kuidas MMN seostub inimese stabiilsete omaduste ja l\u00fchiajaliselt esile kutsutud seisunditega ning kuiv\u00f5rd see on \u00fcldine v\u00f5i spetsiifiline. Selleks (1) loome t\u00e4helepanueelsete t\u00f6\u00f6tlusprotsesside ja taustateabe andmekogu ja t\u00f6\u00f6tame v\u00e4lja normatiivsed t\u00f6\u00f6tlusprotsesside kirjeldused ning (2) rakendame MMN metoodikat kolmes eksperimendis leidmaks keele\u00f5ppe, s\u00f6\u00f6misk\u00e4itumise ja nutiseadmete kasutamisega seotud t\u00e4helepanueelse infot\u00f6\u00f6tluse ise\u00e4rasusi. Projekti tulemused on edasiarendamisel kasutatavad hariduse ja terviseedenduse vallas sekkumiste v\u00e4ljat\u00f6\u00f6tamiseks ja nende edukuse j\u00e4lgimiseks.\n<p>Projekti kohta leiad rohkem infot\u00a0Eesti Teadusinfos\u00fcsteemist:\u00a0\u201c<a title=\"\" href=\"https:\/\/www.etis.ee\/Portal\/Projects\/Display\/bd3e8424-63ba-405d-92fd-8d48ab36c456\" target=\"_blank\" rel=\"noopener\" data-url=\"https:\/\/www.etis.ee\/Portal\/Projects\/Display\/bd3e8424-63ba-405d-92fd-8d48ab36c456\"><span style=\"color: #428bca;\">T\u00e4helepanueelne informatsioonit\u00f6\u00f6tlus ajus: seosed seisundite, p\u00fcsitunnuste ja k\u00e4itumisega<\/span><\/a>\u201c.<\/p><\/div>\n        <\/div>\n        <\/div>\n    <\/div>\n\n\n\n<div><\/div>\n\n\n<p><\/p><div class=\"accordion mb-3\">\n        <div class=\"accordion-item accordion-item--white\">\n        <h2 class=\"accordion-header\" id=\"accordion-69d50b59b9065-heading\">\n            <button class=\"accordion-button collapsed\" type=\"button\" data-bs-toggle=\"collapse\" data-bs-target=\"#accordion-69d50b59b9065-collapse\" aria-expanded=\"true\" aria-controls=\"accordion-69d50b59b9065-collapse\"><span style=\"font-size: 18px;\">Teema: <strong>Keskkond ja vaimne tervis (H2020 projekt \u201ceMOTIONAL Cities\u201d, 01.03.2021-28.02.2025)<\/strong><\/span><\/button>\n        <\/h2>\n        <div id=\"accordion-69d50b59b9065-collapse\" class=\"accordion-collapse collapse\" aria-labelledby=\"accordion-69d50b59b9065-heading\">\n            <div class=\"accordion-body\">Tegemist on t\u00f6\u00f6ga \u00a0H2020 projekti\u00a0<a title=\"\" href=\"https:\/\/www.etis.ee\/Portal\/Projects\/Display\/bfae28ff-ffc4-4c7a-b0a6-65f4cb70a1e4\" target=\"_blank\" rel=\"noopener\" data-url=\"https:\/\/www.etis.ee\/Portal\/Projects\/Display\/bfae28ff-ffc4-4c7a-b0a6-65f4cb70a1e4\">MSVPH21165R (945307) \u201cLiigutavad linnad \u2013 linnade kaardistamine kasutajate meelte kaudu\u201d (1.03.2021\u221228.02.2025<\/a>, <a title=\"\" href=\"https:\/\/emotionalcities-h2020.eu\/\" target=\"_blank\" rel=\"noopener\" data-url=\"https:\/\/emotionalcities-h2020.eu\/\"><span style=\"color: #428bca;\">Homepage \u2013 eMOTIONAL Cities<\/span> (emotionalcities-h2020.eu))<\/a> raames.Kuna maailm on urbaniseerumas ja tuleviku linnad peavad olema inimkesksed, on poliitika seisukohalt kriitilise t\u00e4htsusega tugevad t\u00f5endusp\u00f5hised teadmised aluseks olevate bioloogiliste ja ps\u00fchholoogiliste protsesside kohta, mille abil linnaplaneerimine ja disain m\u00f5jutavad aju ringlusi ja inimeste k\u00e4itumist. Emotsioonid on meie otsuste v\u00f5tmeajendid; samamoodi on meie valikud meie heaolu ja tervise m\u00f5jutajad. Seega, uuringud, mis keskenduvad emotsioonide ja otsuste eest vastutavate neurobioloogiliste signaalide uurimisele samal ajal kui inimesed suhtlevad linnakeskkonnaga valgustavad, kuidas parandada elanikkonna tervist, f\u00fc\u00fcsilist ja \/ v\u00f5i vaimset seisundit. Projekt eMOTIONAL Cities loodi iseloomustama linna terviseprobleemide ja ebav\u00f5rdsuse intensiivsust ja keerukust. Uurides selle mehhanisme ja nende d\u00fcnaamikat eksperimentaalselt, t\u00e4iendab see tavap\u00e4raseid kirjeldavaid vaatenurki, mis on suunatud kokkupuute ja tulemuse seostele. Selles v\u00f5etakse kasutusele s\u00fcsteemne l\u00e4henemisviis, mis p\u00f5hineb loomulikus keskkonnas tehtud katsetel ja juhtumiuuringutel (Kopenhaagen, Lissabon, London; ja Lansing \/ Detroit USA-s). Teoreetilistele alustele tuginedes luuakse uudne eMOTIONAL linna kaardistamine, kombineerides sotsiaal- \/ terviseandmete ruumianal\u00fc\u00fcsi neuroteaduste katsetega.\n<p>Meie uuring tugineb kvalitatiivsetele \/ kvantitatiivsetele meetoditele ja kasutab linnadevahelise planeerimise ja disaini (maakasutus, transport, kliima ja tervis), neuroteaduste (fMRI, EEG) ning andmeteaduse ja tehnoloogia (tehisintellekt, suurandmed ja VR\/AR reaalsus) v\u00f5imalusi. Anal\u00fc\u00fcs k\u00e4sitleb ka soolisi aspekte ja kaalub kliinilist uuringut, mis n\u00e4itaks, et linnakujundus v\u00f5ib m\u00f5jutada haavatavat eakat elanikkonda, kellel on oht dementsuse tekkeks. L\u00f5puks v\u00f5imaldab uus masin\u00f5ppe stsenaariumide raamistik linnapoliitika strateegiate testimist ja m\u00f5ju hindamist, et muuta ELi linnad arukaks, j\u00e4tkusuutlikuks ja kaasavaks keskkonnaks. EMOTIONAL Cities on osa Euroopa linnatervise klastrist.<\/p><\/div>\n        <\/div>\n        <\/div>\n    <\/div>\n\n\n<div class=\"accordion-block mb-3\">\n\t\t<div class=\"accordion \" id=\"accordion-accordion-69d50b59b6501\">\n\t\t\t\t\t\t\t<div class=\"accordion-item accordion-item--white\">\n\t\t\t\t\t<h2 class=\"accordion-header\" id=\"accordion-69d50b59b6501-heading-1\">\n\t\t\t\t\t\t<button class=\"accordion-button collapsed\" type=\"button\" data-bs-toggle=\"collapse\" data-bs-target=\"#accordion-69d50b59b6501-collapse-1\" aria-expanded=\"true\" aria-controls=\"accordion-69d50b59b6501-collapse-1\">\n\t\t\t\t\t\t\tTeema: T\u00e4helepanematuse pimedus ja arvukuse taju\n\t\t\t\t\t\t<\/button>\n\t\t\t\t\t<\/h2>\n\t\t\t\t\t<div id=\"accordion-69d50b59b6501-collapse-1\" class=\"accordion-collapse collapse \" aria-labelledby=\"accordion-69d50b59b6501-heading-1\">\n\t\t\t\t\t\t<div class=\"accordion-body\">\n\t\t\t\t\t\t\t<p><\/p><div class=\"ratio ratio-16x9 mb-3\"><div class=\"video-placeholder-wrapper video-placeholder-wrapper--16x9\">\n\t\t\t    <div class=\"video-placeholder d-flex justify-content-center align-items-center\">\n\t\t\t        <div class=\"overlay text-white p-2 w-100 text-center d-block justify-content-center align-items-center\">\n\t\t\t            <div>Kolmandate osapoolte sisu n\u00e4gemiseks palun n\u00f5ustu k\u00fcpsistega.<\/div>\n\t\t\t            <button class=\"btn btn-secondary btn-sm mt-1 consent-change\">Muuda n\u00f5usolekut<\/button>\n\t\t\t        <\/div>\n\t\t\t    <\/div>\n\t\t\t<\/div>\n<\/div><br>\n<div class=\"ratio ratio-16x9 mb-3\"><div class=\"video-placeholder-wrapper video-placeholder-wrapper--16x9\">\n\t\t\t    <div class=\"video-placeholder d-flex justify-content-center align-items-center\">\n\t\t\t        <div class=\"overlay text-white p-2 w-100 text-center d-block justify-content-center align-items-center\">\n\t\t\t            <div>Kolmandate osapoolte sisu n\u00e4gemiseks palun n\u00f5ustu k\u00fcpsistega.<\/div>\n\t\t\t            <button class=\"btn btn-secondary btn-sm mt-1 consent-change\">Muuda n\u00f5usolekut<\/button>\n\t\t\t        <\/div>\n\t\t\t    <\/div>\n\t\t\t<\/div>\n<\/div>\n\n\t\t\t\t\t\t<\/div>\n\t\t\t\t\t<\/div>\n\t\t\t\t<\/div>\n\t\t\t\t\t<\/div>\n\t<\/div>\n\n\n\n<div style=\"height:100px\" aria-hidden=\"true\" class=\"wp-block-spacer\"><\/div>\n\n\n\n<div class=\"wp-block-buttons is-vertical is-content-justification-right is-layout-flex wp-container-core-buttons-is-layout-07decfea wp-block-buttons-is-layout-flex\">\n<div class=\"wp-block-button is-style-outline is-style-outline--1\"><a class=\"wp-block-button__link has-large-font-size has-custom-font-size wp-element-button\" href=\"https:\/\/sisu.ut.ee\/abc\/publikatsioonid\/\">Publikatsioonid<\/a><\/div>\n\n\n\n<div class=\"wp-block-button is-style-outline is-style-outline--2\"><a class=\"wp-block-button__link has-large-font-size has-custom-font-size wp-element-button\" href=\"https:\/\/sisu.ut.ee\/abc\/meetodid-ja-vahendid\/\">Meetodid ja vahendid<\/a><\/div>\n<\/div>\n","protected":false},"excerpt":{"rendered":"","protected":false},"author":282,"featured_media":0,"parent":0,"menu_order":0,"comment_status":"closed","ping_status":"closed","template":"","meta":{"_acf_changed":false,"inline_featured_image":false,"footnotes":""},"class_list":["post-21","page","type-page","status-publish","hentry"],"acf":[],"_links":{"self":[{"href":"https:\/\/sisu.ut.ee\/abc\/wp-json\/wp\/v2\/pages\/21","targetHints":{"allow":["GET"]}}],"collection":[{"href":"https:\/\/sisu.ut.ee\/abc\/wp-json\/wp\/v2\/pages"}],"about":[{"href":"https:\/\/sisu.ut.ee\/abc\/wp-json\/wp\/v2\/types\/page"}],"author":[{"embeddable":true,"href":"https:\/\/sisu.ut.ee\/abc\/wp-json\/wp\/v2\/users\/282"}],"replies":[{"embeddable":true,"href":"https:\/\/sisu.ut.ee\/abc\/wp-json\/wp\/v2\/comments?post=21"}],"version-history":[{"count":16,"href":"https:\/\/sisu.ut.ee\/abc\/wp-json\/wp\/v2\/pages\/21\/revisions"}],"predecessor-version":[{"id":1168,"href":"https:\/\/sisu.ut.ee\/abc\/wp-json\/wp\/v2\/pages\/21\/revisions\/1168"}],"wp:attachment":[{"href":"https:\/\/sisu.ut.ee\/abc\/wp-json\/wp\/v2\/media?parent=21"}],"curies":[{"name":"wp","href":"https:\/\/api.w.org\/{rel}","templated":true}]}}