{"id":194,"date":"2024-04-15T15:49:10","date_gmt":"2024-04-15T12:49:10","guid":{"rendered":"https:\/\/sisu.ut.ee\/abc\/?page_id=194"},"modified":"2024-08-23T11:27:14","modified_gmt":"2024-08-23T08:27:14","slug":"avaleht","status":"publish","type":"page","link":"https:\/\/sisu.ut.ee\/abc\/","title":{"rendered":"Avaleht"},"content":{"rendered":"<h1 class=\"wp-block-heading has-primary-color has-text-color has-link-color wp-elements-45bd56b7009402017363ff2a06822f85\">Tere tulemast meie uurimisr\u00fchma\u00a0kodulehele<\/h1>\n\n\n\n<p class=\"has-primary-color has-text-color has-link-color has-large-font-size wp-elements-49f947ab601122b8cdab1a44dbdc1bc4\">Meid huvitavad inimese k\u00e4itumise, tunnete ja otsuste taga olevad kognitiivsed protsessid ning nende ajumehhanismid.\u00a0Praegu uurime\u00a0Eesti teadusagentuuri r\u00fchmagrandi (PRG1151) toel, kuidas t\u00e4helepanueelne\u00a0t\u00f6\u00f6tlus seostub\u00a0inimese stabiilsete omaduste ja l\u00fchiajaliselt esile kutsutud seisunditega ning kuiv\u00f5rd see on \u00fcldine v\u00f5i spetsiifiline.<\/p>\n\n\n\n<figure class=\"wp-block-image aligncenter size-large is-resized\"><img loading=\"lazy\" decoding=\"async\" width=\"591\" height=\"1024\" src=\"https:\/\/sisu.ut.ee\/wp-content\/uploads\/sites\/561\/est_poster_abc-591x1024.png\" alt=\"Pilt\" class=\"wp-image-107\" style=\"width:591px;height:auto\" srcset=\"https:\/\/sisu.ut.ee\/wp-content\/uploads\/sites\/561\/est_poster_abc-591x1024.png 591w, https:\/\/sisu.ut.ee\/wp-content\/uploads\/sites\/561\/est_poster_abc-173x300.png 173w, https:\/\/sisu.ut.ee\/wp-content\/uploads\/sites\/561\/est_poster_abc-768x1331.png 768w, https:\/\/sisu.ut.ee\/wp-content\/uploads\/sites\/561\/est_poster_abc-887x1536.png 887w, https:\/\/sisu.ut.ee\/wp-content\/uploads\/sites\/561\/est_poster_abc-1182x2048.png 1182w, https:\/\/sisu.ut.ee\/wp-content\/uploads\/sites\/561\/est_poster_abc.png 1440w\" sizes=\"auto, (max-width: 591px) 100vw, 591px\"><\/figure>\n\n\n\n<div style=\"height:75px\" aria-hidden=\"true\" class=\"wp-block-spacer\"><\/div>\n\n\n\n<div class=\"wp-block-buttons is-horizontal is-content-justification-right is-layout-flex wp-container-core-buttons-is-layout-ae2fe186 wp-block-buttons-is-layout-flex\"><\/div>\n\n\n\n<h5 class=\"wp-block-heading has-primary-color has-text-color has-link-color wp-elements-40fab901e105118d27a1a6f6606bcba6\" style=\"padding-top:var(--wp--preset--spacing--30);padding-right:var(--wp--preset--spacing--20);padding-bottom:var(--wp--preset--spacing--30);padding-left:var(--wp--preset--spacing--20);text-transform:none\">Vaata videot meie uurimisr\u00fchma tegemistest:<\/h5>\n\n\n\n<figure class=\"wp-block-embed aligncenter is-type-video is-provider-youtube wp-block-embed-youtube wp-embed-aspect-16-9 wp-has-aspect-ratio\"><div class=\"wp-block-embed__wrapper\">\n<div class=\"ratio ratio-16x9 mb-3\"><div class=\"video-placeholder-wrapper video-placeholder-wrapper--16x9\">\n\t\t\t    <div class=\"video-placeholder d-flex justify-content-center align-items-center\">\n\t\t\t        <div class=\"overlay text-white p-2 w-100 text-center d-block justify-content-center align-items-center\">\n\t\t\t            <div>Kolmandate osapoolte sisu n\u00e4gemiseks palun n\u00f5ustu k\u00fcpsistega.<\/div>\n\t\t\t            <button class=\"btn btn-secondary btn-sm mt-1 consent-change\">Muuda n\u00f5usolekut<\/button>\n\t\t\t        <\/div>\n\t\t\t    <\/div>\n\t\t\t<\/div>\n<\/div>\n<\/div><\/figure>\n","protected":false},"excerpt":{"rendered":"<p>Tere tulemast meie uurimisr\u00fchma\u00a0kodulehele Meid huvitavad inimese k\u00e4itumise, tunnete ja otsuste taga olevad kognitiivsed protsessid ning nende ajumehhanismid.\u00a0Praegu uurime\u00a0Eesti teadusagentuuri r\u00fchmagrandi (PRG1151) toel, kuidas t\u00e4helepanueelne\u00a0t\u00f6\u00f6tlus seostub\u00a0inimese stabiilsete omaduste ja l\u00fchiajaliselt esile kutsutud seisunditega ning kuiv\u00f5rd see on \u00fcldine v\u00f5i spetsiifiline. &#8230;<\/p>\n","protected":false},"author":6,"featured_media":0,"parent":0,"menu_order":0,"comment_status":"closed","ping_status":"closed","template":"","meta":{"_acf_changed":false,"inline_featured_image":false,"footnotes":""},"class_list":["post-194","page","type-page","status-publish","hentry"],"acf":[],"_links":{"self":[{"href":"https:\/\/sisu.ut.ee\/abc\/wp-json\/wp\/v2\/pages\/194","targetHints":{"allow":["GET"]}}],"collection":[{"href":"https:\/\/sisu.ut.ee\/abc\/wp-json\/wp\/v2\/pages"}],"about":[{"href":"https:\/\/sisu.ut.ee\/abc\/wp-json\/wp\/v2\/types\/page"}],"author":[{"embeddable":true,"href":"https:\/\/sisu.ut.ee\/abc\/wp-json\/wp\/v2\/users\/6"}],"replies":[{"embeddable":true,"href":"https:\/\/sisu.ut.ee\/abc\/wp-json\/wp\/v2\/comments?post=194"}],"version-history":[{"count":30,"href":"https:\/\/sisu.ut.ee\/abc\/wp-json\/wp\/v2\/pages\/194\/revisions"}],"predecessor-version":[{"id":708,"href":"https:\/\/sisu.ut.ee\/abc\/wp-json\/wp\/v2\/pages\/194\/revisions\/708"}],"wp:attachment":[{"href":"https:\/\/sisu.ut.ee\/abc\/wp-json\/wp\/v2\/media?parent=194"}],"curies":[{"name":"wp","href":"https:\/\/api.w.org\/{rel}","templated":true}]}}