{"id":16,"date":"2024-04-04T05:04:02","date_gmt":"2024-04-04T05:04:02","guid":{"rendered":"https:\/\/sisu.ut.ee\/abc\/kaastootajad\/"},"modified":"2025-12-02T11:27:54","modified_gmt":"2025-12-02T09:27:54","slug":"kaastootajad","status":"publish","type":"page","link":"https:\/\/sisu.ut.ee\/abc\/kaastootajad\/","title":{"rendered":"Kaast\u00f6\u00f6tajad ja koost\u00f6\u00f6partnerid"},"content":{"rendered":"<div class=\"person-card border rounded p-2 pb-4 mb-4\">\n\t<div class=\"d-flex \">\n\t\t\t\t\t<img loading=\"lazy\" decoding=\"async\" width=\"150\" height=\"150\" src=\"https:\/\/sisu.ut.ee\/wp-content\/uploads\/sites\/561\/piia_a-150x150.jpeg\" class=\"flex-shrink-0 object-fit-cover person-card__image img-fluid rounded mb-2 me-2\" alt=\"Pilt\" srcset=\"https:\/\/sisu.ut.ee\/wp-content\/uploads\/sites\/561\/piia_a-150x150.jpeg 150w, https:\/\/sisu.ut.ee\/wp-content\/uploads\/sites\/561\/piia_a-300x300.jpeg 300w, https:\/\/sisu.ut.ee\/wp-content\/uploads\/sites\/561\/piia_a.jpeg 320w\" sizes=\"auto, (max-width: 150px) 100vw, 150px\">\n\t\t\t\t<div class=\"person-card__info\">\n\t\t\t\t\t\t\t<h3 class=\"h4 mb-2\">Piia Astikainen, PhD<\/h3>\n\t\t\t\t\t\t\t\t\t\t<div class=\"mb-2\">\n\t\t\t\t\t<p>Kognitiivse neuroteaduse professor Jyv\u00e4skyl\u00e4 \u00dclikoolis, Active Mind r\u00fchma juht<\/p>\n<p>Active Mind Lab\u2019is uuritakse, kuidas \u00f5ppimine ja sekkumised muudavad taju, emotsioonide ja aju funktsioneerimist. Neil on kaks p\u00f5hifookust: 1) keeletaju ja auditiivne \u00f5ppimine, 2) infot\u00f6\u00f6tlus depressiooni ja vananemise tingimustes. R\u00fchma eesm\u00e4rk on koguda teadmisi, mis aitaksid edendada \u00f5ppimist, vaimset tervist ja tervislikku vananemist \u2013 seda sihti peegeldab ka r\u00fchma nimi.  <a href=\"https:\/\/scholar.google.com\/citations?user=KzpGM10AAAAJ&amp;hl=en&amp;oi=ao\" title=\"GoogleScholar\" target=\"_blank\">GoogleScholar<\/a><\/p>\n\n\t\t\t\t<\/div>\n\t\t\t\t\t\t\t\t\t\t\t\t\t\t<\/div>\n\t<\/div>\n\t<\/div>\n\n\n<div class=\"person-card border rounded p-2 pb-4 mb-4\">\n\t<div class=\"d-flex \">\n\t\t\t\t<div class=\"person-card__info\">\n\t\t\t\t\t\t\t<h3 class=\"h4 mb-2\">Anto Aasa, PhD<\/h3>\n\t\t\t\t\t\t\t\t\t\t<div class=\"mb-2\">\n\t\t\t\t\t<p><a href=\"https:\/\/www.etis.ee\/CV\/Anto_Aasa\/\" title=\"ETIS\" target=\"_blank\">ETIS<\/a> \/ <a href=\"https:\/\/scholar.google.com\/citations?user=r0_5mcEAAAAJ&amp;hl=en\" title=\"GoogleScholar\" target=\"_blank\">GoogleScholar<\/a><\/p>\n\n\t\t\t\t<\/div>\n\t\t\t\t\t\t\t\t\t\t\t\t\t\t<\/div>\n\t<\/div>\n\t<\/div>\n\n\n<div class=\"person-card border rounded p-2 pb-4 mb-4\">\n\t<div class=\"d-flex \">\n\t\t\t\t<div class=\"person-card__info\">\n\t\t\t\t\t\t\t<h3 class=\"h4 mb-2\">Kadri Leetmaa, PhD<\/h3>\n\t\t\t\t\t\t\t\t\t\t<div class=\"mb-2\">\n\t\t\t\t\t<p><a href=\"https:\/\/www.etis.ee\/CV\/Kadri_Leetmaa\/\" title=\"ETIS\" target=\"_blank\">ETIS<\/a> \/ <a href=\"https:\/\/scholar.google.com\/citations?hl=en&amp;user=2PKhNVEAAAAJ\" title=\"GoogleScholar\" target=\"_blank\">GoogleScholar<\/a><\/p>\n\n\t\t\t\t<\/div>\n\t\t\t\t\t\t\t\t\t\t\t\t\t\t<\/div>\n\t<\/div>\n\t<\/div>\n\n\n<div class=\"person-card border rounded p-2 pb-4 mb-4\">\n\t<div class=\"d-flex \">\n\t\t\t\t<div class=\"person-card__info\">\n\t\t\t\t\t\t\t<h3 class=\"h4 mb-2\">Mairi M\u00e4nnamaa, PhD<\/h3>\n\t\t\t\t\t\t\t\t\t\t<div class=\"mb-2\">\n\t\t\t\t\t<p><a href=\"https:\/\/www.etis.ee\/CV\/Mairi_M%C3%A4nnamaa\/\" title=\"ETIS\" target=\"_blank\">ETIS<\/a> \/ <a href=\"https:\/\/scholar.google.com\/citations?user=YG1Rmg0AAAAJ&amp;hl=en\" title=\"GoogleScholar\" target=\"_blank\">GoogleScholar<\/a><\/p>\n\n\t\t\t\t<\/div>\n\t\t\t\t\t\t\t\t\t\t\t\t\t\t<\/div>\n\t<\/div>\n\t<\/div>\n\n\n<div class=\"person-card border rounded p-2 pb-4 mb-4\">\n\t<div class=\"d-flex \">\n\t\t\t\t\t<img loading=\"lazy\" decoding=\"async\" width=\"150\" height=\"150\" src=\"https:\/\/sisu.ut.ee\/wp-content\/uploads\/sites\/561\/marika_p_ruut_511px-150x150.jpg\" class=\"flex-shrink-0 object-fit-cover person-card__image img-fluid rounded mb-2 me-2\" alt=\"Pilt\" srcset=\"https:\/\/sisu.ut.ee\/wp-content\/uploads\/sites\/561\/marika_p_ruut_511px-150x150.jpg 150w, https:\/\/sisu.ut.ee\/wp-content\/uploads\/sites\/561\/marika_p_ruut_511px-300x300.jpg 300w, https:\/\/sisu.ut.ee\/wp-content\/uploads\/sites\/561\/marika_p_ruut_511px.jpg 511w\" sizes=\"auto, (max-width: 150px) 100vw, 150px\">\n\t\t\t\t<div class=\"person-card__info\">\n\t\t\t\t\t\t\t<h3 class=\"h4 mb-2\">Marika Padrik, PhD<\/h3>\n\t\t\t\t\t\t\t\t\t\t<div class=\"mb-2\">\n\t\t\t\t\t<p><a href=\"https:\/\/www.etis.ee\/CV\/Marika_Padrik\/\" title=\"ETIS\" target=\"_blank\">ETIS<\/a><\/p>\n\n\t\t\t\t<\/div>\n\t\t\t\t\t\t\t\t\t\t\t\t\t\t<\/div>\n\t<\/div>\n\t<\/div>\n\n\n<div class=\"person-card border rounded p-2 pb-4 mb-4\">\n\t<div class=\"d-flex \">\n\t\t\t\t<div class=\"person-card__info\">\n\t\t\t\t\t\t\t<h3 class=\"h4 mb-2\">Hedvig Sultson, PhD<\/h3>\n\t\t\t\t\t\t\t\t\t\t<div class=\"mb-2\">\n\t\t\t\t\t<p><a href=\"https:\/\/www.etis.ee\/CV\/Hedvig_Sultson\/est\" title=\"ETIS\" target=\"_blank\">ETIS<\/a> \/ <a href=\"https:\/\/scholar.google.com\/citations?hl=en&amp;user=0ltPldoAAAAJ\" title=\"GoogleScholar\" target=\"_blank\">GoogleScholar<\/a><\/p>\n\n\t\t\t\t<\/div>\n\t\t\t\t\t\t\t\t\t\t\t\t\t\t<\/div>\n\t<\/div>\n\t<\/div>\n\n\n<div class=\"person-card border rounded p-2 pb-4 mb-4\">\n\t<div class=\"d-flex \">\n\t\t\t\t<div class=\"person-card__info\">\n\t\t\t\t\t\t\t<h3 class=\"h4 mb-2\">Ulvi Vaher, PhD<\/h3>\n\t\t\t\t\t\t\t\t\t\t<div class=\"mb-2\">\n\t\t\t\t\t<p><a href=\"https:\/\/www.etis.ee\/CV\/Ulvi_Vaher\/\" title=\"ETIS\" target=\"_blank\">ETIS<\/a><\/p>\n\n\t\t\t\t<\/div>\n\t\t\t\t\t\t\t\t\t\t\t\t\t\t<\/div>\n\t<\/div>\n\t<\/div>\n\n\n<div class=\"person-card border rounded p-2 pb-4 mb-4\">\n\t<div class=\"d-flex \">\n\t\t\t\t\t<img loading=\"lazy\" decoding=\"async\" width=\"150\" height=\"150\" src=\"https:\/\/sisu.ut.ee\/wp-content\/uploads\/sites\/561\/siqi_ruut_512px-150x150.jpg\" class=\"flex-shrink-0 object-fit-cover person-card__image img-fluid rounded mb-2 me-2\" alt=\"pilt\" srcset=\"https:\/\/sisu.ut.ee\/wp-content\/uploads\/sites\/561\/siqi_ruut_512px-150x150.jpg 150w, https:\/\/sisu.ut.ee\/wp-content\/uploads\/sites\/561\/siqi_ruut_512px-300x300.jpg 300w, https:\/\/sisu.ut.ee\/wp-content\/uploads\/sites\/561\/siqi_ruut_512px.jpg 511w\" sizes=\"auto, (max-width: 150px) 100vw, 150px\">\n\t\t\t\t<div class=\"person-card__info\">\n\t\t\t\t\t\t\t<h3 class=\"h4 mb-2\">Siqi Lyu, PhD<\/h3>\n\t\t\t\t\t\t\t\t\t\t<div class=\"mb-2\">\n\t\t\t\t\t<p>T\u00dc eksperimentaalps\u00fchholoogia teadur<\/p>\n\n\t\t\t\t<\/div>\n\t\t\t\t\t\t\t\t\t\t\t\t\t\t\t\t<a href=\"mailto:siqi.lyu@ut.ee\" class=\"mb-0\">siqi.lyu@ut.ee<\/a>\n\t\t\t\t\t<\/div>\n\t<\/div>\n\t\t\t<div class=\"person-card__description mt-2\">\n\t\t\t<p>Siqi t\u00f6\u00f6tab keelega seotud teemadega. N\u00e4iteks uurib ta, kuidas eesti ja hiina emakeelega inimesed tajuvad keelespetsiifilisi ja mitte keelespetsiifilisi stiimuleid, kuidas muusikakogemus m\u00f5jutab keelet\u00f6\u00f6tlust jne. <a href=\"https:\/\/www.etis.ee\/CV\/Siqi_Lyu\" title=\"ETIS\" target=\"_blank\">ETIS<\/a> \/ <a href=\"https:\/\/scholar.google.com\/citations?user=hHEcddIAAAAJ&amp;hl=en&amp;oi=ao\" title=\"GoogleScholar\" target=\"_blank\">GoogleScholar<\/a><\/p>\n\n\t\t<\/div>\n\t<\/div>\n\n\n<div class=\"person-card border rounded p-2 pb-4 mb-4\">\n\t<div class=\"d-flex \">\n\t\t\t\t<div class=\"person-card__info\">\n\t\t\t\t\t\t\t<h3 class=\"h4 mb-2\">Maie Bachmann, PhD<\/h3>\n\t\t\t\t\t\t\t\t\t\t<div class=\"mb-2\">\n\t\t\t\t\t<p>kaasprofessor tenuuris, biosignaalide t\u00f6\u00f6tluse labori juhataja Tallinna Tehnika\u00fclikoois<\/p>\n\n\t\t\t\t<\/div>\n\t\t\t\t\t\t\t\t\t\t\t\t\t\t<\/div>\n\t<\/div>\n\t\t\t<div class=\"person-card__description mt-2\">\n\t\t\t<p><a href=\"https:\/\/www.etis.ee\/CV\/Maie_Bachmann\/est\" title=\"ETIS\" target=\"_blank\">ETIS<\/a> <\/p>\n\n\t\t<\/div>\n\t<\/div>\n\n\n<div class=\"person-card border rounded p-2 pb-4 mb-4\">\n\t<div class=\"d-flex \">\n\t\t\t\t\t<img loading=\"lazy\" decoding=\"async\" width=\"150\" height=\"150\" src=\"https:\/\/sisu.ut.ee\/wp-content\/uploads\/sites\/561\/eriksamuel_ruut_512px-150x150.jpg\" class=\"flex-shrink-0 object-fit-cover person-card__image img-fluid rounded mb-2 me-2\" alt=\"Pilt\" srcset=\"https:\/\/sisu.ut.ee\/wp-content\/uploads\/sites\/561\/eriksamuel_ruut_512px-150x150.jpg 150w, https:\/\/sisu.ut.ee\/wp-content\/uploads\/sites\/561\/eriksamuel_ruut_512px-300x300.jpg 300w, https:\/\/sisu.ut.ee\/wp-content\/uploads\/sites\/561\/eriksamuel_ruut_512px.jpg 512w\" sizes=\"auto, (max-width: 150px) 100vw, 150px\">\n\t\t\t\t<div class=\"person-card__info\">\n\t\t\t\t\t\t\t<h3 class=\"h4 mb-2\">Erik Samuel Nickel, MSc<\/h3>\n\t\t\t\t\t\t\t\t\t\t<div class=\"mb-2\">\n\t\t\t\t\t<p>Master of Science in Cognitive Science, Universit\u00e4t Osnabr\u00fcck, Universit\u00e0 degli Studi di Trento<\/p>\n\n\t\t\t\t<\/div>\n\t\t\t\t\t\t\t\t\t\t\t\t\t\t<\/div>\n\t<\/div>\n\t<\/div>\n\n\n<div class=\"person-card border rounded p-2 pb-4 mb-4\">\n\t<div class=\"d-flex \">\n\t\t\t\t\t<img loading=\"lazy\" decoding=\"async\" width=\"150\" height=\"150\" src=\"https:\/\/sisu.ut.ee\/wp-content\/uploads\/sites\/561\/madli_ruut_551px-150x150.jpg\" class=\"flex-shrink-0 object-fit-cover person-card__image img-fluid rounded mb-2 me-2\" alt=\"pilt\" srcset=\"https:\/\/sisu.ut.ee\/wp-content\/uploads\/sites\/561\/madli_ruut_551px-150x150.jpg 150w, https:\/\/sisu.ut.ee\/wp-content\/uploads\/sites\/561\/madli_ruut_551px-300x300.jpg 300w, https:\/\/sisu.ut.ee\/wp-content\/uploads\/sites\/561\/madli_ruut_551px.jpg 512w\" sizes=\"auto, (max-width: 150px) 100vw, 150px\">\n\t\t\t\t<div class=\"person-card__info\">\n\t\t\t\t\t\t\t<h3 class=\"h4 mb-2\">Madli Kuus, MA<\/h3>\n\t\t\t\t\t\t\t\t\t\t\t\t\t\t\t\t\t<\/div>\n\t<\/div>\n\t\t\t<div class=\"person-card__description mt-2\">\n\t\t\t<p>Madli kirjutas magistrit\u00f6\u00f6 lahknevusnegatiivsuse seostest isiksuse, \u00e4revuse ja depressiooniga.<\/p>\n\n\t\t<\/div>\n\t<\/div>\n\n\n<div class=\"person-card border rounded p-2 pb-4 mb-4\">\n\t<div class=\"d-flex \">\n\t\t\t\t\t<img loading=\"lazy\" decoding=\"async\" width=\"150\" height=\"150\" src=\"https:\/\/sisu.ut.ee\/wp-content\/uploads\/sites\/561\/jaokb_ruut_551px-150x150.jpg\" class=\"flex-shrink-0 object-fit-cover person-card__image img-fluid rounded mb-2 me-2\" alt=\"pilt\" srcset=\"https:\/\/sisu.ut.ee\/wp-content\/uploads\/sites\/561\/jaokb_ruut_551px-150x150.jpg 150w, https:\/\/sisu.ut.ee\/wp-content\/uploads\/sites\/561\/jaokb_ruut_551px-300x300.jpg 300w, https:\/\/sisu.ut.ee\/wp-content\/uploads\/sites\/561\/jaokb_ruut_551px.jpg 511w\" sizes=\"auto, (max-width: 150px) 100vw, 150px\">\n\t\t\t\t<div class=\"person-card__info\">\n\t\t\t\t\t\t\t<h3 class=\"h4 mb-2\">Jakob Saare, MA<\/h3>\n\t\t\t\t\t\t\t\t\t\t\t\t\t\t\t\t\t<\/div>\n\t<\/div>\n\t\t\t<div class=\"person-card__description mt-2\">\n\t\t\t<p>Jakob kirjutas magistrit\u00f6\u00f6 nutiseadmete kasutamise m\u00f5just eelt\u00e4helepanulisele infot\u00f6\u00f6tlusele.<\/p>\n\n\t\t<\/div>\n\t<\/div>\n\n\n<div class=\"person-card border rounded p-2 pb-4 mb-4\">\n\t<div class=\"d-flex \">\n\t\t\t\t\t<img loading=\"lazy\" decoding=\"async\" width=\"150\" height=\"150\" src=\"https:\/\/sisu.ut.ee\/wp-content\/uploads\/sites\/561\/lisett_ruut_551px-150x150.jpg\" class=\"flex-shrink-0 object-fit-cover person-card__image img-fluid rounded mb-2 me-2\" alt=\"pilt\" srcset=\"https:\/\/sisu.ut.ee\/wp-content\/uploads\/sites\/561\/lisett_ruut_551px-150x150.jpg 150w, https:\/\/sisu.ut.ee\/wp-content\/uploads\/sites\/561\/lisett_ruut_551px-300x300.jpg 300w, https:\/\/sisu.ut.ee\/wp-content\/uploads\/sites\/561\/lisett_ruut_551px.jpg 511w\" sizes=\"auto, (max-width: 150px) 100vw, 150px\">\n\t\t\t\t<div class=\"person-card__info\">\n\t\t\t\t\t\t\t<h3 class=\"h4 mb-2\">Lisett Pavelson, MA<\/h3>\n\t\t\t\t\t\t\t\t\t\t\t\t\t\t\t\t\t<\/div>\n\t<\/div>\n\t\t\t<div class=\"person-card__description mt-2\">\n\t\t\t<p>Lisett kirjutas magistrit\u00f6\u00f6 nutiseadme kasutamise m\u00f5just kognitiivsetele funktsioonidele.<\/p>\n\n\t\t<\/div>\n\t<\/div>\n\n\n<div class=\"person-card border rounded p-2 pb-4 mb-4\">\n\t<div class=\"d-flex \">\n\t\t\t\t\t<img loading=\"lazy\" decoding=\"async\" width=\"150\" height=\"150\" src=\"https:\/\/sisu.ut.ee\/wp-content\/uploads\/sites\/561\/annika_k_ruut_511px-150x150.jpg\" class=\"flex-shrink-0 object-fit-cover person-card__image img-fluid rounded mb-2 me-2\" alt=\"pilt\" srcset=\"https:\/\/sisu.ut.ee\/wp-content\/uploads\/sites\/561\/annika_k_ruut_511px-150x150.jpg 150w, https:\/\/sisu.ut.ee\/wp-content\/uploads\/sites\/561\/annika_k_ruut_511px-300x300.jpg 300w, https:\/\/sisu.ut.ee\/wp-content\/uploads\/sites\/561\/annika_k_ruut_511px.jpg 512w\" sizes=\"auto, (max-width: 150px) 100vw, 150px\">\n\t\t\t\t<div class=\"person-card__info\">\n\t\t\t\t\t\t\t<h3 class=\"h4 mb-2\">Annika Kask, MA<\/h3>\n\t\t\t\t\t\t\t\t\t\t\t\t\t\t\t\t\t<\/div>\n\t<\/div>\n\t\t\t<div class=\"person-card__description mt-2\">\n\t\t\t<p>Annika uuris grandiga seotult, kas ja kuidas me ajus automaatselt skemaatilisi emotsionaalseid n\u00e4gusid eristame ning millised on selle seosed depressiooni ja \u00e4revusega. <a href=\"https:\/\/www.etis.ee\/CV\/Annika_Kask\/\" title=\"ETIS\" target=\"_blank\">ETIS<\/a><\/p>\n\n\t\t<\/div>\n\t<\/div>\n\n\n\n<div class=\"wp-block-buttons is-layout-flex wp-block-buttons-is-layout-flex\">\n<div class=\"wp-block-button has-custom-width wp-block-button__width-100 is-style-outline is-style-outline--1\"><a class=\"wp-block-button__link has-large-font-size has-custom-font-size wp-element-button\" href=\"https:\/\/sisu.ut.ee\/abc\/inimesed\/\">Uurijad ja doktorandid<\/a><\/div>\n\n\n\n<div class=\"wp-block-button has-custom-width wp-block-button__width-100 is-style-outline is-style-outline--2\"><a class=\"wp-block-button__link has-large-font-size has-custom-font-size wp-element-button\" href=\"https:\/\/sisu.ut.ee\/abc\/tudengid-0\/\">Tudengid<\/a><\/div>\n<\/div>\n","protected":false},"excerpt":{"rendered":"","protected":false},"author":282,"featured_media":0,"parent":0,"menu_order":0,"comment_status":"closed","ping_status":"closed","template":"","meta":{"_acf_changed":false,"inline_featured_image":false,"footnotes":""},"class_list":["post-16","page","type-page","status-publish","hentry"],"acf":[],"_links":{"self":[{"href":"https:\/\/sisu.ut.ee\/abc\/wp-json\/wp\/v2\/pages\/16","targetHints":{"allow":["GET"]}}],"collection":[{"href":"https:\/\/sisu.ut.ee\/abc\/wp-json\/wp\/v2\/pages"}],"about":[{"href":"https:\/\/sisu.ut.ee\/abc\/wp-json\/wp\/v2\/types\/page"}],"author":[{"embeddable":true,"href":"https:\/\/sisu.ut.ee\/abc\/wp-json\/wp\/v2\/users\/282"}],"replies":[{"embeddable":true,"href":"https:\/\/sisu.ut.ee\/abc\/wp-json\/wp\/v2\/comments?post=16"}],"version-history":[{"count":20,"href":"https:\/\/sisu.ut.ee\/abc\/wp-json\/wp\/v2\/pages\/16\/revisions"}],"predecessor-version":[{"id":1178,"href":"https:\/\/sisu.ut.ee\/abc\/wp-json\/wp\/v2\/pages\/16\/revisions\/1178"}],"wp:attachment":[{"href":"https:\/\/sisu.ut.ee\/abc\/wp-json\/wp\/v2\/media?parent=16"}],"curies":[{"name":"wp","href":"https:\/\/api.w.org\/{rel}","templated":true}]}}