{"id":8,"date":"2024-04-03T23:27:13","date_gmt":"2024-04-03T20:27:13","guid":{"rendered":"https:\/\/sisu.ut.ee\/6ppimisttoetavhindamine\/proov\/"},"modified":"2024-09-02T11:41:31","modified_gmt":"2024-09-02T08:41:31","slug":"proov","status":"publish","type":"page","link":"https:\/\/sisu.ut.ee\/6ppimisttoetavhindamine\/proov\/","title":{"rendered":"Erinevatest hindamismeetoditest"},"content":{"rendered":"<p><strong>\u00d5ppimist toetava hindamise puhul kasutatakse hindamismeetodeid selleks, et hinnata \u00f5pilase \u00f5ppimist<\/strong>. Oluline on just edasiminek ja areng, mitte tulemuse demonstreerimine kui selline. Tulemus v\u00f5ib olla \u00fcks indikaator edasiminekust ja arengust (eriti kui seda v\u00f5rrelda algtaseme v\u00f5i eelmise tulemusega).<\/p>\n<p><strong>Kujundav hindamine <\/strong>on<strong> \u00f5ppeprotsessi loomulik <\/strong>ja<strong> lahutamatu osa<\/strong>\u00a0<strong>\u2013 <\/strong>ei saa t\u00f5husalt \u00f5ppida ega \u00f5petada, kui \u00f5pilased ja \u00f5petaja<strong> pidevalt arusaamist ei kontrolli.\u00a0<\/strong><\/p>\n<p><strong>\u00d5ppimist toetav hindamine <\/strong>on nii \u00f5petaja kui ka \u00f5pilaste jaoks<strong>\u00a0huvitav, <\/strong>sest selles kasutatakse<strong> kaasahaaravaid <\/strong>ja<strong> \u00f5ppijate aktiivsust soosivaid meetodeid.<\/strong><\/p>\n<p>\u00d5petaja saab anda \u00f5pilastele aktiivse rolli nii enese- kui kaaslase hindamise n\u00e4ol. \u00d5petaja enda roll ei muutu seet\u00f5ttu passiivsemaks, ent tema aktiivsus on teises kohas. Selle asemel, et k\u00f5ike \u00e4ra \u00f5petada, loob ta lastele aktiivset tegutsemist ja uurimist v\u00f5imaldava \u00f5ppekeskkonna ning annab neile v\u00e4ljakutset pakkuvaid \u00f5ppe\u00fclesandeid. Selle rolli edukaks t\u00e4itmiseks peab ta \u00fchtlasi olema edukas hindaja \u2013\u00a0\u00f5ppijate taseme ja edasimineku p\u00fchendunud j\u00e4lgija ja \u00fclest\u00e4hendaja, motiveerija ja innustaja.<\/p>\n<p>J\u00e4rgnevates videoesitlustes k\u00e4sitleme \u00f5pitulemuste ja hindamismeetodite suhet ning vaatleme erinevaid hindamismeetodeid.<\/p>\n<p><\/p><div class=\"ratio ratio-16x9 mb-3\"><div class=\"video-placeholder-wrapper video-placeholder-wrapper--16x9\">\n\t\t\t    <div class=\"video-placeholder d-flex justify-content-center align-items-center\">\n\t\t\t        <div class=\"overlay text-white p-2 w-100 text-center d-block justify-content-center align-items-center\">\n\t\t\t            <div>Kolmandate osapoolte sisu n\u00e4gemiseks palun n\u00f5ustu k\u00fcpsistega.<\/div>\n\t\t\t            <button class=\"btn btn-secondary btn-sm mt-1 consent-change\">Muuda n\u00f5usolekut<\/button>\n\t\t\t        <\/div>\n\t\t\t    <\/div>\n\t\t\t<\/div>\n<\/div>\n<p><\/p><div class=\"ratio ratio-16x9 mb-3\"><div class=\"video-placeholder-wrapper video-placeholder-wrapper--16x9\">\n\t\t\t    <div class=\"video-placeholder d-flex justify-content-center align-items-center\">\n\t\t\t        <div class=\"overlay text-white p-2 w-100 text-center d-block justify-content-center align-items-center\">\n\t\t\t            <div>Kolmandate osapoolte sisu n\u00e4gemiseks palun n\u00f5ustu k\u00fcpsistega.<\/div>\n\t\t\t            <button class=\"btn btn-secondary btn-sm mt-1 consent-change\">Muuda n\u00f5usolekut<\/button>\n\t\t\t        <\/div>\n\t\t\t    <\/div>\n\t\t\t<\/div>\n<\/div>\n<h4><img loading=\"lazy\" decoding=\"async\" width=\"50\" height=\"46\" class=\"alignnone wp-image-66\" title=\"m6ttemull_v.jpg\" src=\"https:\/\/sisu.ut.ee\/wp-content\/uploads\/sites\/97\/m6ttemull_v.jpg\" alt=\"m6ttemull_v.jpg\">\u00a0\u00a0<span style=\"color: #ff6600;\"><strong>M\u00f5tlemis\u00fclesanne<\/strong><\/span><\/h4>\n<p style=\"padding-left: 60px;\"><span style=\"font-size: 14px;\">Milliseid \u00f5ppevorme olete \u00f5ppet\u00f6\u00f6s kasutanud? Kas olete kasutanud traditsioonilisest erinevaid \u00f5ppevorme (nt projekt\u00f5pe, r\u00fchmat\u00f6\u00f6, klassi\u00fclene \u00f5pe, nooremate juhendamine jms)\u00a0kasutades ka \u00f5pilasi hinnanud? Kui jah, siis milliseid \u00f5nnestumisi ja raskusi olete seejuures kogenud?<\/span><\/p>\n<p><strong>Hindamismeetod on \u00f5pitulemuse teenistuses:\u00a0<\/strong><\/p>\n<ul style=\"list-style-type: disc;\">\n<li>Hindamismeetod hindab eesm\u00e4rgiks seatud (\u00f5ppijatele tutvustatud ja nendega koos s\u00f5nastatud) taotletavat \u00f5pitulemust.<\/li>\n<li>Hindamismeetod ei tohi hinnata \u00fchtegi \u00f5pitulemust, mida pole s\u00f5nastatud.<\/li>\n<li>K\u00f5igi peamiste (ainealaste) p\u00e4devuste arengu kohta peaks koguma tagasisidet, st neid tuleks hinnata, aga mitte igas tunnis v\u00f5i iga t\u00f6\u00f6 puhul. Seda printsiipi\u00a0on oluline silmas pidada pikemas perspektiivis.<\/li>\n<li>Hindamine peab olema koosk\u00f5las \u00f5ppe eesm\u00e4rkidega ning tagasisidet on oluline koguda k\u00f5ikide \u00f5petamise aspektide kohta.<\/li>\n<\/ul>\n<p><\/p><div class=\"accordion mb-3\">\n        <div class=\"accordion-item accordion-item--white\">\n        <h2 class=\"accordion-header\" id=\"accordion-69de364f698ab-heading\">\n            <button class=\"accordion-button collapsed\" type=\"button\" data-bs-toggle=\"collapse\" data-bs-target=\"#accordion-69de364f698ab-collapse\" aria-expanded=\"true\" aria-controls=\"accordion-69de364f698ab-collapse\">P\u00f5him\u00f5tte \u201chinnatakse\u00a0ainult s\u00f5nastatud \u00f5pitulemusi\u201d t\u00e4psustus<\/button>\n        <\/h2>\n        <div id=\"accordion-69de364f698ab-collapse\" class=\"accordion-collapse collapse\" aria-labelledby=\"accordion-69de364f698ab-heading\">\n            <div class=\"accordion-body\">See printsiip kehtib eelk\u00f5ige <strong>numbrilise hindamise<\/strong> puhul \u2013\u00a0ei ole \u00f5pilaste suhtes aus lisada kokkulepitud hindamiskriteeriumitele veel mingi uus, neile seni teadmata aspekt ja selle puudumise eest punkte maha v\u00f5tta.<br>\nJuhul kui kasutate hindamist eelk\u00f5ige <strong>\u00f5ppimist ja arengut toetava tagasisidena<\/strong>, on mitte \u00fcksnes lubatud, vaid ka vajalik tuua \u00f5ppijate t\u00f6\u00f6des\/sooritustes v\u00e4lja ka neid olulisi tunnuseid, mida seekord hindamiskriteeriumites kokku ei lepitud. N\u00e4iteks v\u00f5ib I kooliastme t\u00f6\u00f6s, mille peamine eesm\u00e4rk oli harjutada kirjatehnikat, tunnustada t\u00f6\u00f6le lisatud vaimukat illustratsiooni, r\u00fchmat\u00f6\u00f6 puhul tunnustada kaaslastevahelise konflikti diplomaatilist lahendamist, ehkki see seekord kriteeriumite alla ei kuulunud. <\/div>\n        <\/div>\n        <\/div>\n    <\/div>\n","protected":false},"excerpt":{"rendered":"<p>\u00d5ppimist toetava hindamise puhul kasutatakse hindamismeetodeid selleks, et hinnata \u00f5pilase \u00f5ppimist. Oluline on just edasiminek ja areng, mitte tulemuse demonstreerimine kui selline. Tulemus v\u00f5ib olla \u00fcks indikaator edasiminekust ja arengust (eriti kui seda v\u00f5rrelda algtaseme v\u00f5i eelmise tulemusega). Kujundav hindamine &#8230;<\/p>\n","protected":false},"author":36,"featured_media":0,"parent":0,"menu_order":0,"comment_status":"closed","ping_status":"closed","template":"","meta":{"_acf_changed":false,"inline_featured_image":false,"footnotes":""},"class_list":["post-8","page","type-page","status-publish","hentry"],"acf":[],"_links":{"self":[{"href":"https:\/\/sisu.ut.ee\/6ppimisttoetavhindamine\/wp-json\/wp\/v2\/pages\/8","targetHints":{"allow":["GET"]}}],"collection":[{"href":"https:\/\/sisu.ut.ee\/6ppimisttoetavhindamine\/wp-json\/wp\/v2\/pages"}],"about":[{"href":"https:\/\/sisu.ut.ee\/6ppimisttoetavhindamine\/wp-json\/wp\/v2\/types\/page"}],"author":[{"embeddable":true,"href":"https:\/\/sisu.ut.ee\/6ppimisttoetavhindamine\/wp-json\/wp\/v2\/users\/36"}],"replies":[{"embeddable":true,"href":"https:\/\/sisu.ut.ee\/6ppimisttoetavhindamine\/wp-json\/wp\/v2\/comments?post=8"}],"version-history":[{"count":2,"href":"https:\/\/sisu.ut.ee\/6ppimisttoetavhindamine\/wp-json\/wp\/v2\/pages\/8\/revisions"}],"predecessor-version":[{"id":265,"href":"https:\/\/sisu.ut.ee\/6ppimisttoetavhindamine\/wp-json\/wp\/v2\/pages\/8\/revisions\/265"}],"wp:attachment":[{"href":"https:\/\/sisu.ut.ee\/6ppimisttoetavhindamine\/wp-json\/wp\/v2\/media?parent=8"}],"curies":[{"name":"wp","href":"https:\/\/api.w.org\/{rel}","templated":true}]}}