{"id":7,"date":"2024-04-03T23:27:12","date_gmt":"2024-04-03T20:27:12","guid":{"rendered":"https:\/\/sisu.ut.ee\/6ppimisttoetavhindamine\/paradigmaatiline-muutus\/"},"modified":"2024-04-03T23:27:35","modified_gmt":"2024-04-03T20:27:35","slug":"paradigmaatiline-muutus","status":"publish","type":"page","link":"https:\/\/sisu.ut.ee\/6ppimisttoetavhindamine\/paradigmaatiline-muutus\/","title":{"rendered":"Paradigmaatiline muutus"},"content":{"rendered":"<p><strong>\u00d5ppimist toetav hindamine ei ole lihtsalt v\u00f5te v\u00f5i meetod, mille \u00f5petaja v\u00f5iks oma \u201carsenali\u201d lisada.<\/strong> <br>J\u00e4rgnevas videoesitluses on juttu sellest, miks \u00f5ppimist toetav hindamine on k\u00e4sitletav paradigmaatilise muutusena.<\/p>\n<p><\/p><div class=\"ratio ratio-16x9 mb-3\"><div class=\"video-placeholder-wrapper video-placeholder-wrapper--16x9\">\n\t\t\t    <div class=\"video-placeholder d-flex justify-content-center align-items-center\">\n\t\t\t        <div class=\"overlay text-white p-2 w-100 text-center d-block justify-content-center align-items-center\">\n\t\t\t            <div>Kolmandate osapoolte sisu n\u00e4gemiseks palun n\u00f5ustu k\u00fcpsistega.<\/div>\n\t\t\t            <button class=\"btn btn-secondary btn-sm mt-1 consent-change\">Muuda n\u00f5usolekut<\/button>\n\t\t\t        <\/div>\n\t\t\t    <\/div>\n\t\t\t<\/div>\n<\/div>\n","protected":false},"excerpt":{"rendered":"<p>\u00d5ppimist toetav hindamine ei ole lihtsalt v\u00f5te v\u00f5i meetod, mille \u00f5petaja v\u00f5iks oma \u201carsenali\u201d lisada. J\u00e4rgnevas videoesitluses on juttu sellest, miks \u00f5ppimist toetav hindamine on k\u00e4sitletav paradigmaatilise muutusena. Kolmandate osapoolte sisu n\u00e4gemiseks palun n\u00f5ustu k\u00fcpsistega. Muuda n\u00f5usolekut<\/p>\n","protected":false},"author":36,"featured_media":0,"parent":0,"menu_order":0,"comment_status":"closed","ping_status":"closed","template":"","meta":{"_acf_changed":false,"inline_featured_image":false,"footnotes":""},"class_list":["post-7","page","type-page","status-publish","hentry"],"acf":[],"_links":{"self":[{"href":"https:\/\/sisu.ut.ee\/6ppimisttoetavhindamine\/wp-json\/wp\/v2\/pages\/7","targetHints":{"allow":["GET"]}}],"collection":[{"href":"https:\/\/sisu.ut.ee\/6ppimisttoetavhindamine\/wp-json\/wp\/v2\/pages"}],"about":[{"href":"https:\/\/sisu.ut.ee\/6ppimisttoetavhindamine\/wp-json\/wp\/v2\/types\/page"}],"author":[{"embeddable":true,"href":"https:\/\/sisu.ut.ee\/6ppimisttoetavhindamine\/wp-json\/wp\/v2\/users\/36"}],"replies":[{"embeddable":true,"href":"https:\/\/sisu.ut.ee\/6ppimisttoetavhindamine\/wp-json\/wp\/v2\/comments?post=7"}],"version-history":[{"count":1,"href":"https:\/\/sisu.ut.ee\/6ppimisttoetavhindamine\/wp-json\/wp\/v2\/pages\/7\/revisions"}],"predecessor-version":[{"id":186,"href":"https:\/\/sisu.ut.ee\/6ppimisttoetavhindamine\/wp-json\/wp\/v2\/pages\/7\/revisions\/186"}],"wp:attachment":[{"href":"https:\/\/sisu.ut.ee\/6ppimisttoetavhindamine\/wp-json\/wp\/v2\/media?parent=7"}],"curies":[{"name":"wp","href":"https:\/\/api.w.org\/{rel}","templated":true}]}}