{"id":64,"date":"2024-04-03T23:27:15","date_gmt":"2024-04-03T20:27:15","guid":{"rendered":"https:\/\/sisu.ut.ee\/6ppimisttoetavhindamine\/naiteid-oppimist-toetava-hindamise-puhikusimuste-kohta\/"},"modified":"2024-09-02T12:08:36","modified_gmt":"2024-09-02T09:08:36","slug":"naiteid-oppimist-toetava-hindamise-puhikusimuste-kohta","status":"publish","type":"page","link":"https:\/\/sisu.ut.ee\/6ppimisttoetavhindamine\/naiteid-oppimist-toetava-hindamise-puhikusimuste-kohta\/","title":{"rendered":"N\u00e4iteid \u00f5ppimist toetava hindamise p\u00fchik\u00fcsimuste kohta"},"content":{"rendered":"<p>J\u00e4rgnevalt m\u00f5ned n\u00e4ited selle kohta, kuidas erinevate ainete ja kooliastmete \u00f5petajad hindamise p\u00f5hik\u00fcsimuste alusel oma t\u00f6\u00f6d on kavandanud<\/p>\n<p><a href=\"https:\/\/sisu.ut.ee\/6ppimisttoetavhindamine\/eesti-keel\">EESTI KEEL. Interpunktsioon <\/a>(11. klass). \u00d5petaja Anneli<\/p>\n<p><a href=\"https:\/\/sisu.ut.ee\/6ppimisttoetavhindamine\/ajalugu\">AJALUGU: Vanaaja 7 maailmaimet<\/a> (6. klass). \u00d5petaja Ingrid<\/p>\n<p><a href=\"https:\/\/sisu.ut.ee\/6ppimisttoetavhindamine\/loodusopetus\">LOODUS\u00d5PETUS: Rakkude uurimine<\/a> (4. klass). \u00d5petaja Ade<\/p>\n<p><a href=\"https:\/\/sisu.ut.ee\/6ppimisttoetavhindamine\/kehaline-kasvatus\">KEHALINE KASVATUS: Koordinatsioonikombinatsioon<\/a>. \u00d5petaja \u00dclle<\/p>\n<p>Nende n\u00e4idete kohta t\u00e4psemalt saate lugeda raamatu \u201cKujundav hindamine kui \u00f5ppimist toetav hindamine\u201d lisas.<\/p>\n<p>Nagu n\u00e4ete \u2013 sellises kavandamises pole midagi keerulist ja paljude \u00f5petajate jaoks pole see ka uus! Kui Teil on oma hea n\u00e4ide, mida olete valmis (nt siinsamas veebikursusel v\u00f5i \u00f5ppimist toetava hindamise veebilehel) kolleegidega jagama, saatke see palun maria.jurimae@ut.ee !<\/p>\n<p><img loading=\"lazy\" decoding=\"async\" width=\"421\" height=\"635\" class=\"alignnone wp-image-73\" title=\"kujundav_hindamine_kaas.jpg\" src=\"https:\/\/sisu.ut.ee\/wp-content\/uploads\/sites\/97\/kujundav_hindamine_kaas.jpg\" alt=\"kujundav_hindamine_kaas.jpg\" srcset=\"https:\/\/sisu.ut.ee\/wp-content\/uploads\/sites\/97\/kujundav_hindamine_kaas.jpg 421w, https:\/\/sisu.ut.ee\/wp-content\/uploads\/sites\/97\/kujundav_hindamine_kaas-199x300.jpg 199w\" sizes=\"auto, (max-width: 421px) 100vw, 421px\"><\/p>\n","protected":false},"excerpt":{"rendered":"<p>J\u00e4rgnevalt m\u00f5ned n\u00e4ited selle kohta, kuidas erinevate ainete ja kooliastmete \u00f5petajad hindamise p\u00f5hik\u00fcsimuste alusel oma t\u00f6\u00f6d on kavandanud EESTI KEEL. Interpunktsioon (11. klass). \u00d5petaja Anneli AJALUGU: Vanaaja 7 maailmaimet (6. klass). \u00d5petaja Ingrid LOODUS\u00d5PETUS: Rakkude uurimine (4. klass). \u00d5petaja Ade &#8230;<\/p>\n","protected":false},"author":36,"featured_media":0,"parent":0,"menu_order":0,"comment_status":"closed","ping_status":"closed","template":"","meta":{"_acf_changed":false,"inline_featured_image":false,"footnotes":""},"class_list":["post-64","page","type-page","status-publish","hentry"],"acf":[],"_links":{"self":[{"href":"https:\/\/sisu.ut.ee\/6ppimisttoetavhindamine\/wp-json\/wp\/v2\/pages\/64","targetHints":{"allow":["GET"]}}],"collection":[{"href":"https:\/\/sisu.ut.ee\/6ppimisttoetavhindamine\/wp-json\/wp\/v2\/pages"}],"about":[{"href":"https:\/\/sisu.ut.ee\/6ppimisttoetavhindamine\/wp-json\/wp\/v2\/types\/page"}],"author":[{"embeddable":true,"href":"https:\/\/sisu.ut.ee\/6ppimisttoetavhindamine\/wp-json\/wp\/v2\/users\/36"}],"replies":[{"embeddable":true,"href":"https:\/\/sisu.ut.ee\/6ppimisttoetavhindamine\/wp-json\/wp\/v2\/comments?post=64"}],"version-history":[{"count":2,"href":"https:\/\/sisu.ut.ee\/6ppimisttoetavhindamine\/wp-json\/wp\/v2\/pages\/64\/revisions"}],"predecessor-version":[{"id":279,"href":"https:\/\/sisu.ut.ee\/6ppimisttoetavhindamine\/wp-json\/wp\/v2\/pages\/64\/revisions\/279"}],"wp:attachment":[{"href":"https:\/\/sisu.ut.ee\/6ppimisttoetavhindamine\/wp-json\/wp\/v2\/media?parent=64"}],"curies":[{"name":"wp","href":"https:\/\/api.w.org\/{rel}","templated":true}]}}