{"id":62,"date":"2024-04-03T23:27:15","date_gmt":"2024-04-03T20:27:15","guid":{"rendered":"https:\/\/sisu.ut.ee\/6ppimisttoetavhindamine\/lisalugemist-eesti-keeles\/"},"modified":"2024-09-02T12:07:53","modified_gmt":"2024-09-02T09:07:53","slug":"lisalugemist-eesti-keeles","status":"publish","type":"page","link":"https:\/\/sisu.ut.ee\/6ppimisttoetavhindamine\/lisalugemist-eesti-keeles\/","title":{"rendered":"Lisalugemist eesti keeles"},"content":{"rendered":"<p><strong>Feldschmidt, M.-M.,\u00a0T\u00fcrk, K<\/strong>.\u00a0(2013) <em>\u00d5hinap\u00f5hine kool. Kujundava ja sisehindamise k\u00e4siraamat <\/em><\/p>\n<p><strong>J\u00fcrim\u00e4e. M, K\u00e4rner, A., Tiisvelt L.<\/strong> (2014)\u00a0<em>Kujundav hindamine kui \u00f5ppimist toetav hindamine<\/em><\/p>\n<p><strong>J\u00fcrim\u00e4e, M<\/strong>.\u00a0(2013)\u00a0<em>\u00dcks tont k\u00e4ib ringi m\u00f6\u00f6da Eesti kooli \u2013 kujundava hindamise tont?\u00a0<\/em>Akadeemia 4<\/p>\n<p><strong>Kuurme, T.<\/strong>\u00a0(2010) Hinnatud laps.\u00a0<em>Postimees<\/em>\u00a025.10.2010<\/p>\n<p><strong>Mathews, S. R., L\u00f6fstr\u00f6m, E., Poom-Valickis, K.<\/strong>\u00a0(2008)\u00a0<em>Ps\u00fchholoogia klassiruumis. reflekteerivaks \u00f5petajaks juhtumeid anal\u00fc\u00fcsides<\/em>. Tallinn: TL\u00dc<\/p>\n<p><strong>Tiisvelt, L.<\/strong> (2011) <a href=\"http:\/\/www.uuskool.edu.ee\/kujundav-hindamine-kui-votildeimalus.html\" target=\"_blank\" rel=\"noopener\">Kujundav hindamine kui v\u00f5imalus<\/a>.<\/p>\n","protected":false},"excerpt":{"rendered":"<p>Feldschmidt, M.-M.,\u00a0T\u00fcrk, K.\u00a0(2013) \u00d5hinap\u00f5hine kool. Kujundava ja sisehindamise k\u00e4siraamat J\u00fcrim\u00e4e. M, K\u00e4rner, A., Tiisvelt L. (2014)\u00a0Kujundav hindamine kui \u00f5ppimist toetav hindamine J\u00fcrim\u00e4e, M.\u00a0(2013)\u00a0\u00dcks tont k\u00e4ib ringi m\u00f6\u00f6da Eesti kooli \u2013 kujundava hindamise tont?\u00a0Akadeemia 4 Kuurme, T.\u00a0(2010) Hinnatud laps.\u00a0Postimees\u00a025.10.2010 Mathews, S. &#8230;<\/p>\n","protected":false},"author":36,"featured_media":0,"parent":0,"menu_order":0,"comment_status":"closed","ping_status":"closed","template":"","meta":{"_acf_changed":false,"inline_featured_image":false,"footnotes":""},"class_list":["post-62","page","type-page","status-publish","hentry"],"acf":[],"_links":{"self":[{"href":"https:\/\/sisu.ut.ee\/6ppimisttoetavhindamine\/wp-json\/wp\/v2\/pages\/62","targetHints":{"allow":["GET"]}}],"collection":[{"href":"https:\/\/sisu.ut.ee\/6ppimisttoetavhindamine\/wp-json\/wp\/v2\/pages"}],"about":[{"href":"https:\/\/sisu.ut.ee\/6ppimisttoetavhindamine\/wp-json\/wp\/v2\/types\/page"}],"author":[{"embeddable":true,"href":"https:\/\/sisu.ut.ee\/6ppimisttoetavhindamine\/wp-json\/wp\/v2\/users\/36"}],"replies":[{"embeddable":true,"href":"https:\/\/sisu.ut.ee\/6ppimisttoetavhindamine\/wp-json\/wp\/v2\/comments?post=62"}],"version-history":[{"count":2,"href":"https:\/\/sisu.ut.ee\/6ppimisttoetavhindamine\/wp-json\/wp\/v2\/pages\/62\/revisions"}],"predecessor-version":[{"id":278,"href":"https:\/\/sisu.ut.ee\/6ppimisttoetavhindamine\/wp-json\/wp\/v2\/pages\/62\/revisions\/278"}],"wp:attachment":[{"href":"https:\/\/sisu.ut.ee\/6ppimisttoetavhindamine\/wp-json\/wp\/v2\/media?parent=62"}],"curies":[{"name":"wp","href":"https:\/\/api.w.org\/{rel}","templated":true}]}}