{"id":6,"date":"2024-04-03T23:27:12","date_gmt":"2024-04-03T20:27:12","guid":{"rendered":"https:\/\/sisu.ut.ee\/6ppimisttoetavhindamine\/miks-just-oppimist-toetav-hindamine\/"},"modified":"2024-04-03T23:27:35","modified_gmt":"2024-04-03T20:27:35","slug":"miks-just-oppimist-toetav-hindamine","status":"publish","type":"page","link":"https:\/\/sisu.ut.ee\/6ppimisttoetavhindamine\/miks-just-oppimist-toetav-hindamine\/","title":{"rendered":"Miks just \u00f5ppimist toetav hindamine?"},"content":{"rendered":"<h4><span><span><img loading=\"lazy\" decoding=\"async\" width=\"50\" height=\"46\" class=\"alignnone wp-image-66\" src=\"https:\/\/sisu.ut.ee\/wp-content\/uploads\/sites\/97\/m6ttemull_v.jpg\" title=\"m6ttemull_v.jpg\" alt=\"m6ttemull_v.jpg\">\u00a0\u00a0<span style=\"color: #ff6600\"><strong>M\u00f5tlemis\u00fclesanne<\/strong><\/span><\/span><\/span><\/h4>\n<p style=\"padding-left: 60px\">\u00d5ppimist toetavast hindamisest on saanud haridustrend mitmetes maades.<\/p>\n<p style=\"padding-left: 60px\">Kas oskate p\u00f5hjendada miks?\u00a0Millist kasu sellest loodetakse saada ja kellele?<\/p>\n<p>J\u00e4rgnevas l\u00fchivideos tutvustatakse <strong>\u00f5ppimist toetava hindamise peamist lubadust<\/strong> ja m\u00f5ningaid <strong>uuringuid<\/strong>, millel see p\u00f5hineb.<\/p>\n<p><\/p><div class=\"ratio ratio-16x9 mb-3\"><div class=\"video-placeholder-wrapper video-placeholder-wrapper--16x9\">\n\t\t\t    <div class=\"video-placeholder d-flex justify-content-center align-items-center\">\n\t\t\t        <div class=\"overlay text-white p-2 w-100 text-center d-block justify-content-center align-items-center\">\n\t\t\t            <div>Kolmandate osapoolte sisu n\u00e4gemiseks palun n\u00f5ustu k\u00fcpsistega.<\/div>\n\t\t\t            <button class=\"btn btn-secondary btn-sm mt-1 consent-change\">Muuda n\u00f5usolekut<\/button>\n\t\t\t        <\/div>\n\t\t\t    <\/div>\n\t\t\t<\/div>\n<\/div>\n\n<p><strong>Loe lisaks!<\/strong><\/p>\n<p>\u00d5ppimist toetava hindamise m\u00f5ju-uuringutest on kirjutatud ka raamatu\u00a0\u201c<a href=\"http:\/\/www.curriculum.ut.ee\/sites\/default\/files\/ht\/oppimist_toetav_hindamine_kokkui.pdf\" target=\"_blank\" rel=\"noopener\">Kujundav hindamine kui \u00f5ppimist toetav hindamine<\/a>\u201d alapeat\u00fckis 4.2.<\/p>\n","protected":false},"excerpt":{"rendered":"<p>\u00a0\u00a0M\u00f5tlemis\u00fclesanne \u00d5ppimist toetavast hindamisest on saanud haridustrend mitmetes maades. Kas oskate p\u00f5hjendada miks?\u00a0Millist kasu sellest loodetakse saada ja kellele? J\u00e4rgnevas l\u00fchivideos tutvustatakse \u00f5ppimist toetava hindamise peamist lubadust ja m\u00f5ningaid uuringuid, millel see p\u00f5hineb. Kolmandate osapoolte sisu n\u00e4gemiseks palun n\u00f5ustu k\u00fcpsistega. &#8230;<\/p>\n","protected":false},"author":36,"featured_media":0,"parent":0,"menu_order":0,"comment_status":"closed","ping_status":"closed","template":"","meta":{"_acf_changed":false,"inline_featured_image":false,"footnotes":""},"class_list":["post-6","page","type-page","status-publish","hentry"],"acf":[],"_links":{"self":[{"href":"https:\/\/sisu.ut.ee\/6ppimisttoetavhindamine\/wp-json\/wp\/v2\/pages\/6","targetHints":{"allow":["GET"]}}],"collection":[{"href":"https:\/\/sisu.ut.ee\/6ppimisttoetavhindamine\/wp-json\/wp\/v2\/pages"}],"about":[{"href":"https:\/\/sisu.ut.ee\/6ppimisttoetavhindamine\/wp-json\/wp\/v2\/types\/page"}],"author":[{"embeddable":true,"href":"https:\/\/sisu.ut.ee\/6ppimisttoetavhindamine\/wp-json\/wp\/v2\/users\/36"}],"replies":[{"embeddable":true,"href":"https:\/\/sisu.ut.ee\/6ppimisttoetavhindamine\/wp-json\/wp\/v2\/comments?post=6"}],"version-history":[{"count":1,"href":"https:\/\/sisu.ut.ee\/6ppimisttoetavhindamine\/wp-json\/wp\/v2\/pages\/6\/revisions"}],"predecessor-version":[{"id":185,"href":"https:\/\/sisu.ut.ee\/6ppimisttoetavhindamine\/wp-json\/wp\/v2\/pages\/6\/revisions\/185"}],"wp:attachment":[{"href":"https:\/\/sisu.ut.ee\/6ppimisttoetavhindamine\/wp-json\/wp\/v2\/media?parent=6"}],"curies":[{"name":"wp","href":"https:\/\/api.w.org\/{rel}","templated":true}]}}