{"id":59,"date":"2024-04-03T23:27:15","date_gmt":"2024-04-03T20:27:15","guid":{"rendered":"https:\/\/sisu.ut.ee\/6ppimisttoetavhindamine\/lisamaterjale\/"},"modified":"2024-04-03T23:27:34","modified_gmt":"2024-04-03T20:27:34","slug":"lisamaterjale","status":"publish","type":"page","link":"https:\/\/sisu.ut.ee\/6ppimisttoetavhindamine\/lisamaterjale\/","title":{"rendered":"Lisamaterjale"},"content":{"rendered":"<p>\u00d5ppimist toetava hindamise olemuse avamiseks on kogu maailmas loodud mitmeid videomaterjale. Jagame neist m\u00f5nda v\u00e4rskemat, p\u00f5nevamat ja \u00fclevaatlikumat:<\/p>\n<div id=\"content-panels\" class=\"at-panel gpanel panel-display content clearfix\">\n<div class=\"region region-content-top  \">\n<div id=\"block-os-pages-main-content\" class=\"block block-os-pages contextual-links-region\">\n<div class=\"content\">\n<div id=\"node-4968\" class=\"node node-page clearfix\">\n<div class=\"content\">\n<div class=\"field field-name-body field-type-text-with-summary field-label-hidden\">\n<div class=\"field-items\">\n<div class=\"field-item even\">\n<p><\/p><div class=\"accordion mb-3\">\n        <div class=\"accordion-item accordion-item--white\">\n        <h2 class=\"accordion-header\" id=\"accordion-69de329c68916-heading\">\n            <button class=\"accordion-button collapsed\" type=\"button\" data-bs-toggle=\"collapse\" data-bs-target=\"#accordion-69de329c68916-collapse\" aria-expanded=\"true\" aria-controls=\"accordion-69de329c68916-collapse\"><strong>Understanding Formative Assessment<\/strong> (12 min)<\/button>\n        <\/h2>\n        <div id=\"accordion-69de329c68916-collapse\" class=\"accordion-collapse collapse\" aria-labelledby=\"accordion-69de329c68916-heading\">\n            <div class=\"accordion-body\">Videol\u00f5igud \u00f5ppimist toetava hindamise kasutamisest erinevates ainetes \u2013 matemaatika, kirjandus, loodusteadus (<em>science<\/em>), keel (<em>language arts<\/em>).\n<ul>\n<li><span style=\"font-size: 14px\">T\u00f6\u00f6 gruppides \u2013 tahvlil vastuste n\u00e4itamine, grupit\u00f6\u00f6, paarist\u00f6\u00f6 (nt n\u00f5rgem ja tugevam koos) ning kaartidega m\u00e4rku andmine (valgusfoor).<\/span><\/li>\n<li><span style=\"font-size: 14px\">Valiku v\u00f5imaldamine \u201eJigsaw\u201c Millest \u00f5pilased aru saavad, mida nad \u00f5pivad, millele tuleb veel t\u00e4helepanu p\u00f6\u00f6rata, kuidas oma t\u00f6\u00f6d kavandada.<\/span><\/li>\n<li><span style=\"font-size: 14px\">Loodusteadustes projekti anal\u00fc\u00fcs \u2013 kaks projekti, milline neist on eeskujulik? Mis on edu kriteeriumid? Leidmine, jagamine, arutelu.<\/span><\/li>\n<li><span style=\"font-size: 14px\">Enesehindamine (siis \u00f5petaja hindamine) ja taas enesehindamine, et k\u00f5ik \u00f5ppijad saavutaksid k\u00f5rge taseme kirjutamises.<\/span><\/li>\n<li><span style=\"font-size: 14px\">Tagasiside andmise viisid \u2013 t\u00e4hestikuline tagasiside, erinevate \u00f5ppijate nimede \u201eloosimise\u201c programm, IKT kasutamine. . . <\/span><\/li><\/ul><\/div>\n        <\/div>\n        <\/div>\n    <\/div>\n\n<p><\/p><div class=\"ratio ratio-16x9 mb-3\"><div class=\"video-placeholder-wrapper video-placeholder-wrapper--16x9\">\n\t\t\t    <div class=\"video-placeholder d-flex justify-content-center align-items-center\">\n\t\t\t        <div class=\"overlay text-white p-2 w-100 text-center d-block justify-content-center align-items-center\">\n\t\t\t            <div>Kolmandate osapoolte sisu n\u00e4gemiseks palun n\u00f5ustu k\u00fcpsistega.<\/div>\n\t\t\t            <button class=\"btn btn-secondary btn-sm mt-1 consent-change\">Muuda n\u00f5usolekut<\/button>\n\t\t\t        <\/div>\n\t\t\t    <\/div>\n\t\t\t<\/div>\n<\/div>\n<p><span style=\"color: inherit;font-family: inherit;font-size: 24px;line-height: 1.1\">\u00a0<\/span><\/p>\n<p><\/p><div class=\"accordion mb-3\">\n        <div class=\"accordion-item accordion-item--white\">\n        <h2 class=\"accordion-header\" id=\"accordion-69de329c6891e-heading\">\n            <button class=\"accordion-button collapsed\" type=\"button\" data-bs-toggle=\"collapse\" data-bs-target=\"#accordion-69de329c6891e-collapse\" aria-expanded=\"true\" aria-controls=\"accordion-69de329c6891e-collapse\"><strong>Principles of Formative Assessment<\/strong> (14 min)<\/button>\n        <\/h2>\n        <div id=\"accordion-69de329c6891e-collapse\" class=\"accordion-collapse collapse\" aria-labelledby=\"accordion-69de329c6891e-heading\">\n            <div class=\"accordion-body\">Video vaatamist lihtsustavad ingliskeelsed subtiitrid, samuti korrektne ja selge h\u00e4\u00e4ldus.\n<p>Black ja Harrisson, matemaatika ja loodusained (science), III kooliaste<\/p>\n<ul>\n<li><span style=\"font-size: 14px\">\u00d5ppijate \u201eomanikutunne\u201c<\/span><\/li>\n<li><span style=\"font-size: 14px\">t\u00f5hus k\u00fcsitlemine (nt ei anta vastusele <\/span><span style=\"font-size: 14px\">kohe \u00f5ige-vale-<\/span><span style=\"font-size: 14px\">hinnangut, vaid uuritakse neutraalselt, mida teised arvavad)<\/span><\/li>\n<li><span style=\"font-size: 14px\">tagasisidestamine hinnete abil (\u201ecomment only\u201c marking)<\/span><\/li>\n<li><span style=\"font-size: 14px\">kaaslasehindamine ja enesehindamine (\u00f5pilased n\u00e4evad, et nad saavad ja suudavad t\u00f6\u00f6d hinnata ja n\u00f5u anda algul teisele ja siis ka endale)<\/span><\/li>\n<li><span style=\"font-size: 14px\">kokkuv\u00f5tvate testide kujundav kasutamine (SAT skoorimisskeem) <\/span><\/li><\/ul><\/div>\n        <\/div>\n        <\/div>\n    <\/div>\n\n<p><\/p><div class=\"ratio ratio-16x9 mb-3\"><div class=\"video-placeholder-wrapper video-placeholder-wrapper--16x9\">\n\t\t\t    <div class=\"video-placeholder d-flex justify-content-center align-items-center\">\n\t\t\t        <div class=\"overlay text-white p-2 w-100 text-center d-block justify-content-center align-items-center\">\n\t\t\t            <div>Kolmandate osapoolte sisu n\u00e4gemiseks palun n\u00f5ustu k\u00fcpsistega.<\/div>\n\t\t\t            <button class=\"btn btn-secondary btn-sm mt-1 consent-change\">Muuda n\u00f5usolekut<\/button>\n\t\t\t        <\/div>\n\t\t\t    <\/div>\n\t\t\t<\/div>\n<\/div>\n\n<p>\u00a0<\/p><div class=\"accordion mb-3\">\n        <div class=\"accordion-item accordion-item--white\">\n        <h2 class=\"accordion-header\" id=\"accordion-69de329c68921-heading\">\n            <button class=\"accordion-button collapsed\" type=\"button\" data-bs-toggle=\"collapse\" data-bs-target=\"#accordion-69de329c68921-collapse\" aria-expanded=\"true\" aria-controls=\"accordion-69de329c68921-collapse\"><strong>The Formative Classroom<\/strong> (5 min)<\/button>\n        <\/h2>\n        <div id=\"accordion-69de329c68921-collapse\" class=\"accordion-collapse collapse\" aria-labelledby=\"accordion-69de329c68921-heading\">\n            <div class=\"accordion-body\">http:\/\/www.youtube.com\/watch?v=rL54bfmZPzY\n<ul>\n<li><span style=\"font-size: 14px\">\u00d5petajate lood. <\/span><\/li>\n<li><span style=\"font-size: 14px\">Tehnikad \u2013 info kogumine ja kasutamine<\/span><\/li>\n<li><span style=\"font-size: 14px\">Seina \u201elammutamine\u201c \u00f5petajate ja \u00f5ppijate vahelt, ka \u00f5ppijad vaatlevad ja hindavad \u00fcksteist. <\/span><\/li>\n<li><span style=\"font-size: 14px\">V\u00e4hem hirmu vigade tegemisest, \u00f5petaja asemel k\u00fcsitakse \u00fcksteiselt. S\u00fcgavamad ja t\u00e4henduslikumad k\u00fcsimused. <\/span><\/li><\/ul><\/div>\n        <\/div>\n        <\/div>\n    <\/div>\n\n<p><\/p><div class=\"ratio ratio-16x9 mb-3\"><div class=\"video-placeholder-wrapper video-placeholder-wrapper--16x9\">\n\t\t\t    <div class=\"video-placeholder d-flex justify-content-center align-items-center\">\n\t\t\t        <div class=\"overlay text-white p-2 w-100 text-center d-block justify-content-center align-items-center\">\n\t\t\t            <div>Kolmandate osapoolte sisu n\u00e4gemiseks palun n\u00f5ustu k\u00fcpsistega.<\/div>\n\t\t\t            <button class=\"btn btn-secondary btn-sm mt-1 consent-change\">Muuda n\u00f5usolekut<\/button>\n\t\t\t        <\/div>\n\t\t\t    <\/div>\n\t\t\t<\/div>\n<\/div>\n<\/div>\n<\/div>\n<\/div>\n<\/div>\n<\/div>\n<\/div>\n<\/div>\n<\/div>\n<\/div>\n","protected":false},"excerpt":{"rendered":"<p>\u00d5ppimist toetava hindamise olemuse avamiseks on kogu maailmas loodud mitmeid videomaterjale. Jagame neist m\u00f5nda v\u00e4rskemat, p\u00f5nevamat ja \u00fclevaatlikumat: Understanding Formative Assessment (12 min) Videol\u00f5igud \u00f5ppimist toetava hindamise kasutamisest erinevates ainetes \u2013 matemaatika, kirjandus, loodusteadus (science), keel (language arts). T\u00f6\u00f6 gruppides &#8230;<\/p>\n","protected":false},"author":36,"featured_media":0,"parent":0,"menu_order":0,"comment_status":"closed","ping_status":"closed","template":"","meta":{"_acf_changed":false,"inline_featured_image":false,"footnotes":""},"class_list":["post-59","page","type-page","status-publish","hentry"],"acf":[],"_links":{"self":[{"href":"https:\/\/sisu.ut.ee\/6ppimisttoetavhindamine\/wp-json\/wp\/v2\/pages\/59","targetHints":{"allow":["GET"]}}],"collection":[{"href":"https:\/\/sisu.ut.ee\/6ppimisttoetavhindamine\/wp-json\/wp\/v2\/pages"}],"about":[{"href":"https:\/\/sisu.ut.ee\/6ppimisttoetavhindamine\/wp-json\/wp\/v2\/types\/page"}],"author":[{"embeddable":true,"href":"https:\/\/sisu.ut.ee\/6ppimisttoetavhindamine\/wp-json\/wp\/v2\/users\/36"}],"replies":[{"embeddable":true,"href":"https:\/\/sisu.ut.ee\/6ppimisttoetavhindamine\/wp-json\/wp\/v2\/comments?post=59"}],"version-history":[{"count":1,"href":"https:\/\/sisu.ut.ee\/6ppimisttoetavhindamine\/wp-json\/wp\/v2\/pages\/59\/revisions"}],"predecessor-version":[{"id":134,"href":"https:\/\/sisu.ut.ee\/6ppimisttoetavhindamine\/wp-json\/wp\/v2\/pages\/59\/revisions\/134"}],"wp:attachment":[{"href":"https:\/\/sisu.ut.ee\/6ppimisttoetavhindamine\/wp-json\/wp\/v2\/media?parent=59"}],"curies":[{"name":"wp","href":"https:\/\/api.w.org\/{rel}","templated":true}]}}