{"id":56,"date":"2024-04-03T23:27:15","date_gmt":"2024-04-03T20:27:15","guid":{"rendered":"https:\/\/sisu.ut.ee\/6ppimisttoetavhindamine\/kriteeriumipohine-tagasiside\/"},"modified":"2024-04-03T23:27:34","modified_gmt":"2024-04-03T20:27:34","slug":"kriteeriumipohine-tagasiside","status":"publish","type":"page","link":"https:\/\/sisu.ut.ee\/6ppimisttoetavhindamine\/kriteeriumipohine-tagasiside\/","title":{"rendered":"Kriteeriumip\u00f5hine tagasiside"},"content":{"rendered":"<p>J\u00e4rgnevas videoesitluses tutvustatakse kriteeriumip\u00f5hise tagasiside kasutamise v\u00f5imalusi \u00f5pilase vaatepunktist.<br>Tuuakse n\u00e4ide\u00a0\u0160otimaa koolist.<\/p>\n<p><\/p><div class=\"ratio ratio-16x9 mb-3\"><div class=\"video-placeholder-wrapper video-placeholder-wrapper--16x9\">\n\t\t\t    <div class=\"video-placeholder d-flex justify-content-center align-items-center\">\n\t\t\t        <div class=\"overlay text-white p-2 w-100 text-center d-block justify-content-center align-items-center\">\n\t\t\t            <div>Kolmandate osapoolte sisu n\u00e4gemiseks palun n\u00f5ustu k\u00fcpsistega.<\/div>\n\t\t\t            <button class=\"btn btn-secondary btn-sm mt-1 consent-change\">Muuda n\u00f5usolekut<\/button>\n\t\t\t        <\/div>\n\t\t\t    <\/div>\n\t\t\t<\/div>\n<\/div>\n\n<p>J\u00e4rgnevas videoesitluses tutvustatakse kriteeriumip\u00f5hise tagasiside kasutamise v\u00f5imalusi \u00f5petaja vaatepunktist.<br>Kasutatakse eelmise esitlusega (\u00f5pilase vaatepunkt) seotud n\u00e4idet\u00a0\u0160otimaalt.<\/p>\n<p><\/p><div class=\"ratio ratio-16x9 mb-3\"><div class=\"video-placeholder-wrapper video-placeholder-wrapper--16x9\">\n\t\t\t    <div class=\"video-placeholder d-flex justify-content-center align-items-center\">\n\t\t\t        <div class=\"overlay text-white p-2 w-100 text-center d-block justify-content-center align-items-center\">\n\t\t\t            <div>Kolmandate osapoolte sisu n\u00e4gemiseks palun n\u00f5ustu k\u00fcpsistega.<\/div>\n\t\t\t            <button class=\"btn btn-secondary btn-sm mt-1 consent-change\">Muuda n\u00f5usolekut<\/button>\n\t\t\t        <\/div>\n\t\t\t    <\/div>\n\t\t\t<\/div>\n<\/div>\n","protected":false},"excerpt":{"rendered":"<p>J\u00e4rgnevas videoesitluses tutvustatakse kriteeriumip\u00f5hise tagasiside kasutamise v\u00f5imalusi \u00f5pilase vaatepunktist.Tuuakse n\u00e4ide\u00a0\u0160otimaa koolist. Kolmandate osapoolte sisu n\u00e4gemiseks palun n\u00f5ustu k\u00fcpsistega. Muuda n\u00f5usolekut J\u00e4rgnevas videoesitluses tutvustatakse kriteeriumip\u00f5hise tagasiside kasutamise v\u00f5imalusi \u00f5petaja vaatepunktist.Kasutatakse eelmise esitlusega (\u00f5pilase vaatepunkt) seotud n\u00e4idet\u00a0\u0160otimaalt. Kolmandate osapoolte sisu n\u00e4gemiseks palun &#8230;<\/p>\n","protected":false},"author":36,"featured_media":0,"parent":0,"menu_order":0,"comment_status":"closed","ping_status":"closed","template":"","meta":{"_acf_changed":false,"inline_featured_image":false,"footnotes":""},"class_list":["post-56","page","type-page","status-publish","hentry"],"acf":[],"_links":{"self":[{"href":"https:\/\/sisu.ut.ee\/6ppimisttoetavhindamine\/wp-json\/wp\/v2\/pages\/56","targetHints":{"allow":["GET"]}}],"collection":[{"href":"https:\/\/sisu.ut.ee\/6ppimisttoetavhindamine\/wp-json\/wp\/v2\/pages"}],"about":[{"href":"https:\/\/sisu.ut.ee\/6ppimisttoetavhindamine\/wp-json\/wp\/v2\/types\/page"}],"author":[{"embeddable":true,"href":"https:\/\/sisu.ut.ee\/6ppimisttoetavhindamine\/wp-json\/wp\/v2\/users\/36"}],"replies":[{"embeddable":true,"href":"https:\/\/sisu.ut.ee\/6ppimisttoetavhindamine\/wp-json\/wp\/v2\/comments?post=56"}],"version-history":[{"count":1,"href":"https:\/\/sisu.ut.ee\/6ppimisttoetavhindamine\/wp-json\/wp\/v2\/pages\/56\/revisions"}],"predecessor-version":[{"id":131,"href":"https:\/\/sisu.ut.ee\/6ppimisttoetavhindamine\/wp-json\/wp\/v2\/pages\/56\/revisions\/131"}],"wp:attachment":[{"href":"https:\/\/sisu.ut.ee\/6ppimisttoetavhindamine\/wp-json\/wp\/v2\/media?parent=56"}],"curies":[{"name":"wp","href":"https:\/\/api.w.org\/{rel}","templated":true}]}}