{"id":55,"date":"2024-04-03T23:27:15","date_gmt":"2024-04-03T20:27:15","guid":{"rendered":"https:\/\/sisu.ut.ee\/6ppimisttoetavhindamine\/padevuste-arengut-toetavad-kriteeriumid\/"},"modified":"2024-04-03T23:27:34","modified_gmt":"2024-04-03T20:27:34","slug":"padevuste-arengut-toetavad-kriteeriumid","status":"publish","type":"page","link":"https:\/\/sisu.ut.ee\/6ppimisttoetavhindamine\/padevuste-arengut-toetavad-kriteeriumid\/","title":{"rendered":"P\u00e4devuste arengut toetavad kriteeriumid"},"content":{"rendered":"<h4><\/h4>\n<h4><span style=\"color: #ff6600\"><img loading=\"lazy\" decoding=\"async\" width=\"50\" height=\"46\" class=\"alignnone wp-image-66\" style=\"color: #565656;font-size: 14px;line-height: 21px\" src=\"https:\/\/sisu.ut.ee\/wp-content\/uploads\/sites\/97\/m6ttemull_v.jpg\" title=\"m6ttemull_v.jpg\" alt=\"m6ttemull_v.jpg\">\u00a0\u00a0<strong>M\u00f5tlemis\u00fclesanne<\/strong><\/span><\/h4>\n<p style=\"padding-left: 60px\">Eelmise alateema (jagatud edukriteeriumid) esitluse l\u00f5pul pakkusime v\u00e4lja rea oluliste p\u00e4devustega seotud \u00f5piv\u00e4ljundeid (need on esitatud ka j\u00e4rgneval slaidil).<\/p>\n<ul style=\"list-style-type: disc\">\n<ul style=\"list-style-type: disc\">\n<li><span style=\"font-size: 14px\">Kas olete kasutanud oma ainetunnis \u00f5ppe\u00fclesandeid, milles on arvestatud mitme \u00fcldp\u00e4devuse arendamisega?<\/span><\/li>\n<li><span style=\"font-size: 14px\">Kas olete neile v\u00e4lja t\u00f6\u00f6tanud ka\u00a0edukriteeriumeid?<\/span><\/li>\n<li><span style=\"font-size: 14px\">Millise \u00f5ppe\u00fclesande v\u00f5iks \u00f5ppijatele pakkuda loetletud p\u00e4devuste arengu toetamiseks? <\/span><\/li>\n<\/ul>\n<\/ul>\n<p style=\"padding-left: 60px\"><span style=\"font-size: 14px\">Kui \u00f5pite paaris v\u00f5i grupis, v\u00f5iksite sel teemal korraldada ajur\u00fcnnaku ja panna 5 minuti jooksul kirja nii palju ideid kui saate.<\/span><\/p>\n\n<div><\/div>\n<p>J\u00e4rgnevalt \u00fcks n\u00e4ide \u00f5ppe\u00fclesandest, mis toetab l\u00f5imitult erinevate p\u00e4devuste arengut ja mille hindamisel kasutatakse edukriteeriume.<\/p>\n<p><\/p><div class=\"ratio ratio-16x9 mb-3\"><div class=\"video-placeholder-wrapper video-placeholder-wrapper--16x9\">\n\t\t\t    <div class=\"video-placeholder d-flex justify-content-center align-items-center\">\n\t\t\t        <div class=\"overlay text-white p-2 w-100 text-center d-block justify-content-center align-items-center\">\n\t\t\t            <div>Kolmandate osapoolte sisu n\u00e4gemiseks palun n\u00f5ustu k\u00fcpsistega.<\/div>\n\t\t\t            <button class=\"btn btn-secondary btn-sm mt-1 consent-change\">Muuda n\u00f5usolekut<\/button>\n\t\t\t        <\/div>\n\t\t\t    <\/div>\n\t\t\t<\/div>\n<\/div>\n","protected":false},"excerpt":{"rendered":"<p>\u00a0\u00a0M\u00f5tlemis\u00fclesanne Eelmise alateema (jagatud edukriteeriumid) esitluse l\u00f5pul pakkusime v\u00e4lja rea oluliste p\u00e4devustega seotud \u00f5piv\u00e4ljundeid (need on esitatud ka j\u00e4rgneval slaidil). Kas olete kasutanud oma ainetunnis \u00f5ppe\u00fclesandeid, milles on arvestatud mitme \u00fcldp\u00e4devuse arendamisega? Kas olete neile v\u00e4lja t\u00f6\u00f6tanud ka\u00a0edukriteeriumeid? Millise \u00f5ppe\u00fclesande &#8230;<\/p>\n","protected":false},"author":36,"featured_media":0,"parent":0,"menu_order":0,"comment_status":"closed","ping_status":"closed","template":"","meta":{"_acf_changed":false,"inline_featured_image":false,"footnotes":""},"class_list":["post-55","page","type-page","status-publish","hentry"],"acf":[],"_links":{"self":[{"href":"https:\/\/sisu.ut.ee\/6ppimisttoetavhindamine\/wp-json\/wp\/v2\/pages\/55","targetHints":{"allow":["GET"]}}],"collection":[{"href":"https:\/\/sisu.ut.ee\/6ppimisttoetavhindamine\/wp-json\/wp\/v2\/pages"}],"about":[{"href":"https:\/\/sisu.ut.ee\/6ppimisttoetavhindamine\/wp-json\/wp\/v2\/types\/page"}],"author":[{"embeddable":true,"href":"https:\/\/sisu.ut.ee\/6ppimisttoetavhindamine\/wp-json\/wp\/v2\/users\/36"}],"replies":[{"embeddable":true,"href":"https:\/\/sisu.ut.ee\/6ppimisttoetavhindamine\/wp-json\/wp\/v2\/comments?post=55"}],"version-history":[{"count":1,"href":"https:\/\/sisu.ut.ee\/6ppimisttoetavhindamine\/wp-json\/wp\/v2\/pages\/55\/revisions"}],"predecessor-version":[{"id":130,"href":"https:\/\/sisu.ut.ee\/6ppimisttoetavhindamine\/wp-json\/wp\/v2\/pages\/55\/revisions\/130"}],"wp:attachment":[{"href":"https:\/\/sisu.ut.ee\/6ppimisttoetavhindamine\/wp-json\/wp\/v2\/media?parent=55"}],"curies":[{"name":"wp","href":"https:\/\/api.w.org\/{rel}","templated":true}]}}