{"id":54,"date":"2024-04-03T23:27:15","date_gmt":"2024-04-03T20:27:15","guid":{"rendered":"https:\/\/sisu.ut.ee\/6ppimisttoetavhindamine\/jagatud-edukriteeriumid\/"},"modified":"2024-09-02T11:46:53","modified_gmt":"2024-09-02T08:46:53","slug":"jagatud-edukriteeriumid","status":"publish","type":"page","link":"https:\/\/sisu.ut.ee\/6ppimisttoetavhindamine\/jagatud-edukriteeriumid\/","title":{"rendered":"Jagatud edukriteeriumid"},"content":{"rendered":"<h4>\u00a0<img loading=\"lazy\" decoding=\"async\" width=\"50\" height=\"46\" class=\"alignnone wp-image-66\" style=\"font-size: 14px; line-height: 21px;\" title=\"m6ttemull_v.jpg\" src=\"https:\/\/sisu.ut.ee\/wp-content\/uploads\/sites\/97\/m6ttemull_v.jpg\" alt=\"m6ttemull_v.jpg\"><span style=\"color: #ff6600;\"><strong>\u00a0M\u00f5tlemis\u00fclesanne<\/strong><\/span><\/h4>\n<p style=\"padding-left: 60px;\">Miks on oluline \u00f5ppijate kaasamine kriteeriumide kokkuleppimisse?<\/p>\n<p style=\"padding-left: 60px;\">M\u00f5elge l\u00e4bi ja pange soovi korral kirja v\u00e4hemalt kolm argumenti. Seej\u00e4rel vaadake j\u00e4rgnevat videoesitlust.<br>\nEsitluse l\u00f5pul on toodud rida \u00fcldisemaid p\u00e4devusi. Nende kohta leiate \u00fclesande<a href=\"https:\/\/sisu.ut.ee\/6ppimisttoetavhindamine\/padevuste-arengut-toetavad-kriteeriumid\" target=\"_blank\" rel=\"noopener\">\u00a0j\u00e4rgmise alateema<\/a>\u00a0alt!<\/p>\n<p><\/p><div class=\"ratio ratio-16x9 mb-3\"><div class=\"video-placeholder-wrapper video-placeholder-wrapper--16x9\">\n\t\t\t    <div class=\"video-placeholder d-flex justify-content-center align-items-center\">\n\t\t\t        <div class=\"overlay text-white p-2 w-100 text-center d-block justify-content-center align-items-center\">\n\t\t\t            <div>Kolmandate osapoolte sisu n\u00e4gemiseks palun n\u00f5ustu k\u00fcpsistega.<\/div>\n\t\t\t            <button class=\"btn btn-secondary btn-sm mt-1 consent-change\">Muuda n\u00f5usolekut<\/button>\n\t\t\t        <\/div>\n\t\t\t    <\/div>\n\t\t\t<\/div>\n<\/div>\n<h4><\/h4>\n","protected":false},"excerpt":{"rendered":"<p>\u00a0\u00a0M\u00f5tlemis\u00fclesanne Miks on oluline \u00f5ppijate kaasamine kriteeriumide kokkuleppimisse? M\u00f5elge l\u00e4bi ja pange soovi korral kirja v\u00e4hemalt kolm argumenti. Seej\u00e4rel vaadake j\u00e4rgnevat videoesitlust. Esitluse l\u00f5pul on toodud rida \u00fcldisemaid p\u00e4devusi. Nende kohta leiate \u00fclesande\u00a0j\u00e4rgmise alateema\u00a0alt! Kolmandate osapoolte sisu n\u00e4gemiseks palun n\u00f5ustu &#8230;<\/p>\n","protected":false},"author":36,"featured_media":0,"parent":0,"menu_order":0,"comment_status":"closed","ping_status":"closed","template":"","meta":{"_acf_changed":false,"inline_featured_image":false,"footnotes":""},"class_list":["post-54","page","type-page","status-publish","hentry"],"acf":[],"_links":{"self":[{"href":"https:\/\/sisu.ut.ee\/6ppimisttoetavhindamine\/wp-json\/wp\/v2\/pages\/54","targetHints":{"allow":["GET"]}}],"collection":[{"href":"https:\/\/sisu.ut.ee\/6ppimisttoetavhindamine\/wp-json\/wp\/v2\/pages"}],"about":[{"href":"https:\/\/sisu.ut.ee\/6ppimisttoetavhindamine\/wp-json\/wp\/v2\/types\/page"}],"author":[{"embeddable":true,"href":"https:\/\/sisu.ut.ee\/6ppimisttoetavhindamine\/wp-json\/wp\/v2\/users\/36"}],"replies":[{"embeddable":true,"href":"https:\/\/sisu.ut.ee\/6ppimisttoetavhindamine\/wp-json\/wp\/v2\/comments?post=54"}],"version-history":[{"count":2,"href":"https:\/\/sisu.ut.ee\/6ppimisttoetavhindamine\/wp-json\/wp\/v2\/pages\/54\/revisions"}],"predecessor-version":[{"id":270,"href":"https:\/\/sisu.ut.ee\/6ppimisttoetavhindamine\/wp-json\/wp\/v2\/pages\/54\/revisions\/270"}],"wp:attachment":[{"href":"https:\/\/sisu.ut.ee\/6ppimisttoetavhindamine\/wp-json\/wp\/v2\/media?parent=54"}],"curies":[{"name":"wp","href":"https:\/\/api.w.org\/{rel}","templated":true}]}}