{"id":50,"date":"2024-04-03T23:27:15","date_gmt":"2024-04-03T20:27:15","guid":{"rendered":"https:\/\/sisu.ut.ee\/6ppimisttoetavhindamine\/ploki-kokkuvote-4\/"},"modified":"2024-09-02T12:02:56","modified_gmt":"2024-09-02T09:02:56","slug":"ploki-kokkuvote-4","status":"publish","type":"page","link":"https:\/\/sisu.ut.ee\/6ppimisttoetavhindamine\/ploki-kokkuvote-4\/","title":{"rendered":"Ploki kokkuv\u00f5te"},"content":{"rendered":"<p>Selles plokis peatusime edukriteeriumidel, sellel, miks on vajalik neid \u00f5pilastega jagada ning kuidas kavandada l\u00f5imitud ja mitmesuguste p\u00e4devuste arengut toetavat \u00f5ppe\u00fclesannet edukriteeriume kasutades.<\/p>\n<p>Ploki kokkuv\u00f5tteks pakume teile praktilise \u00fclesande, mida on k\u00f5ige parem teha koos kolleegiga.<\/p>\n<h4><span style=\"color: #ff6600;\"><img loading=\"lazy\" decoding=\"async\" width=\"50\" height=\"46\" class=\"alignnone wp-image-66\" style=\"color: #565656; font-size: 14px; line-height: 21px;\" title=\"m6ttemull_v.jpg\" src=\"https:\/\/sisu.ut.ee\/wp-content\/uploads\/sites\/97\/m6ttemull_v.jpg\" alt=\"m6ttemull_v.jpg\">\u00a0\u00a0<strong><span style=\"background-color: #ffffff;\">Praktiline \u00fclesanne<\/span><\/strong><\/span><\/h4>\n<div style=\"padding-left: 60px;\">Koostage koos \u00f5pilastega \u00fche \u00fclesande edukriteeriumide loend.<\/div>\n<div style=\"padding-left: 60px;\">Kutsuge kolleeg vaatama tundi, kus arutate \u00f5pilastega edukriteeriume.<\/div>\n<p style=\"padding-left: 60px;\">Paluge kolleegilt tagasisidet, kuidas kriteeriumite v\u00e4ljat\u00f6\u00f6tamine \u00f5nnestus!<\/p>\n<p><strong>\u00a0Selle ploki\u00a0materjalid omandanud\u00a0\u00f5petaja oskab<\/strong><\/p>\n<ul>\n<li>selgitada, kuidas erinevad detailsed (tasemete kaupa avatud) hindamiskriteeriumid (hindamismudelid) ja edukriteeriumid<\/li>\n<li>p\u00f5hjendada, miks on oluline kaasata \u00f5pilased edukriteeriumide kokkuleppimisse<\/li>\n<li>tuua n\u00e4iteid selle kohta, millised v\u00f5iksid olla edukriteeriumid<\/li>\n<\/ul>\n<p>Loodame, et te ei piirdu nimetamise, selgitamise ja v\u00f5rdlemisega, vaid t\u00e4iendate oma hindamise-alast kirjaoskust ning suudate edukriteeriume oma t\u00f6\u00f6s kasutada ning kaasata \u00f5pilased kriteeriumide loomisesse.<\/p>\n<p><strong>Loe lisaks!<\/strong><\/p>\n<p>Edukriteeriumidest kui \u00fchest hindamisel saadava info kaalumise alusest on juttu ka raamatu \u201cKujundav hindamine kui \u00f5ppimist toetav hindamine\u201d 5.6 alapeat\u00fckis. Lisaks kirjeldatakse seal erinevat t\u00fc\u00fcpi hindamismudelite (st tabelite, kus edukriteeriumid on lahti kirjutatud detailselt ja tasemeti) kasutamist.<\/p>\n","protected":false},"excerpt":{"rendered":"<p>Selles plokis peatusime edukriteeriumidel, sellel, miks on vajalik neid \u00f5pilastega jagada ning kuidas kavandada l\u00f5imitud ja mitmesuguste p\u00e4devuste arengut toetavat \u00f5ppe\u00fclesannet edukriteeriume kasutades. Ploki kokkuv\u00f5tteks pakume teile praktilise \u00fclesande, mida on k\u00f5ige parem teha koos kolleegiga. \u00a0\u00a0Praktiline \u00fclesanne Koostage koos &#8230;<\/p>\n","protected":false},"author":36,"featured_media":0,"parent":0,"menu_order":0,"comment_status":"closed","ping_status":"closed","template":"","meta":{"_acf_changed":false,"inline_featured_image":false,"footnotes":""},"class_list":["post-50","page","type-page","status-publish","hentry"],"acf":[],"_links":{"self":[{"href":"https:\/\/sisu.ut.ee\/6ppimisttoetavhindamine\/wp-json\/wp\/v2\/pages\/50","targetHints":{"allow":["GET"]}}],"collection":[{"href":"https:\/\/sisu.ut.ee\/6ppimisttoetavhindamine\/wp-json\/wp\/v2\/pages"}],"about":[{"href":"https:\/\/sisu.ut.ee\/6ppimisttoetavhindamine\/wp-json\/wp\/v2\/types\/page"}],"author":[{"embeddable":true,"href":"https:\/\/sisu.ut.ee\/6ppimisttoetavhindamine\/wp-json\/wp\/v2\/users\/36"}],"replies":[{"embeddable":true,"href":"https:\/\/sisu.ut.ee\/6ppimisttoetavhindamine\/wp-json\/wp\/v2\/comments?post=50"}],"version-history":[{"count":3,"href":"https:\/\/sisu.ut.ee\/6ppimisttoetavhindamine\/wp-json\/wp\/v2\/pages\/50\/revisions"}],"predecessor-version":[{"id":272,"href":"https:\/\/sisu.ut.ee\/6ppimisttoetavhindamine\/wp-json\/wp\/v2\/pages\/50\/revisions\/272"}],"wp:attachment":[{"href":"https:\/\/sisu.ut.ee\/6ppimisttoetavhindamine\/wp-json\/wp\/v2\/media?parent=50"}],"curies":[{"name":"wp","href":"https:\/\/api.w.org\/{rel}","templated":true}]}}