{"id":5,"date":"2024-04-03T23:27:12","date_gmt":"2024-04-03T20:27:12","guid":{"rendered":"https:\/\/sisu.ut.ee\/6ppimisttoetavhindamine\/kehaline-kasvatus\/"},"modified":"2024-04-03T23:27:35","modified_gmt":"2024-04-03T20:27:35","slug":"kehaline-kasvatus","status":"publish","type":"page","link":"https:\/\/sisu.ut.ee\/6ppimisttoetavhindamine\/kehaline-kasvatus\/","title":{"rendered":"Kehaline kasvatus"},"content":{"rendered":"<p>KEHALINE KASVATUS: Koordinatsioonikombinatsioon. \u00d5petaja \u00dclle<\/p>\n<table class=\"table table-hover\" border=\"1\" cellpadding=\"0\" cellspacing=\"0\">\n<tbody>\n<tr>\n<td valign=\"top\">\n<p align=\"center\"><span style=\"font-size: small\">\u00a0<\/span><\/p>\n<\/td>\n<td valign=\"top\">\n<p align=\"center\"><span style=\"font-size: small\"><strong>Kuhu \u00f5ppija l\u00e4heb?<\/strong><\/span><\/p>\n<\/td>\n<td valign=\"top\">\n<p align=\"center\"><span style=\"font-size: small\"><strong>Kus ta hetkel on?<\/strong><\/span><\/p>\n<\/td>\n<td valign=\"top\">\n<p align=\"center\"><span style=\"font-size: small\"><strong>Kuidas soovitut saavutada?<\/strong><\/span><\/p>\n<\/td>\n<\/tr>\n<tr>\n<td valign=\"top\">\n<p align=\"center\"><span style=\"font-size: small\"><strong>\u00d5petaja<\/strong><\/span><\/p>\n<\/td>\n<td valign=\"top\">\n<p><span style=\"font-size: small\">Koordinatsioonikombinatsiooni demonstratsioon. Hindamiskriteeriumite tutvustamine:<\/span><\/p>\n<ul>\n<li><span style=\"font-size: small\">esitamise\/esinemise korrektsus\/puhtus,<\/span><\/li>\n<li><span style=\"font-size: small\">koost\u00f6\u00f6 ja \u00fchtsus kaasesinejatega,<\/span><\/li>\n<li><span style=\"font-size: small\">vigade (m\u00f5ttepausid-seiskumine, valed liigutused, eba\u00fchtlane tempo\/r\u00fctm) arv.<\/span><\/li>\n<li><span style=\"font-size: small\">Tugevamad \u00f5pilased (eriti v\u00f5imlejad) v\u00f5ivad muuta ka harjutuste suunda (ruumitaju), mis annab plusspunkte.<\/span><\/li>\n<\/ul>\n<\/td>\n<td valign=\"top\">\n<p><span style=\"font-size: small\">\u00d5ppijate soorituste vaatlus, vajadusel probleemsete kohtade v\u00e4ljatoomine, \u00f5ige soorituse etten\u00e4itamine.<\/span><\/p>\n<\/td>\n<td valign=\"top\">\n<p><span style=\"font-size: small\">Kombinatsiooni osadeks jaotamine (edaldi k\u00e4te ja jalgade t\u00f6\u00f6), aeglases tempos alustamine.<\/span><\/p>\n<\/td>\n<\/tr>\n<tr>\n<td valign=\"top\">\n<p align=\"center\"><span style=\"font-size: small\"><strong>Kaas\u00f5pilane<\/strong><\/span><\/p>\n<\/td>\n<td valign=\"top\">\n<p><span style=\"font-size: small\">\u00d5ppijad omandavad kombinatsiooni ja selgitavad kaaslastele, mida ja kuidas teha.<\/span><\/p>\n<\/td>\n<td colspan=\"2\" valign=\"top\">\n<p><span style=\"font-size: small\">\u00d5pilased harjutavad paaris, kolmikutes, nelikutes, \u00fcksteist vastastikku vajadusel abistades.<\/span><\/p>\n<\/td>\n<\/tr>\n<tr>\n<td valign=\"top\">\n<p align=\"center\"><span style=\"font-size: small\"><strong>\u00d5ppija<\/strong><\/span><\/p>\n<\/td>\n<td valign=\"top\">\n<p align=\"center\"><span style=\"font-size: small\">\u00a0<\/span><\/p>\n<\/td>\n<td colspan=\"2\" valign=\"top\">\n<p><span style=\"font-size: small\">\u00d5ppija saab oma sooritust v\u00f5rrelda \u00f5petaja ja kaaslaste omaga ning ka oma esialgse sooritusega (hinnata arengut).<\/span><\/p>\n<\/td>\n<\/tr>\n<\/tbody>\n<\/table>\n","protected":false},"excerpt":{"rendered":"<p>KEHALINE KASVATUS: Koordinatsioonikombinatsioon. \u00d5petaja \u00dclle \u00a0 Kuhu \u00f5ppija l\u00e4heb? Kus ta hetkel on? Kuidas soovitut saavutada? \u00d5petaja Koordinatsioonikombinatsiooni demonstratsioon. Hindamiskriteeriumite tutvustamine: esitamise\/esinemise korrektsus\/puhtus, koost\u00f6\u00f6 ja \u00fchtsus kaasesinejatega, vigade (m\u00f5ttepausid-seiskumine, valed liigutused, eba\u00fchtlane tempo\/r\u00fctm) arv. Tugevamad \u00f5pilased (eriti v\u00f5imlejad) v\u00f5ivad muuta &#8230;<\/p>\n","protected":false},"author":36,"featured_media":0,"parent":0,"menu_order":0,"comment_status":"closed","ping_status":"closed","template":"","meta":{"_acf_changed":false,"inline_featured_image":false,"footnotes":""},"class_list":["post-5","page","type-page","status-publish","hentry"],"acf":[],"_links":{"self":[{"href":"https:\/\/sisu.ut.ee\/6ppimisttoetavhindamine\/wp-json\/wp\/v2\/pages\/5","targetHints":{"allow":["GET"]}}],"collection":[{"href":"https:\/\/sisu.ut.ee\/6ppimisttoetavhindamine\/wp-json\/wp\/v2\/pages"}],"about":[{"href":"https:\/\/sisu.ut.ee\/6ppimisttoetavhindamine\/wp-json\/wp\/v2\/types\/page"}],"author":[{"embeddable":true,"href":"https:\/\/sisu.ut.ee\/6ppimisttoetavhindamine\/wp-json\/wp\/v2\/users\/36"}],"replies":[{"embeddable":true,"href":"https:\/\/sisu.ut.ee\/6ppimisttoetavhindamine\/wp-json\/wp\/v2\/comments?post=5"}],"version-history":[{"count":1,"href":"https:\/\/sisu.ut.ee\/6ppimisttoetavhindamine\/wp-json\/wp\/v2\/pages\/5\/revisions"}],"predecessor-version":[{"id":184,"href":"https:\/\/sisu.ut.ee\/6ppimisttoetavhindamine\/wp-json\/wp\/v2\/pages\/5\/revisions\/184"}],"wp:attachment":[{"href":"https:\/\/sisu.ut.ee\/6ppimisttoetavhindamine\/wp-json\/wp\/v2\/media?parent=5"}],"curies":[{"name":"wp","href":"https:\/\/api.w.org\/{rel}","templated":true}]}}