{"id":49,"date":"2024-04-03T23:27:15","date_gmt":"2024-04-03T20:27:15","guid":{"rendered":"https:\/\/sisu.ut.ee\/6ppimisttoetavhindamine\/ploki-kokkuvote-3\/"},"modified":"2024-09-02T12:06:51","modified_gmt":"2024-09-02T09:06:51","slug":"ploki-kokkuvote-3","status":"publish","type":"page","link":"https:\/\/sisu.ut.ee\/6ppimisttoetavhindamine\/ploki-kokkuvote-3\/","title":{"rendered":"Ploki kokkuv\u00f5te"},"content":{"rendered":"<p><strong>Selle ploki materjalid omandanud \u00f5petaja oskab<\/strong><\/p>\n<ul>\n<li>selgitada, milliseid eeliseid annab \u00f5ppijate kaasamine hindamisprotsessi<\/li>\n<li>kirjeldada eesm\u00e4rkide tutvustamise, jagamise ja \u00f5ppijate eesm\u00e4rgistamisse kaasamise erinevusi<\/li>\n<li>nimetada m\u00f5ned praktilised v\u00f5tted, mis aitavad \u00f5ppijad kaastata eesm\u00e4rkide jagamisse ja eesm\u00e4rkide seadmisesse<\/li>\n<li>nimetada m\u00f5ned enese- ja kaaslasehindamine v\u00f5tted<\/li>\n<\/ul>\n<p>Loodame, et te ei piirdu nimetamise, selgitamise ja kirjeldamisega, vaid rakendate neid v\u00f5tteid ka oma t\u00f6\u00f6s, oskate ja suudate tulemusi anal\u00fc\u00fcsida ning enda ja oma \u00f5pilaste jaoks parima \u201cpaketi\u201d kokku panna.<\/p>\n<p><strong>Loe lisaks!<\/strong><\/p>\n<p>Hindamismeetoditeid, mida saab edukalt kasutada enese- ja kaaslasehindamiseks, leiab raamatust \u201c\u00d5hinap\u00f5hine kool\u201d (Feldschmidt, T\u00fcrk 2013) ja\u00a0raamatu \u201cKujundav hindamine kui \u00f5ppimist toetav hindamine\u201d 5.4 alapeat\u00fckis.<\/p>\n","protected":false},"excerpt":{"rendered":"<p>Selle ploki materjalid omandanud \u00f5petaja oskab selgitada, milliseid eeliseid annab \u00f5ppijate kaasamine hindamisprotsessi kirjeldada eesm\u00e4rkide tutvustamise, jagamise ja \u00f5ppijate eesm\u00e4rgistamisse kaasamise erinevusi nimetada m\u00f5ned praktilised v\u00f5tted, mis aitavad \u00f5ppijad kaastata eesm\u00e4rkide jagamisse ja eesm\u00e4rkide seadmisesse nimetada m\u00f5ned enese- ja kaaslasehindamine &#8230;<\/p>\n","protected":false},"author":36,"featured_media":0,"parent":0,"menu_order":0,"comment_status":"closed","ping_status":"closed","template":"","meta":{"_acf_changed":false,"inline_featured_image":false,"footnotes":""},"class_list":["post-49","page","type-page","status-publish","hentry"],"acf":[],"_links":{"self":[{"href":"https:\/\/sisu.ut.ee\/6ppimisttoetavhindamine\/wp-json\/wp\/v2\/pages\/49","targetHints":{"allow":["GET"]}}],"collection":[{"href":"https:\/\/sisu.ut.ee\/6ppimisttoetavhindamine\/wp-json\/wp\/v2\/pages"}],"about":[{"href":"https:\/\/sisu.ut.ee\/6ppimisttoetavhindamine\/wp-json\/wp\/v2\/types\/page"}],"author":[{"embeddable":true,"href":"https:\/\/sisu.ut.ee\/6ppimisttoetavhindamine\/wp-json\/wp\/v2\/users\/36"}],"replies":[{"embeddable":true,"href":"https:\/\/sisu.ut.ee\/6ppimisttoetavhindamine\/wp-json\/wp\/v2\/comments?post=49"}],"version-history":[{"count":2,"href":"https:\/\/sisu.ut.ee\/6ppimisttoetavhindamine\/wp-json\/wp\/v2\/pages\/49\/revisions"}],"predecessor-version":[{"id":277,"href":"https:\/\/sisu.ut.ee\/6ppimisttoetavhindamine\/wp-json\/wp\/v2\/pages\/49\/revisions\/277"}],"wp:attachment":[{"href":"https:\/\/sisu.ut.ee\/6ppimisttoetavhindamine\/wp-json\/wp\/v2\/media?parent=49"}],"curies":[{"name":"wp","href":"https:\/\/api.w.org\/{rel}","templated":true}]}}