{"id":48,"date":"2024-04-03T23:27:14","date_gmt":"2024-04-03T20:27:14","guid":{"rendered":"https:\/\/sisu.ut.ee\/6ppimisttoetavhindamine\/oppijate-kaasamise-ohud\/"},"modified":"2024-04-03T23:27:34","modified_gmt":"2024-04-03T20:27:34","slug":"oppijate-kaasamise-ohud","status":"publish","type":"page","link":"https:\/\/sisu.ut.ee\/6ppimisttoetavhindamine\/oppijate-kaasamise-ohud\/","title":{"rendered":"\u00d5ppijate kaasamise ohud"},"content":{"rendered":"<p>Kas me ikka julgeme kaasata \u00f5ppijaid hindamisprotsessi?<\/p>\n\n<p><img loading=\"lazy\" decoding=\"async\" width=\"50\" height=\"46\" class=\"alignnone wp-image-66\" src=\"https:\/\/sisu.ut.ee\/wp-content\/uploads\/sites\/97\/m6ttemull_v.jpg\" title=\"m6ttemull_v.jpg\" alt=\"m6ttemull_v.jpg\">\u00a0 \u00a0<strong style=\"color: #ff6600;font-family: inherit;font-size: 18px;line-height: 1.1\">M\u00f5tlemis\u00fclesanne<\/strong><\/p>\n<p style=\"padding-left: 60px\"><span style=\"color: #000000;background-color: #ffffff\">Milliseid ohte enese- ja kaaslasehindamine endaga kaasa tuua v\u00f5ib?<\/span><\/p>\n<p style=\"padding-left: 60px\"><span style=\"color: #000000;background-color: #ffffff\">Kuidas neist ohtudest \u00fcle v\u00f5iks saada?<\/span><\/p>\n<p><span style=\"color: #000000;background-color: #ffffff\">J\u00e4rgnev videoesitlus pakub nimetatud k\u00fcsimustele vastuseid eri vaatenurkadest \u2013\u00a0mida enese- ja kaaslasehindamise kasutamine eeldab \u00f5petajalt, mida \u00f5pilastelt, ning sisaldab soovitusi karide v\u00e4ltimiseks.<\/span><\/p>\n<p><span style=\"color: #000000;background-color: #ffffff\"><div class=\"ratio ratio-16x9 mb-3\"><div class=\"video-placeholder-wrapper video-placeholder-wrapper--16x9\">\n\t\t\t    <div class=\"video-placeholder d-flex justify-content-center align-items-center\">\n\t\t\t        <div class=\"overlay text-white p-2 w-100 text-center d-block justify-content-center align-items-center\">\n\t\t\t            <div>Kolmandate osapoolte sisu n\u00e4gemiseks palun n\u00f5ustu k\u00fcpsistega.<\/div>\n\t\t\t            <button class=\"btn btn-secondary btn-sm mt-1 consent-change\">Muuda n\u00f5usolekut<\/button>\n\t\t\t        <\/div>\n\t\t\t    <\/div>\n\t\t\t<\/div>\n<\/div><\/span><\/p>\n","protected":false},"excerpt":{"rendered":"<p>Kas me ikka julgeme kaasata \u00f5ppijaid hindamisprotsessi? \u00a0 \u00a0M\u00f5tlemis\u00fclesanne Milliseid ohte enese- ja kaaslasehindamine endaga kaasa tuua v\u00f5ib? Kuidas neist ohtudest \u00fcle v\u00f5iks saada? J\u00e4rgnev videoesitlus pakub nimetatud k\u00fcsimustele vastuseid eri vaatenurkadest \u2013\u00a0mida enese- ja kaaslasehindamise kasutamine eeldab \u00f5petajalt, mida &#8230;<\/p>\n","protected":false},"author":36,"featured_media":0,"parent":0,"menu_order":0,"comment_status":"closed","ping_status":"closed","template":"","meta":{"_acf_changed":false,"inline_featured_image":false,"footnotes":""},"class_list":["post-48","page","type-page","status-publish","hentry"],"acf":[],"_links":{"self":[{"href":"https:\/\/sisu.ut.ee\/6ppimisttoetavhindamine\/wp-json\/wp\/v2\/pages\/48","targetHints":{"allow":["GET"]}}],"collection":[{"href":"https:\/\/sisu.ut.ee\/6ppimisttoetavhindamine\/wp-json\/wp\/v2\/pages"}],"about":[{"href":"https:\/\/sisu.ut.ee\/6ppimisttoetavhindamine\/wp-json\/wp\/v2\/types\/page"}],"author":[{"embeddable":true,"href":"https:\/\/sisu.ut.ee\/6ppimisttoetavhindamine\/wp-json\/wp\/v2\/users\/36"}],"replies":[{"embeddable":true,"href":"https:\/\/sisu.ut.ee\/6ppimisttoetavhindamine\/wp-json\/wp\/v2\/comments?post=48"}],"version-history":[{"count":1,"href":"https:\/\/sisu.ut.ee\/6ppimisttoetavhindamine\/wp-json\/wp\/v2\/pages\/48\/revisions"}],"predecessor-version":[{"id":160,"href":"https:\/\/sisu.ut.ee\/6ppimisttoetavhindamine\/wp-json\/wp\/v2\/pages\/48\/revisions\/160"}],"wp:attachment":[{"href":"https:\/\/sisu.ut.ee\/6ppimisttoetavhindamine\/wp-json\/wp\/v2\/media?parent=48"}],"curies":[{"name":"wp","href":"https:\/\/api.w.org\/{rel}","templated":true}]}}