{"id":46,"date":"2024-04-03T23:27:14","date_gmt":"2024-04-03T20:27:14","guid":{"rendered":"https:\/\/sisu.ut.ee\/6ppimisttoetavhindamine\/miks-kaasata-oppijaid-hindamisse\/"},"modified":"2024-04-03T23:27:34","modified_gmt":"2024-04-03T20:27:34","slug":"miks-kaasata-oppijaid-hindamisse","status":"publish","type":"page","link":"https:\/\/sisu.ut.ee\/6ppimisttoetavhindamine\/miks-kaasata-oppijaid-hindamisse\/","title":{"rendered":"Miks kaasata \u00f5ppijaid hindamisse?"},"content":{"rendered":"<h4><\/h4>\n<h4><span style=\"color: #ff6600\"><img loading=\"lazy\" decoding=\"async\" width=\"50\" height=\"46\" class=\"alignnone wp-image-66\" style=\"color: #565656;font-size: 14px;line-height: 21px\" src=\"https:\/\/sisu.ut.ee\/wp-content\/uploads\/sites\/97\/m6ttemull_v.jpg\" title=\"m6ttemull_v.jpg\" alt=\"m6ttemull_v.jpg\">\u00a0\u00a0<strong><span style=\"background-color: #ffffff\">M\u00f5tlemis\u00fclesanne<\/span><\/strong><\/span><\/h4>\n<p style=\"padding-left: 60px\">M\u00f5elge, millist kasu v\u00f5iks s\u00fcndida enese- ja kaaslasehindamisest:<\/p>\n<ul>\n<ul style=\"list-style-type: disc\">\n<li><span style=\"font-size: 14px\">\u00f5petajale<\/span><\/li>\n<li><span style=\"font-size: 14px\">\u00f5pilastele<\/span><\/li>\n<\/ul>\n<\/ul>\n<p style=\"padding-left: 60px\">Vaadake j\u00e4rgnevat videol\u00f5iku.\u00a0Kas saite oma ideedele\u00a0kinnitust?\u00a0Kas saite\u00a0ka m\u00f5ne uue idee?<\/p>\n<p><\/p><div class=\"ratio ratio-16x9 mb-3\"><div class=\"video-placeholder-wrapper video-placeholder-wrapper--16x9\">\n\t\t\t    <div class=\"video-placeholder d-flex justify-content-center align-items-center\">\n\t\t\t        <div class=\"overlay text-white p-2 w-100 text-center d-block justify-content-center align-items-center\">\n\t\t\t            <div>Kolmandate osapoolte sisu n\u00e4gemiseks palun n\u00f5ustu k\u00fcpsistega.<\/div>\n\t\t\t            <button class=\"btn btn-secondary btn-sm mt-1 consent-change\">Muuda n\u00f5usolekut<\/button>\n\t\t\t        <\/div>\n\t\t\t    <\/div>\n\t\t\t<\/div>\n<\/div>\n\n<h4><span><img loading=\"lazy\" decoding=\"async\" width=\"50\" height=\"46\" class=\"alignnone wp-image-66\" src=\"https:\/\/sisu.ut.ee\/wp-content\/uploads\/sites\/97\/m6ttemull_v.jpg\" title=\"m6ttemull_v.jpg\" alt=\"m6ttemull_v.jpg\">\u00a0\u00a0<span style=\"color: #ff6600\"><strong>M\u00f5tlemis\u00fclesanne<\/strong><\/span><\/span><\/h4>\n<h4 style=\"padding-left: 60px\"><span style=\"font-size: 14px;line-height: 21px\">Tooge v\u00e4lja m\u00f5ned argumendid, miks on<\/span><\/h4>\n<ul>\n<ul style=\"list-style-type: disc\">\n<li><span style=\"font-size: 14px\">\u00f5petaja tagasiside parem kui kaaslase oma?<\/span><\/li>\n<li><span style=\"font-size: 14px\">kaaslase tagasiside parem kui \u00f5petaja oma?<\/span><\/li>\n<\/ul>\n<\/ul>\n<p style=\"padding-left: 60px\"><span style=\"font-size: 14px;line-height: 21px\">Arutlege sel teemal ka oma kolleegidega. Aruteluks ideede saamiseks vaadake j\u00e4rgnevat videol\u00f5iku.<\/span><\/p>\n<p><span style=\"font-size: 14px;line-height: 21px\"><div class=\"ratio ratio-16x9 mb-3\"><div class=\"video-placeholder-wrapper video-placeholder-wrapper--16x9\">\n\t\t\t    <div class=\"video-placeholder d-flex justify-content-center align-items-center\">\n\t\t\t        <div class=\"overlay text-white p-2 w-100 text-center d-block justify-content-center align-items-center\">\n\t\t\t            <div>Kolmandate osapoolte sisu n\u00e4gemiseks palun n\u00f5ustu k\u00fcpsistega.<\/div>\n\t\t\t            <button class=\"btn btn-secondary btn-sm mt-1 consent-change\">Muuda n\u00f5usolekut<\/button>\n\t\t\t        <\/div>\n\t\t\t    <\/div>\n\t\t\t<\/div>\n<\/div><\/span><\/p>\n","protected":false},"excerpt":{"rendered":"<p>\u00a0\u00a0M\u00f5tlemis\u00fclesanne M\u00f5elge, millist kasu v\u00f5iks s\u00fcndida enese- ja kaaslasehindamisest: \u00f5petajale \u00f5pilastele Vaadake j\u00e4rgnevat videol\u00f5iku.\u00a0Kas saite oma ideedele\u00a0kinnitust?\u00a0Kas saite\u00a0ka m\u00f5ne uue idee? Kolmandate osapoolte sisu n\u00e4gemiseks palun n\u00f5ustu k\u00fcpsistega. Muuda n\u00f5usolekut \u00a0\u00a0M\u00f5tlemis\u00fclesanne Tooge v\u00e4lja m\u00f5ned argumendid, miks on \u00f5petaja tagasiside parem &#8230;<\/p>\n","protected":false},"author":36,"featured_media":0,"parent":0,"menu_order":0,"comment_status":"closed","ping_status":"closed","template":"","meta":{"_acf_changed":false,"inline_featured_image":false,"footnotes":""},"class_list":["post-46","page","type-page","status-publish","hentry"],"acf":[],"_links":{"self":[{"href":"https:\/\/sisu.ut.ee\/6ppimisttoetavhindamine\/wp-json\/wp\/v2\/pages\/46","targetHints":{"allow":["GET"]}}],"collection":[{"href":"https:\/\/sisu.ut.ee\/6ppimisttoetavhindamine\/wp-json\/wp\/v2\/pages"}],"about":[{"href":"https:\/\/sisu.ut.ee\/6ppimisttoetavhindamine\/wp-json\/wp\/v2\/types\/page"}],"author":[{"embeddable":true,"href":"https:\/\/sisu.ut.ee\/6ppimisttoetavhindamine\/wp-json\/wp\/v2\/users\/36"}],"replies":[{"embeddable":true,"href":"https:\/\/sisu.ut.ee\/6ppimisttoetavhindamine\/wp-json\/wp\/v2\/comments?post=46"}],"version-history":[{"count":1,"href":"https:\/\/sisu.ut.ee\/6ppimisttoetavhindamine\/wp-json\/wp\/v2\/pages\/46\/revisions"}],"predecessor-version":[{"id":158,"href":"https:\/\/sisu.ut.ee\/6ppimisttoetavhindamine\/wp-json\/wp\/v2\/pages\/46\/revisions\/158"}],"wp:attachment":[{"href":"https:\/\/sisu.ut.ee\/6ppimisttoetavhindamine\/wp-json\/wp\/v2\/media?parent=46"}],"curies":[{"name":"wp","href":"https:\/\/api.w.org\/{rel}","templated":true}]}}