{"id":44,"date":"2024-04-03T23:27:14","date_gmt":"2024-04-03T20:27:14","guid":{"rendered":"https:\/\/sisu.ut.ee\/6ppimisttoetavhindamine\/ploki-kokkuvote-2\/"},"modified":"2024-09-02T10:45:34","modified_gmt":"2024-09-02T07:45:34","slug":"ploki-kokkuvote-2","status":"publish","type":"page","link":"https:\/\/sisu.ut.ee\/6ppimisttoetavhindamine\/ploki-kokkuvote-2\/","title":{"rendered":"Planeerimine enne hindamismeetodi valikut"},"content":{"rendered":"<p><strong>Hariduse peamiseks eesm\u00e4rgiks peaks olema \u00f5pilaste areng, nende arusaamise arendamine ja s\u00fcvendamine.<\/strong> Kuidas seda teha?<\/p>\n<p>\u00d5pilaste arusaamise tase avaldub k\u00f5ige t\u00f5husamalt olukorras, kus \u00f5pilastele pakutakse mitmetahulisi, iseseisvat selgitamist ja t\u00f5lgendamist n\u00f5udvaid \u00fclesandeid. Tehes neile \u00fclesandeks vaadelda \u00f5pitut teisest vaatenurgast, asetada teadmised uude konteksti ja paludes neil seejuures iseenda \u00f5ppimist anal\u00fc\u00fcsida, saab \u00f5petaja hinnata, kuidas tema \u00f5pilased \u00f5pitust aru on saanud.<\/p>\n<p>J\u00e4rgnevas videoesitluses vaatleme, mida hindamismeetodi valikul silmas pidada.<\/p>\n<p><\/p><div class=\"ratio ratio-16x9 mb-3\"><div class=\"video-placeholder-wrapper video-placeholder-wrapper--16x9\">\n\t\t\t    <div class=\"video-placeholder d-flex justify-content-center align-items-center\">\n\t\t\t        <div class=\"overlay text-white p-2 w-100 text-center d-block justify-content-center align-items-center\">\n\t\t\t            <div>Kolmandate osapoolte sisu n\u00e4gemiseks palun n\u00f5ustu k\u00fcpsistega.<\/div>\n\t\t\t            <button class=\"btn btn-secondary btn-sm mt-1 consent-change\">Muuda n\u00f5usolekut<\/button>\n\t\t\t        <\/div>\n\t\t\t    <\/div>\n\t\t\t<\/div>\n<\/div>\n<div class=\"contextual-controls-wrapper\"><\/div>\n<div id=\"content-panels\" class=\"at-panel gpanel panel-display content clearfix\">\n<div class=\"region region-content-top  \">\n<div id=\"block-os-pages-main-content\" class=\"block block-os-pages contextual-links-region\">\n<div class=\"content\">\n<div id=\"node-4920\" class=\"node node-page clearfix\">\n<div class=\"content\">\n<div class=\"field field-name-body field-type-text-with-summary field-label-hidden\">\n<div class=\"field-items\">\n<div class=\"field-item even\">\n<h4><img loading=\"lazy\" decoding=\"async\" class=\"alignnone size-full wp-image-66\" src=\"https:\/\/sisu.ut.ee\/wp-content\/uploads\/sites\/97\/m6ttemull_v.jpg\" alt=\"\" width=\"50\" height=\"46\">\u00a0 <span style=\"color: #ff6600;\"><strong>M\u00f5tlemis\u00fclesanne<\/strong><\/span><\/h4>\n<p><\/p><div class=\"accordion mb-3\">\n        <div class=\"accordion-item accordion-item--white\">\n        <h2 class=\"accordion-header\" id=\"accordion-69de329c77017-heading\">\n            <button class=\"accordion-button collapsed\" type=\"button\" data-bs-toggle=\"collapse\" data-bs-target=\"#accordion-69de329c77017-collapse\" aria-expanded=\"true\" aria-controls=\"accordion-69de329c77017-collapse\"> Millistele \u00f5petamise aspektidele tuleb m\u00f5elda \u201cfini\u0161ist\u201d alustamise meetodit kasutades?<\/button>\n        <\/h2>\n        <div id=\"accordion-69de329c77017-collapse\" class=\"accordion-collapse collapse\" aria-labelledby=\"accordion-69de329c77017-heading\">\n            <div class=\"accordion-body\">Vaadake \u00fcle ja pange vajaduse korral ka kirja, milliste p\u00e4devuste kujunemist kooliastme l\u00f5puks eeldab riiklik \u00f5ppekava. Millised \u00f5pieesm\u00e4rgid olete oma \u00f5pilastele seadnud selleks aastaks? Millised j\u00e4rgmiseks kaheks-kolmeks aastaks? Millised teadmised, oskused ja hoiakud peaksid olema \u00f5pilastel veerandi l\u00f5puks? Millised v\u00f5iksid need olla paari aasta perspektiivis? Ja k\u00f5ige l\u00f5puks \u2013 kas need kolm astet on omavahel loogilises koosk\u00f5las ja j\u00e4rgnevuses?<\/div>\n        <\/div>\n        <\/div>\n    <\/div>\n<p><\/p><div class=\"accordion mb-3\">\n        <div class=\"accordion-item accordion-item--white\">\n        <h2 class=\"accordion-header\" id=\"accordion-69de329c7701d-heading\">\n            <button class=\"accordion-button collapsed\" type=\"button\" data-bs-toggle=\"collapse\" data-bs-target=\"#accordion-69de329c7701d-collapse\" aria-expanded=\"true\" aria-controls=\"accordion-69de329c7701d-collapse\">M\u00f5elge, MIDA ja MILLEKS hindate?<\/button>\n        <\/h2>\n        <div id=\"accordion-69de329c7701d-collapse\" class=\"accordion-collapse collapse\" aria-labelledby=\"accordion-69de329c7701d-heading\">\n            <div class=\"accordion-body\">Hindamismeetodite valimisel on oluline l\u00e4bi m\u00f5elda, mida hindamistulemustega peale hakata? Kas teil on vaja hinnata selleks, et kavandada edaspidist t\u00f6\u00f6d \u00f5pilastega v\u00f5i hinnata \u00f5pilaste saavutusi? Teisis\u00f5nu, kas tegu on edasiviiva tagasisidega v\u00f5i on teil tarvis kokkuv\u00f5tlikku \u00fclevaadet ja v\u00f5ite sellega piirduda?<\/div>\n        <\/div>\n        <\/div>\n    <\/div>\n<p><\/p><div class=\"accordion mb-3\">\n        <div class=\"accordion-item accordion-item--white\">\n        <h2 class=\"accordion-header\" id=\"accordion-69de329c7701f-heading\">\n            <button class=\"accordion-button collapsed\" type=\"button\" data-bs-toggle=\"collapse\" data-bs-target=\"#accordion-69de329c7701f-collapse\" aria-expanded=\"true\" aria-controls=\"accordion-69de329c7701f-collapse\">Mis aitab \u00f5petajat sobiva hindamismeetodi valimisel k\u00f5ige enam?<\/button>\n        <\/h2>\n        <div id=\"accordion-69de329c7701f-collapse\" class=\"accordion-collapse collapse\" aria-labelledby=\"accordion-69de329c7701f-heading\">\n            <div class=\"accordion-body\">Pidage meeles, et mida selgemalt on s\u00f5nastatud \u00f5pitulemused, seda kergem on leida sobivat hindamismeetodit. \u00dchtlasi h\u00f5lbustab selgelt ja kitsalt s\u00f5nastatud \u00f5pitulemus s\u00f5nastada oskused ja teadmised, mida \u00f5pilasel uuest teemast arusaamiseks vaja l\u00e4heb.<\/div>\n        <\/div>\n        <\/div>\n    <\/div>\n<h4><\/h4>\n<\/div>\n<\/div>\n<\/div>\n<\/div>\n<\/div>\n<\/div>\n<\/div>\n<\/div>\n<\/div>\n","protected":false},"excerpt":{"rendered":"<p>Hariduse peamiseks eesm\u00e4rgiks peaks olema \u00f5pilaste areng, nende arusaamise arendamine ja s\u00fcvendamine. Kuidas seda teha? \u00d5pilaste arusaamise tase avaldub k\u00f5ige t\u00f5husamalt olukorras, kus \u00f5pilastele pakutakse mitmetahulisi, iseseisvat selgitamist ja t\u00f5lgendamist n\u00f5udvaid \u00fclesandeid. Tehes neile \u00fclesandeks vaadelda \u00f5pitut teisest vaatenurgast, asetada &#8230;<\/p>\n","protected":false},"author":36,"featured_media":0,"parent":0,"menu_order":0,"comment_status":"closed","ping_status":"closed","template":"","meta":{"_acf_changed":false,"inline_featured_image":false,"footnotes":""},"class_list":["post-44","page","type-page","status-publish","hentry"],"acf":[],"_links":{"self":[{"href":"https:\/\/sisu.ut.ee\/6ppimisttoetavhindamine\/wp-json\/wp\/v2\/pages\/44","targetHints":{"allow":["GET"]}}],"collection":[{"href":"https:\/\/sisu.ut.ee\/6ppimisttoetavhindamine\/wp-json\/wp\/v2\/pages"}],"about":[{"href":"https:\/\/sisu.ut.ee\/6ppimisttoetavhindamine\/wp-json\/wp\/v2\/types\/page"}],"author":[{"embeddable":true,"href":"https:\/\/sisu.ut.ee\/6ppimisttoetavhindamine\/wp-json\/wp\/v2\/users\/36"}],"replies":[{"embeddable":true,"href":"https:\/\/sisu.ut.ee\/6ppimisttoetavhindamine\/wp-json\/wp\/v2\/comments?post=44"}],"version-history":[{"count":2,"href":"https:\/\/sisu.ut.ee\/6ppimisttoetavhindamine\/wp-json\/wp\/v2\/pages\/44\/revisions"}],"predecessor-version":[{"id":199,"href":"https:\/\/sisu.ut.ee\/6ppimisttoetavhindamine\/wp-json\/wp\/v2\/pages\/44\/revisions\/199"}],"wp:attachment":[{"href":"https:\/\/sisu.ut.ee\/6ppimisttoetavhindamine\/wp-json\/wp\/v2\/media?parent=44"}],"curies":[{"name":"wp","href":"https:\/\/api.w.org\/{rel}","templated":true}]}}