{"id":43,"date":"2024-04-03T23:27:14","date_gmt":"2024-04-03T20:27:14","guid":{"rendered":"https:\/\/sisu.ut.ee\/6ppimisttoetavhindamine\/ploki-kokkuvote-1\/"},"modified":"2024-04-03T23:27:34","modified_gmt":"2024-04-03T20:27:34","slug":"ploki-kokkuvote-1","status":"publish","type":"page","link":"https:\/\/sisu.ut.ee\/6ppimisttoetavhindamine\/ploki-kokkuvote-1\/","title":{"rendered":"Ploki kokkuv\u00f5te"},"content":{"rendered":"<div class=\"field field-name-body field-type-text-with-summary field-label-hidden\">\n<div class=\"field-items\">\n<div class=\"field-item even\">\n<h4><\/h4>\n<h4><img loading=\"lazy\" decoding=\"async\" width=\"50\" height=\"46\" class=\"alignnone wp-image-66\" src=\"https:\/\/sisu.ut.ee\/wp-content\/uploads\/sites\/97\/m6ttemull_v.jpg\" title=\"m6ttemull_v.jpg\" alt=\"m6ttemull_v.jpg\">\u00a0\u00a0<span style=\"color: #ff6600\"><strong>Praktiline \u00fclesanne<\/strong><\/span><\/h4>\n<h4><\/h4>\n<p style=\"padding-left: 60px\"><span><em><span><span><\/span><\/span><\/em><\/span>Vaadake veelkord \u00fcle oma ainekava v\u00f5i t\u00f6\u00f6kava. Kuidas muuta seda nii, et oleks m\u00f5eldud ka eelhindamisele ja protsessihindamisele?<\/p>\n<h4 style=\"padding-left: 60px\"><\/h4>\n<p style=\"padding-left: 60px\">Kuidas seostada omavahel paremini \u00f5ppe- ja hindamismeetodeid?<\/p>\n<h4><\/h4>\n<p style=\"padding-left: 60px\">Kui \u00f5pite koos kolleegiga, siis arutage vastastikku muudatusettepanekuid ja viige need kavadesse sisse. V\u00f5ite alustada kasv\u00f5i \u00fchest teemast (sellest, mida plaanite j\u00e4rgmisena \u00f5petama hakata).<\/p>\n<h4><\/h4>\n<h4><\/h4>\n<h4><span style=\"color: #ff6600\"><img loading=\"lazy\" decoding=\"async\" width=\"50\" height=\"46\" class=\"alignnone wp-image-66\" style=\"color: inherit;font-family: inherit;font-size: 14px;line-height: 21px\" src=\"https:\/\/sisu.ut.ee\/wp-content\/uploads\/sites\/97\/m6ttemull_v.jpg\" title=\"m6ttemull_v.jpg\" alt=\"m6ttemull_v.jpg\">\u00a0<strong>M<\/strong><\/span><strong style=\"color: #ff6600;font-family: inherit;line-height: 1.1\">\u00f5tlemis\u00fclesanne<\/strong><\/h4>\n<p>\u00d5ppimist toetav hindamine on tulemusliku \u00f5ppeprotsessi lahutamatu osa.\u00a0<\/p>\n<p><\/p><div class=\"accordion mb-3\">\n        <div class=\"accordion-item accordion-item--white\">\n        <h2 class=\"accordion-header\" id=\"accordion-69de3508b307d-heading\">\n            <button class=\"accordion-button collapsed\" type=\"button\" data-bs-toggle=\"collapse\" data-bs-target=\"#accordion-69de3508b307d-collapse\" aria-expanded=\"true\" aria-controls=\"accordion-69de3508b307d-collapse\">Kuid kust leida selleks aega?<\/button>\n        <\/h2>\n        <div id=\"accordion-69de3508b307d-collapse\" class=\"accordion-collapse collapse\" aria-labelledby=\"accordion-69de3508b307d-heading\">\n            <div class=\"accordion-body\">Edasiviiva tagasiside andmine n\u00f5uab aga kindlasti rohkem aega, kui ainult hinnete panemine.\n<p>Aega n\u00f5uab ka \u00fchine eesm\u00e4rgistamine, andmete kogumine ja nende kasutamine kavandamisel ning k\u00f5ik muu kujundava hindamise alla kuuluv.<\/p>\n<p>Mille arvelt seda aega leida, kui programm on tihe?<\/p>\n<p>Eelk\u00f5ige \u201etavalise hindamise\u201c ehk hinnete panemise arvelt. Uue R\u00d5K tulekuga kaotas kehtivuse haridusministri m\u00e4\u00e4rus, mis n\u00f5udis igas aines l\u00f5pphinde v\u00e4ljapanekuks v\u00e4hemalt kolme hinnet. See t\u00e4hendab, et nii \u00f5ppijad kui \u00f5petajad saavad oma t\u00e4helepanu \u201ehindejahilt\u201c rohkem \u00f5ppimisele p\u00f6\u00f6rata. Aja, mis kulus \u201ehinnetega \u00f5ppija kujundamisele\u201c v\u00f5ib n\u00fc\u00fcd p\u00fchendada kujundavale hindamisele. (M. J\u00fcrim\u00e4e, Akadeemia 4 2013)<\/p><\/div>\n        <\/div>\n        <\/div>\n    <\/div>\n\n<div>\n<div>\n<div>\n<p><strong>Selle ploki l\u00e4binud \u00f5petaja oskab<\/strong>\u00a0<\/p>\n<ul>\n<li>seostada \u00f5ppe eesm\u00e4rgistamist, hindamist ja \u00f5ppeprotsessis kasutatavat metoodikat ja selleks vajalikku keskkonda<\/li>\n<li>selgitada, miks on oluline \u00f5ppe kavandamisel ja \u00f5ppeprotsessi l\u00e4biviimisel teha andmep\u00f5hiseid otsuseid<\/li>\n<\/ul>\n<p>Loodame, et te ei piirdu m\u00f5ttes seostamise ja selgitamisega, vaid t\u00e4iendate oma hindamisalast kirjaoskust ning suudate erinevaid hindamismeetodeid oma t\u00f6\u00f6s teadlikumalt rakendada ning panna need iga \u00f5pilase \u00f5ppimise ja arengu toetamise teenistusse.<\/p>\n<\/div>\n<\/div>\n<\/div>\n<\/div>\n<\/div>\n<\/div>\n","protected":false},"excerpt":{"rendered":"<p>\u00a0\u00a0Praktiline \u00fclesanne Vaadake veelkord \u00fcle oma ainekava v\u00f5i t\u00f6\u00f6kava. Kuidas muuta seda nii, et oleks m\u00f5eldud ka eelhindamisele ja protsessihindamisele? Kuidas seostada omavahel paremini \u00f5ppe- ja hindamismeetodeid? Kui \u00f5pite koos kolleegiga, siis arutage vastastikku muudatusettepanekuid ja viige need kavadesse sisse. &#8230;<\/p>\n","protected":false},"author":36,"featured_media":0,"parent":0,"menu_order":0,"comment_status":"closed","ping_status":"closed","template":"","meta":{"_acf_changed":false,"inline_featured_image":false,"footnotes":""},"class_list":["post-43","page","type-page","status-publish","hentry"],"acf":[],"_links":{"self":[{"href":"https:\/\/sisu.ut.ee\/6ppimisttoetavhindamine\/wp-json\/wp\/v2\/pages\/43","targetHints":{"allow":["GET"]}}],"collection":[{"href":"https:\/\/sisu.ut.ee\/6ppimisttoetavhindamine\/wp-json\/wp\/v2\/pages"}],"about":[{"href":"https:\/\/sisu.ut.ee\/6ppimisttoetavhindamine\/wp-json\/wp\/v2\/types\/page"}],"author":[{"embeddable":true,"href":"https:\/\/sisu.ut.ee\/6ppimisttoetavhindamine\/wp-json\/wp\/v2\/users\/36"}],"replies":[{"embeddable":true,"href":"https:\/\/sisu.ut.ee\/6ppimisttoetavhindamine\/wp-json\/wp\/v2\/comments?post=43"}],"version-history":[{"count":1,"href":"https:\/\/sisu.ut.ee\/6ppimisttoetavhindamine\/wp-json\/wp\/v2\/pages\/43\/revisions"}],"predecessor-version":[{"id":155,"href":"https:\/\/sisu.ut.ee\/6ppimisttoetavhindamine\/wp-json\/wp\/v2\/pages\/43\/revisions\/155"}],"wp:attachment":[{"href":"https:\/\/sisu.ut.ee\/6ppimisttoetavhindamine\/wp-json\/wp\/v2\/media?parent=43"}],"curies":[{"name":"wp","href":"https:\/\/api.w.org\/{rel}","templated":true}]}}