{"id":40,"date":"2024-04-03T23:27:14","date_gmt":"2024-04-03T20:27:14","guid":{"rendered":"https:\/\/sisu.ut.ee\/6ppimisttoetavhindamine\/ploki-kokkuvote-0\/"},"modified":"2024-09-02T12:03:38","modified_gmt":"2024-09-02T09:03:38","slug":"ploki-kokkuvote-0","status":"publish","type":"page","link":"https:\/\/sisu.ut.ee\/6ppimisttoetavhindamine\/ploki-kokkuvote-0\/","title":{"rendered":"Ploki kokkuv\u00f5te"},"content":{"rendered":"<p><strong>Eelhindamine<\/strong> annab vastuse k\u00fcsimusele, kui palju \u00f5pilased juba antud teema kohta teavad, aitab v\u00e4lja selgitada antud teemat puudutavad v\u00e4\u00e4rteadmised ja \u2013arusaamad ning ka \u00f5pilaste huvid ja hoiakud.<\/p>\n<p><strong>J\u00e4relhindamisega<\/strong> (v\u00f5rrelduna eelhindamisel saadud tulemustega) v\u00f5imalik hinnata \u00f5pilase arengut \u00f5ppeprotsessi jooksul \u2013\u00a0kui palju \u00f5pilane tegelikult \u00f5ppis ning kuidas muutusid tema teadmised, oskused ja hoiakud \u00f5ppimise jooksul.<\/p>\n<p><strong>Protsessihindamine<\/strong> aitab \u00f5petajal koguda infot \u00f5pilaste \u00f5ppimise edenemise kohta, et selle p\u00f5hjal j\u00e4rgnevat \u00f5ppet\u00f6\u00f6d paremini planeerida ning \u00f5pilasi juhendada. Samuti t\u00f5ime selles plokis <strong>n\u00e4iteid<\/strong> eel-, j\u00e4rel-, ja protsessihindamise v\u00f5imaluste kohta.<\/p>\n<h4><strong><img loading=\"lazy\" decoding=\"async\" width=\"50\" height=\"46\" class=\"alignnone wp-image-66\" title=\"m6ttemull_v.jpg\" src=\"https:\/\/sisu.ut.ee\/wp-content\/uploads\/sites\/97\/m6ttemull_v.jpg\" alt=\"m6ttemull_v.jpg\">\u00a0\u00a0Kirjalik eneseanal\u00fc\u00fcs<\/strong><\/h4>\n<p style=\"padding-left: 60px;\"><span style=\"font-size: 14px;\">Pange kirja, milliseid eel- ja j\u00e4relhindamise viise ja kui tihti olete kasutanud. Seda nimekirja on v\u00f5imalik uuesti kasutada j\u00e4rgmistel aastatel, et hinnata muutust \u00f5petamispraktikas nii hindamise variatiivsuse kui ka tiheduse kohta.\u00a0<\/span><br style=\"font-size: 14px;\"><span style=\"font-size: 14px;\">Miks, millisel eesm\u00e4rgil\u00a0olete seda teinud?<\/span><\/p>\n<p style=\"padding-left: 60px;\">Kui \u00f5pite koos kaaslas(t)ega<\/p>\n<ul>\n<li style=\"list-style-type: none;\">\n<ul style=\"list-style-type: disc;\">\n<li>paluge selline nimekiri eelhindamisel kasutatavate viiside ja tiheduse kohta koostada ka oma kolleegil ning vastata ka temal k\u00fcsimustele, miks ja millisel eesm\u00e4rgil kolleeg seda on teinud.<\/li>\n<li>v\u00f5rrelge ja arutage koos kolleegiga, milline on teie nimekirjade \u00fchisosa ja millised on erinevused ning milles need erinevused seisnevad (info kogumise meetodites v\u00f5i eesm\u00e4rkides)? Kas teil on oma kolleegilt midagi \u00f5ppida? Aga temal teilt?<\/li>\n<\/ul>\n<\/li>\n<\/ul>\n<h4><strong><strong><strong style=\"line-height: 1.1; font-family: inherit; font-size: 18px;\"><img loading=\"lazy\" decoding=\"async\" width=\"50\" height=\"46\" class=\"alignnone wp-image-66\" style=\"line-height: 21px; font-size: 14px; font-weight: normal;\" title=\"m6ttemull_v.jpg\" src=\"https:\/\/sisu.ut.ee\/wp-content\/uploads\/sites\/97\/m6ttemull_v.jpg\" alt=\"m6ttemull_v.jpg\"><\/strong>\u00a0 Praktiline \u00fclesanne<\/strong><\/strong><\/h4>\n<p style=\"padding-left: 60px;\"><span style=\"font-size: 14px;\">Valige eelnevast eneseanal\u00fc\u00fcsist, oma tegevuse anal\u00fc\u00fcsist v\u00f5i huvist l\u00e4htudes \u00fcks hindamise aspekt (nt eel-, j\u00e4rel-, v\u00f5i protsessihindamine), mida praktikas proovida.<\/span><\/p>\n<p><\/p><div class=\"accordion mb-3\">\n        <div class=\"accordion-item accordion-item--white\">\n        <h2 class=\"accordion-header\" id=\"accordion-69de3509bc6ea-heading\">\n            <button class=\"accordion-button collapsed\" type=\"button\" data-bs-toggle=\"collapse\" data-bs-target=\"#accordion-69de3509bc6ea-collapse\" aria-expanded=\"true\" aria-controls=\"accordion-69de3509bc6ea-collapse\">Meelespea<\/button>\n        <\/h2>\n        <div id=\"accordion-69de3509bc6ea-collapse\" class=\"accordion-collapse collapse\" aria-labelledby=\"accordion-69de3509bc6ea-heading\">\n            <div class=\"accordion-body\">Proovimisel on oluline silmas pidada j\u00e4rgmisi p\u00f5him\u00f5tteid:\n<ul style=\"list-style-type: disc;\">\n<li><span style=\"font-size: 14px;\">eelhindamise eesm\u00e4rgiks on aidata vastata k\u00fcsimustele, mida on vaja \u00f5petada ja kuidas seda k\u00f5ige efektiivsemalt teha (nt millele rohkem t\u00e4helepanu p\u00f6\u00f6rata, mida vahele j\u00e4tta) <\/span><\/li>\n<li><span style=\"font-size: 14px;\">j\u00e4relhindamine v\u00f5imaldab koos eelhindamise kasutamisega saada \u00fclevaate \u00f5pilaste arengu kohta ehk kuidas muutusid \u00f5pilaste teadmised, oskused ja hoiakud \u00f5ppimise jooksul<\/span><\/li>\n<li><span style=\"font-size: 14px;\">protsessihindamise eesm\u00e4rgiks on aidata \u00f5petajal \u00f5ppet\u00f6\u00f6d planeerida ja \u00f5pilastele nende edenemise kohta tagasisidet anda <\/span><\/li><\/ul><\/div>\n        <\/div>\n        <\/div>\n    <\/div>\n\n<h4><strong><strong><strong><strong><strong style=\"line-height: 1.1; font-family: inherit; font-size: 18px;\"><img loading=\"lazy\" decoding=\"async\" width=\"50\" height=\"46\" class=\"alignnone wp-image-66\" style=\"line-height: 21px; font-size: 14px; font-weight: normal;\" title=\"m6ttemull_v.jpg\" src=\"https:\/\/sisu.ut.ee\/wp-content\/uploads\/sites\/97\/m6ttemull_v.jpg\" alt=\"m6ttemull_v.jpg\"><\/strong><\/strong><\/strong>\u00a0Enda tegevuse anal\u00fc\u00fcs<\/strong><\/strong><\/h4>\n<p style=\"padding-left: 60px;\"><span style=\"font-size: 14px;\">Salvestage oma tund v\u00f5i paluge kolleegil vaadelda\u00a0oma tundi, kus kasutate \u00f5pilaste eelteadmiste v\u00f5i j\u00e4relhindamist (v\u00f5i protsessihindamist).<\/span><\/p>\n<p><\/p><div class=\"accordion mb-3\">\n        <div class=\"accordion-item accordion-item--white\">\n        <h2 class=\"accordion-header\" id=\"accordion-69de3509bc6f2-heading\">\n            <button class=\"accordion-button collapsed\" type=\"button\" data-bs-toggle=\"collapse\" data-bs-target=\"#accordion-69de3509bc6f2-collapse\" aria-expanded=\"true\" aria-controls=\"accordion-69de3509bc6f2-collapse\">Juhiseid tunni anal\u00fc\u00fcsiks<\/button>\n        <\/h2>\n        <div id=\"accordion-69de3509bc6f2-collapse\" class=\"accordion-collapse collapse\" aria-labelledby=\"accordion-69de3509bc6f2-heading\">\n            <div class=\"accordion-body\">Leidke vastused (v\u00f5i paluge kolleegil tunni j\u00e4lgimise k\u00e4igus leida vastused) j\u00e4rgmistele k\u00fcsimustele:\n<ul style=\"list-style-type: disc;\">\n<li><span style=\"font-size: 14px;\">Kas eelhindamine aitas v\u00e4lja selgitada, mida ja kuidas on vaja \u00f5petada, sh kuidas \u00f5pet diferentseerida? Tooge n\u00e4iteid, kuidas. <\/span><\/li>\n<li><span style=\"font-size: 14px;\">Kuidas kavandasite v\u00f5i muutsite oma \u00f5petamise plaane kogutud infost l\u00e4htuvalt, nt kuidas sidusite \u00f5petatava \u00f5pilaste huvide ja vajadustega? Tooge n\u00e4iteid.<\/span><\/li>\n<li><span style=\"font-size: 14px;\">Kas protsessihindamine aitas kaasa \u00f5ppet\u00f6\u00f6 kohandamisele \u00f5pilaste vajadustest ja \u00f5ppimise tempost l\u00e4htudes ning aitas \u00f5pilasi paremini juhendada? Tooge n\u00e4iteid.<\/span><\/li>\n<li><span style=\"font-size: 14px;\">Kas kasutatud j\u00e4relhindamise viisid v\u00f5imaldasid koguda tagasisidet \u00f5pilaste arengu k\u00f5ikide aspektide \u2013 teadmiste, oskuste ja hoiakute muutumise kohta \u00f5ppimise jooksul? Tooge n\u00e4iteid. <\/span><\/li><\/ul><\/div>\n        <\/div>\n        <\/div>\n    <\/div>\n\n<p><strong>Selle ploki materjalid omandanud \u00f5petaja oskab:<\/strong><\/p>\n<ul>\n<li>kirjeldada eel-, j\u00e4rel- ja protsessihindamise eesm\u00e4rke<\/li>\n<li>nimetada m\u00f5ningaid eel-, j\u00e4rel- ja protsessihindamise viise<\/li>\n<li>anal\u00fc\u00fcsida ise v\u00f5i koos kolleegiga oma\u00a0 eel-, j\u00e4rel v\u00f5i protsessihindamise praktikat<\/li>\n<li>kavandada oma edasised \u00f5pieesm\u00e4rgid eel-, j\u00e4rel- ja protsessihindamise osas<\/li>\n<\/ul>\n<h4><\/h4>\n<p><strong>Loe lisaks!<\/strong><\/p>\n<p>Hindamismeetodeid, mida saab edukalt kasutada eel-, protsessi- ja j\u00e4relhindamiseks, leiab raamatust \u201c\u00d5hinap\u00f5hine kool\u201d (Feldschmidt, T\u00fcrk 2013). Neist teemadest on juttu ka\u00a0 raamatu \u201cKujundav hindamine kui \u00f5ppimist toetav hindamine\u201d 5.2 alapeat\u00fckis.<\/p>\n<h4><\/h4>\n","protected":false},"excerpt":{"rendered":"<p>Eelhindamine annab vastuse k\u00fcsimusele, kui palju \u00f5pilased juba antud teema kohta teavad, aitab v\u00e4lja selgitada antud teemat puudutavad v\u00e4\u00e4rteadmised ja \u2013arusaamad ning ka \u00f5pilaste huvid ja hoiakud. J\u00e4relhindamisega (v\u00f5rrelduna eelhindamisel saadud tulemustega) v\u00f5imalik hinnata \u00f5pilase arengut \u00f5ppeprotsessi jooksul \u2013\u00a0kui palju &#8230;<\/p>\n","protected":false},"author":36,"featured_media":0,"parent":0,"menu_order":0,"comment_status":"closed","ping_status":"closed","template":"","meta":{"_acf_changed":false,"inline_featured_image":false,"footnotes":""},"class_list":["post-40","page","type-page","status-publish","hentry"],"acf":[],"_links":{"self":[{"href":"https:\/\/sisu.ut.ee\/6ppimisttoetavhindamine\/wp-json\/wp\/v2\/pages\/40","targetHints":{"allow":["GET"]}}],"collection":[{"href":"https:\/\/sisu.ut.ee\/6ppimisttoetavhindamine\/wp-json\/wp\/v2\/pages"}],"about":[{"href":"https:\/\/sisu.ut.ee\/6ppimisttoetavhindamine\/wp-json\/wp\/v2\/types\/page"}],"author":[{"embeddable":true,"href":"https:\/\/sisu.ut.ee\/6ppimisttoetavhindamine\/wp-json\/wp\/v2\/users\/36"}],"replies":[{"embeddable":true,"href":"https:\/\/sisu.ut.ee\/6ppimisttoetavhindamine\/wp-json\/wp\/v2\/comments?post=40"}],"version-history":[{"count":2,"href":"https:\/\/sisu.ut.ee\/6ppimisttoetavhindamine\/wp-json\/wp\/v2\/pages\/40\/revisions"}],"predecessor-version":[{"id":273,"href":"https:\/\/sisu.ut.ee\/6ppimisttoetavhindamine\/wp-json\/wp\/v2\/pages\/40\/revisions\/273"}],"wp:attachment":[{"href":"https:\/\/sisu.ut.ee\/6ppimisttoetavhindamine\/wp-json\/wp\/v2\/media?parent=40"}],"curies":[{"name":"wp","href":"https:\/\/api.w.org\/{rel}","templated":true}]}}