{"id":4,"date":"2024-04-03T23:27:12","date_gmt":"2024-04-03T20:27:12","guid":{"rendered":"https:\/\/sisu.ut.ee\/6ppimisttoetavhindamine\/loodusopetus\/"},"modified":"2024-04-03T23:27:35","modified_gmt":"2024-04-03T20:27:35","slug":"loodusopetus","status":"publish","type":"page","link":"https:\/\/sisu.ut.ee\/6ppimisttoetavhindamine\/loodusopetus\/","title":{"rendered":"Loodus\u00f5petus"},"content":{"rendered":"<p>LOODUS\u00d5PETUS: Rakkude uurimine (4. klass). \u00d5petaja Ade<\/p>\n<table class=\"table table-hover\" border=\"1\" cellpadding=\"0\" cellspacing=\"0\">\n<tbody>\n<tr>\n<td valign=\"top\">\n<p align=\"center\">\u00a0<\/p>\n<\/td>\n<td valign=\"top\">\n<p align=\"center\"><strong>Kuhu \u00f5ppija l\u00e4heb?<\/strong><\/p>\n<\/td>\n<td valign=\"top\">\n<p align=\"center\"><strong>Kus ta hetkel on?<\/strong><\/p>\n<\/td>\n<td valign=\"top\">\n<p align=\"center\"><strong>Kuidas soovitut saavutada?<\/strong><\/p>\n<\/td>\n<\/tr>\n<tr>\n<td valign=\"top\">\n<p align=\"center\"><strong>\u00d5petaja<\/strong><\/p>\n<\/td>\n<td valign=\"top\">\n<p>\u00a0<\/p>\n<\/td>\n<td valign=\"top\">\n<p>Vaatlus klassis ning valmivate t\u00f6\u00f6de v\u00f5rdlus mudeliga.<\/p>\n<\/td>\n<td valign=\"top\">\n<p>\u00d5petaja annab \u00f5ppijatele tagasisidet kaudselt, viidates hindamismudeli vastavale osale.<\/p>\n<\/td>\n<\/tr>\n<tr>\n<td valign=\"top\">\n<p align=\"center\"><strong>Kaas\u00f5pilane<\/strong><\/p>\n<\/td>\n<td valign=\"top\">\n<p>\u00d5ppijad arutavad \u00fchiselt hindamismudelit luues l\u00e4bi \u00f5ppe-eesm\u00e4rgid \u2013 t\u00f6\u00f6 korrektne vormistamise oskus, \u00f5igete vastusteni j\u00f5udmine, korrektse raku joonise tegemine mikroskoobi abil jms.<\/p>\n<\/td>\n<td colspan=\"2\" valign=\"top\">\n<p>\u00d5pilased vaatavad \u00fcksteise t\u00f6id ja v\u00f5rdlevad neid mudeliga ning annavad vastastikku tagasisidet.<\/p>\n<\/td>\n<\/tr>\n<tr>\n<td valign=\"top\">\n<p align=\"center\"><strong>\u00d5ppija<\/strong><\/p>\n<\/td>\n<td valign=\"top\">\n<p align=\"center\">\u00a0<\/p>\n<\/td>\n<td colspan=\"2\" valign=\"top\">\n<p>\u00d5ppija saab oma t\u00f6\u00f6d v\u00f5rrelda mudelitega ning saab tagasisidet ka \u00f5petajalt ja kaaslastelt.<\/p>\n<\/td>\n<\/tr>\n<\/tbody>\n<\/table>\n","protected":false},"excerpt":{"rendered":"<p>LOODUS\u00d5PETUS: Rakkude uurimine (4. klass). \u00d5petaja Ade \u00a0 Kuhu \u00f5ppija l\u00e4heb? Kus ta hetkel on? Kuidas soovitut saavutada? \u00d5petaja \u00a0 Vaatlus klassis ning valmivate t\u00f6\u00f6de v\u00f5rdlus mudeliga. \u00d5petaja annab \u00f5ppijatele tagasisidet kaudselt, viidates hindamismudeli vastavale osale. Kaas\u00f5pilane \u00d5ppijad arutavad \u00fchiselt &#8230;<\/p>\n","protected":false},"author":36,"featured_media":0,"parent":0,"menu_order":0,"comment_status":"closed","ping_status":"closed","template":"","meta":{"_acf_changed":false,"inline_featured_image":false,"footnotes":""},"class_list":["post-4","page","type-page","status-publish","hentry"],"acf":[],"_links":{"self":[{"href":"https:\/\/sisu.ut.ee\/6ppimisttoetavhindamine\/wp-json\/wp\/v2\/pages\/4","targetHints":{"allow":["GET"]}}],"collection":[{"href":"https:\/\/sisu.ut.ee\/6ppimisttoetavhindamine\/wp-json\/wp\/v2\/pages"}],"about":[{"href":"https:\/\/sisu.ut.ee\/6ppimisttoetavhindamine\/wp-json\/wp\/v2\/types\/page"}],"author":[{"embeddable":true,"href":"https:\/\/sisu.ut.ee\/6ppimisttoetavhindamine\/wp-json\/wp\/v2\/users\/36"}],"replies":[{"embeddable":true,"href":"https:\/\/sisu.ut.ee\/6ppimisttoetavhindamine\/wp-json\/wp\/v2\/comments?post=4"}],"version-history":[{"count":1,"href":"https:\/\/sisu.ut.ee\/6ppimisttoetavhindamine\/wp-json\/wp\/v2\/pages\/4\/revisions"}],"predecessor-version":[{"id":183,"href":"https:\/\/sisu.ut.ee\/6ppimisttoetavhindamine\/wp-json\/wp\/v2\/pages\/4\/revisions\/183"}],"wp:attachment":[{"href":"https:\/\/sisu.ut.ee\/6ppimisttoetavhindamine\/wp-json\/wp\/v2\/media?parent=4"}],"curies":[{"name":"wp","href":"https:\/\/api.w.org\/{rel}","templated":true}]}}