{"id":39,"date":"2024-04-03T23:27:14","date_gmt":"2024-04-03T20:27:14","guid":{"rendered":"https:\/\/sisu.ut.ee\/6ppimisttoetavhindamine\/ploki-kokkuvote\/"},"modified":"2024-04-03T23:27:34","modified_gmt":"2024-04-03T20:27:34","slug":"ploki-kokkuvote","status":"publish","type":"page","link":"https:\/\/sisu.ut.ee\/6ppimisttoetavhindamine\/ploki-kokkuvote\/","title":{"rendered":"Ploki kokkuv\u00f5te"},"content":{"rendered":"<h4><span style=\"color: #ff6600\"><strong><img loading=\"lazy\" decoding=\"async\" width=\"50\" height=\"46\" class=\"alignnone wp-image-66\" src=\"https:\/\/sisu.ut.ee\/wp-content\/uploads\/sites\/97\/m6ttemull_v.jpg\" title=\"m6ttemull_v.jpg\" alt=\"m6ttemull_v.jpg\">\u00a0 Praktiline \u00fclesanne<\/strong><\/span><\/h4>\n<p style=\"padding-left: 60px\">Uurige m\u00f5nelt inimeselt, kes:<\/p>\n<p style=\"padding-left: 60px\">1) tegutseb koolis v\u00f5i hariduse alal, nt kolleeg samast koolist v\u00f5i teisest koolist, haridusametnik, koolijuht<\/p>\n<p style=\"padding-left: 60px\">2)\u00a0puutub kooliga kaudsemalt kokku, nt naaber<\/p>\n<p style=\"padding-left: 60px\">kas ja mida ta on kuulnud kujundavast hindamisest. Kas vestluspartner v\u00e4ljendab ka m\u00f5nd rohkem v\u00f5i v\u00e4hemlevinud v\u00e4\u00e4rarusaama? Kas suudate talle l\u00fchidalt selgitada, mis on \u00f5ppimist toetava (kujundava) hindamise tuum?<\/p>\n\n<p><strong>Selle ploki materjali omandanud \u00f5petaja oskab<\/strong> :<\/p>\n<ul>\n<li>selgitada, mis on \u00f5ppimist toetav hindamine (nii kolleegile, lapsevanemale kui ka \u201cinimesele t\u00e4navalt\u201d)<\/li>\n<li>nimetada \u00f5ppimist toetava hindamise p\u00f5hiseisukohti ja p\u00f5hjendada nende olulisust<\/li>\n<li>kirjeldada, milliseid tingimusi on vaja, et \u00f5ppimist toetav hindamine saaks toimida<\/li>\n<li>nimetada hindamisalase kirjaoskuse komponente<\/li>\n<li>selgitada, miks iga \u00f5petaja vajab hindamisalast kirjaoskust<\/li>\n<\/ul>\n<p>Loodame, et te ei piirdu nimetamise, selgitamise ja kirjeldamisega, vaid et plaanite neid v\u00f5tteid ka oma t\u00f6\u00f6s rakendada ja olete eneseanal\u00fc\u00fcsi v\u00f5i \u00f5pikaaslastega vestlemise kaudu leidnud mitmeid momente, mil olete neid juba rakendanud.<\/p>\n<p>Kui tunnete, et \u00f5piv\u00e4ljundid ei ole veel saavutatud, siis v\u00f5ite nende juurde tagasi p\u00f6\u00f6rduda kursuse l\u00f5pul.<\/p>\n\n<p><strong>Loe lisaks!<\/strong><\/p>\n<p>Selle kohta, mis on v\u00f5i ei ole \u00f5ppimist toetav hindamine, leiab materjale ka raamatu \u201c<a style=\"background-color: #ffffff\" href=\"http:\/\/www.curriculum.ut.ee\/sites\/default\/files\/ht\/oppimist_toetav_hindamine_kokkui.pdf\" target=\"_blank\" rel=\"noopener\">Kujundav hindamine kui \u00f5ppimist toetav hindamine<\/a>\u201d 4. peat\u00fckis.<\/p>\n<p><strong>J\u00fcrim\u00e4e, M<\/strong>.\u00a0(2013)\u00a0<em>\u00dcks tont k\u00e4ib ringi m\u00f6\u00f6da Eesti kooli \u2013 kujundava hindamise tont?\u00a0<\/em>Akadeemia 4<\/p>\n<p><strong>Tiisvelt, L.<\/strong> (2011) <a href=\"http:\/\/www.uuskool.edu.ee\/kujundav-hindamine-kui-votildeimalus.html\" target=\"_blank\" rel=\"noopener\">Kujundav hindamine kui v\u00f5imalus<\/a>.<\/p>\n","protected":false},"excerpt":{"rendered":"<p>\u00a0 Praktiline \u00fclesanne Uurige m\u00f5nelt inimeselt, kes: 1) tegutseb koolis v\u00f5i hariduse alal, nt kolleeg samast koolist v\u00f5i teisest koolist, haridusametnik, koolijuht 2)\u00a0puutub kooliga kaudsemalt kokku, nt naaber kas ja mida ta on kuulnud kujundavast hindamisest. Kas vestluspartner v\u00e4ljendab ka &#8230;<\/p>\n","protected":false},"author":36,"featured_media":0,"parent":0,"menu_order":0,"comment_status":"closed","ping_status":"closed","template":"","meta":{"_acf_changed":false,"inline_featured_image":false,"footnotes":""},"class_list":["post-39","page","type-page","status-publish","hentry"],"acf":[],"_links":{"self":[{"href":"https:\/\/sisu.ut.ee\/6ppimisttoetavhindamine\/wp-json\/wp\/v2\/pages\/39","targetHints":{"allow":["GET"]}}],"collection":[{"href":"https:\/\/sisu.ut.ee\/6ppimisttoetavhindamine\/wp-json\/wp\/v2\/pages"}],"about":[{"href":"https:\/\/sisu.ut.ee\/6ppimisttoetavhindamine\/wp-json\/wp\/v2\/types\/page"}],"author":[{"embeddable":true,"href":"https:\/\/sisu.ut.ee\/6ppimisttoetavhindamine\/wp-json\/wp\/v2\/users\/36"}],"replies":[{"embeddable":true,"href":"https:\/\/sisu.ut.ee\/6ppimisttoetavhindamine\/wp-json\/wp\/v2\/comments?post=39"}],"version-history":[{"count":1,"href":"https:\/\/sisu.ut.ee\/6ppimisttoetavhindamine\/wp-json\/wp\/v2\/pages\/39\/revisions"}],"predecessor-version":[{"id":151,"href":"https:\/\/sisu.ut.ee\/6ppimisttoetavhindamine\/wp-json\/wp\/v2\/pages\/39\/revisions\/151"}],"wp:attachment":[{"href":"https:\/\/sisu.ut.ee\/6ppimisttoetavhindamine\/wp-json\/wp\/v2\/media?parent=39"}],"curies":[{"name":"wp","href":"https:\/\/api.w.org\/{rel}","templated":true}]}}