{"id":34,"date":"2024-04-03T23:27:14","date_gmt":"2024-04-03T20:27:14","guid":{"rendered":"https:\/\/sisu.ut.ee\/6ppimisttoetavhindamine\/oppe-eesmarkide-tutvustamine-ja-jagamine\/"},"modified":"2024-09-02T11:44:46","modified_gmt":"2024-09-02T08:44:46","slug":"oppe-eesmarkide-tutvustamine-ja-jagamine","status":"publish","type":"page","link":"https:\/\/sisu.ut.ee\/6ppimisttoetavhindamine\/oppe-eesmarkide-tutvustamine-ja-jagamine\/","title":{"rendered":"\u00d5ppe eesm\u00e4rkide tutvustamine ja jagamine"},"content":{"rendered":"<p><img loading=\"lazy\" decoding=\"async\" width=\"50\" height=\"46\" class=\"alignnone wp-image-66\" style=\"color: inherit; line-height: 1.1; font-family: inherit; font-size: 18px;\" title=\"m6ttemull_v.jpg\" src=\"https:\/\/sisu.ut.ee\/wp-content\/uploads\/sites\/97\/m6ttemull_v.jpg\" alt=\"m6ttemull_v.jpg\"><span style=\"color: inherit; line-height: 1.1; font-family: inherit; font-size: 18px;\">\u00a0\u00a0<\/span><span style=\"color: #ff6600; line-height: 1.1; font-family: inherit; font-size: 18px;\"><strong>M\u00f5tlemis\u00fclesanne<\/strong><\/span><\/p>\n<h4 style=\"padding-left: 60px;\"><span style=\"line-height: 21px; font-size: 14px;\">Mida te teete, et \u00f5ppijad saaksid aru, mida neilt oodatakse ja mis vormis, milleks nad midagi \u00f5pivad, milline n\u00e4eb v\u00e4lja oodatav t\u00f6\u00f6 v\u00f5i sooritus? Millist \/ milliseid\u00a0allpool loetletud tegevustest kasutate oma tundides?<\/span><\/h4>\n<p class=\"jutt\"><\/p><div class=\"accordion mb-3\">\n        <div class=\"accordion-item accordion-item--white\">\n        <h2 class=\"accordion-header\" id=\"accordion-69de3508b854d-heading\">\n            <button class=\"accordion-button collapsed\" type=\"button\" data-bs-toggle=\"collapse\" data-bs-target=\"#accordion-69de3508b854d-collapse\" aria-expanded=\"true\" aria-controls=\"accordion-69de3508b854d-collapse\"><strong>Eesm\u00e4rkide ja edukriteeriumide (nt hindamismudeli) tutvustamine<\/strong><\/button>\n        <\/h2>\n        <div id=\"accordion-69de3508b854d-collapse\" class=\"accordion-collapse collapse\" aria-labelledby=\"accordion-69de3508b854d-heading\">\n            <div class=\"accordion-body\">See on kahtlemata vajalik. \u00d5ppe eesm\u00e4rkide ja edukriteeriumide tutvustamine on esimene samm selguse poole, ent \u00f5ppimise toetamiseks ei pruugi see olla piisav. Juhul kui \u00f5ppija neid eesm\u00e4rke oluliseks ei pea v\u00f5i on valmis tegutsema vaid v\u00e4lise motivatsiooni nimel (et hinne k\u00e4tte saada), algab pigem m\u00e4ng edukriteeriumide formaalse\/n\u00e4ilise t\u00e4itmise nimel (ja v\u00f5imalik on ka pettus, plagiaat vms \u2013 peaasi, et tulemus kirja saaks).<\/div>\n        <\/div>\n        <\/div>\n    <\/div>\n<p class=\"jutt\"><\/p><div class=\"accordion mb-3\">\n        <div class=\"accordion-item accordion-item--white\">\n        <h2 class=\"accordion-header\" id=\"accordion-69de3508b856b-heading\">\n            <button class=\"accordion-button collapsed\" type=\"button\" data-bs-toggle=\"collapse\" data-bs-target=\"#accordion-69de3508b856b-collapse\" aria-expanded=\"true\" aria-controls=\"accordion-69de3508b856b-collapse\"><strong>Eesm\u00e4rkide, edukriteeriumide (nt hindamismudeli) \u201ct\u00f5lkimine\u201d<\/strong><\/button>\n        <\/h2>\n        <div id=\"accordion-69de3508b856b-collapse\" class=\"accordion-collapse collapse\" aria-labelledby=\"accordion-69de3508b856b-heading\">\n            <div class=\"accordion-body\">Riiklikus \u00f5ppekavas on kirjas kooliastmete \u00f5ppe-eesm\u00e4rgid. Veebis on palju hindamismudeleid. Kui need \u00f5pilastele lihtsalt ette anda, et pruugi nad nende sisu m\u00f5ista \u2013\u00a0keel on liiga keeruline, terminid v\u00f5\u00f5rad jms. Seet\u00f5ttu on m\u00f5istlik eesm\u00e4rgid lastele arusaadavas keeles \u00fcmber s\u00f5nastada (seda, kas nad ikka aru said, on lihtne kontrollida, paludes neil n\u00e4iteks idee oma s\u00f5nadega kirja panna v\u00f5i v\u00e4ljendada seda m\u00f5nes teises vormis, nt pildi v\u00f5i skeemina, eesm\u00e4rke s\u00f5brale v\u00f5i \u201c5-aastasele\u201d selgitada vms)<\/div>\n        <\/div>\n        <\/div>\n    <\/div>\n<div id=\"accordion\" class=\"accordion\">\n<p><strong><div class=\"accordion mb-3\">\n        <div class=\"accordion-item accordion-item--white\">\n        <h2 class=\"accordion-header\" id=\"accordion-69de3508b856f-heading\">\n            <button class=\"accordion-button collapsed\" type=\"button\" data-bs-toggle=\"collapse\" data-bs-target=\"#accordion-69de3508b856f-collapse\" aria-expanded=\"true\" aria-controls=\"accordion-69de3508b856f-collapse\">Eesm\u00e4rkide\/ edukriteeriumite n\u00e4itlikustamine<\/button>\n        <\/h2>\n        <div id=\"accordion-69de3508b856f-collapse\" class=\"accordion-collapse collapse\" aria-labelledby=\"accordion-69de3508b856f-heading\">\n            <div class=\"accordion-body\">\n<div>Kui \u00f5ppija teab, mida ja miks ta teeb (eesm\u00e4rgistus), ning tal on ka konkreetne arusaam sellest, milline n\u00e4eb v\u00e4lja hea t\u00f6\u00f6\/sooritus\/protsess, teeb see eesm\u00e4rkide poole liikumise lihtsamaks. Edukriteeriumide n\u00e4itlikuks tegemisel ei piisa sageli \u00fcksnes hea t\u00f6\u00f6 v\u00f5i soorituse demonstreerimisest, kasulikum on anal\u00fc\u00fcsida erinevaid (ka n\u00f5rgemaid) t\u00f6id ja sooritusi.<\/div>\n        <\/div>\n        <\/div>\n    <\/div><\/div>\n<\/strong><\/p><\/div>\n<p class=\"jutt\"><\/p><div class=\"accordion mb-3\">\n        <div class=\"accordion-item accordion-item--white\">\n        <h2 class=\"accordion-header\" id=\"accordion-69de3508b8571-heading\">\n            <button class=\"accordion-button collapsed\" type=\"button\" data-bs-toggle=\"collapse\" data-bs-target=\"#accordion-69de3508b8571-collapse\" aria-expanded=\"true\" aria-controls=\"accordion-69de3508b8571-collapse\"><strong>Koos \u00f5ppijatega eesm\u00e4rgistamine<\/strong><\/button>\n        <\/h2>\n        <div id=\"accordion-69de3508b8571-collapse\" class=\"accordion-collapse collapse\" aria-labelledby=\"accordion-69de3508b8571-heading\">\n            <div class=\"accordion-body\">See v\u00f5ib tunduda aegan\u00f5udev ja isegi ohtlik \u2013\u00a0aga mis siis, kui \u00f5ppijad seavad endale hoopis mingid muud, riiklikust \u00f5ppekavas ja \u00f5pikust erinevad eesm\u00e4rgid? Kui aga olete seda varianti \u00f5petajana kasutanud, olete k\u00fcllap kogenud, et kui \u00f5ppijad\u00a0eesm\u00e4rgistamisse kaasata, siis on k\u00f5ige paremini kindlustatud, et eesm\u00e4rgid on\u00a0\u00f5ppijate jaoks t\u00f5esti olulised, nad on valmis nende nimel t\u00f6\u00f6tama, pingutama ja vastutust v\u00f5tma.<\/div>\n        <\/div>\n        <\/div>\n    <\/div>\n<h4>\u00a0<img loading=\"lazy\" decoding=\"async\" width=\"50\" height=\"46\" class=\"alignnone wp-image-66\" title=\"m6ttemull_v.jpg\" src=\"https:\/\/sisu.ut.ee\/wp-content\/uploads\/sites\/97\/m6ttemull_v.jpg\" alt=\"m6ttemull_v.jpg\">\u00a0<span style=\"color: #ff6600;\"><strong>M\u00f5tlemis\u00fclesanne<\/strong><\/span><\/h4>\n<p style=\"padding-left: 60px;\">Kuidas saab seostada ainespetsiifilisi \u00f5ppe-eesm\u00e4rke k\u00f5ige olulisemate p\u00e4devustega?<\/p>\n<p style=\"padding-left: 60px;\">Kuidas saab seostada \u00f5ppijate endi poolt seatud eesm\u00e4rke k\u00f5ige olulisemate p\u00e4devustega?<\/p>\n<p style=\"padding-left: 60px;\">Kui \u00f5pite koos kaaslas(t)ega, arutlege neil teemadel. Seej\u00e4rel (aga mitte enne!) v\u00f5ite piiluda ka vastusekasti. Kui teie arutelus s\u00fcndis teistsuguseid, aga samuti h\u00e4id ideid, oleks v\u00e4ga tore, kui leiaksite aega ja saadaksite need meiliaadressil maria.jurimae@ut.ee<\/p>\n<p><\/p><div class=\"accordion mb-3\">\n        <div class=\"accordion-item accordion-item--white\">\n        <h2 class=\"accordion-header\" id=\"accordion-69de3508b8575-heading\">\n            <button class=\"accordion-button collapsed\" type=\"button\" data-bs-toggle=\"collapse\" data-bs-target=\"#accordion-69de3508b8575-collapse\" aria-expanded=\"true\" aria-controls=\"accordion-69de3508b8575-collapse\"><strong>Eesm\u00e4rkide seostamine<\/strong> <\/button>\n        <\/h2>\n        <div id=\"accordion-69de3508b8575-collapse\" class=\"accordion-collapse collapse\" aria-labelledby=\"accordion-69de3508b8575-heading\">\n            <div class=\"accordion-body\">K\u00f5ige olulisemate (eluks h\u00e4davajalike) eesm\u00e4rkide (R\u00d5Ks esitatud \u00fcld- ja valdkonnap\u00e4devused) seas on suur osa selliseid, mis on v\u00e4ga \u00fcldised.\n<p>N\u00e4iteks kui sihiks on, et \u00f5ppija v\u00f5rdleb mingeid n\u00e4htusi oluliste tunnuste alusel, kirjutab kaardile legendi v\u00f5i v\u00e4\u00e4rtustab kodukoha kultuuritraditsiooni, siis on neid k\u00f5iki sihte vaja konkreetsemaks muuta mingi t\u00e4psema sisu kaudu.<\/p>\n<p>Selleks sisuks v\u00f5ib olla nii <strong>ainevaldkonna sisu<\/strong> (nt v\u00f5rreldakse pilvi nende k\u00f5rguse ja kuju alusel, leelis- ja muldmetalle, geneetiliselt muundatud ja muundamata organisme) kui ka <strong>\u00f5ppija enda pakutud sisu<\/strong> (v\u00f5rreldakse erinevate firmade korvpallitosse, arvutimuusikaprogramme, kiviktaimla loomise printsiipe).<\/p>\n<p>T\u00e4htis on, et ka \u00f5ppijad m\u00f5istaksid, et nende OLULINE \u00f5ppesiht on just v\u00f5rdlemisoskuse areng, ent nad ei saa v\u00f5rrelda asju ja n\u00e4htusi, mille kohta pole teadmisi ja arusaamu.<\/p><\/div>\n        <\/div>\n        <\/div>\n    <\/div>\n<div>\n<h4><img loading=\"lazy\" decoding=\"async\" class=\"alignnone size-full wp-image-66\" src=\"https:\/\/sisu.ut.ee\/wp-content\/uploads\/sites\/97\/m6ttemull_v.jpg\" alt=\"\" width=\"50\" height=\"46\">\u00a0 <strong><span style=\"color: #ff6600;\">Praktiline \u00fclesanne<\/span><\/strong><\/h4>\n<p style=\"padding-left: 60px;\"><strong>Selle teema \u00fche eelmise allteema praktilises \u00fclesandes panite kirja oma j\u00e4rgmise teema \u00f5ppega seonduvad eesm\u00e4rgid.<\/strong><\/p>\n<p style=\"padding-left: 60px;\">Mil viisil oleks k\u00f5ige parem neid eesm\u00e4rke \u00f5pilastele tutvustada? Kas teema v\u00f5imaldab ka \u00f5ppijate oma eesm\u00e4rkide kaasamist?<\/p>\n<p style=\"padding-left: 60px;\">Tutvustage eesm\u00e4rke \u00f5pilastele enda valitud viisil ja tegelge samaaegselt ka pedagoogilise dokumenteerimisega (nt salvestage arutelu eesm\u00e4rkide \u00fcle, pildistage tahvlit v\u00f5i paberit, millele eesm\u00e4rgid (grupit\u00f6\u00f6na) kirja said, paluge \u00f5pilastel eesm\u00e4rgid l\u00fchidalt kirja panna ja valige neist t\u00f6\u00f6dest v\u00e4lja m\u00f5ni (nt eriti edukas, keskmine ja selline, mille autorile eesm\u00e4rgid j\u00e4id pigem arusaamatuks j\u00e4id).<\/p>\n<p style=\"padding-left: 60px;\">N\u00e4idake neid paarilisele ning arutlege, kas need eesm\u00e4rgid olid \u00f5ppijatele olulised ja arusaadavad ning mis andis tunnistust, et see nii oli (v\u00f5i ei olnud). Mida sellest protsessist \u00f5ppisite ning mida j\u00e4rgmisel korral v\u00f5iks teha samamoodi? Veel paremini?<\/p>\n<\/div>\n","protected":false},"excerpt":{"rendered":"<p>\u00a0\u00a0M\u00f5tlemis\u00fclesanne Mida te teete, et \u00f5ppijad saaksid aru, mida neilt oodatakse ja mis vormis, milleks nad midagi \u00f5pivad, milline n\u00e4eb v\u00e4lja oodatav t\u00f6\u00f6 v\u00f5i sooritus? Millist \/ milliseid\u00a0allpool loetletud tegevustest kasutate oma tundides? Eesm\u00e4rkide ja edukriteeriumide (nt hindamismudeli) tutvustamine See &#8230;<\/p>\n","protected":false},"author":36,"featured_media":0,"parent":0,"menu_order":0,"comment_status":"closed","ping_status":"closed","template":"","meta":{"_acf_changed":false,"inline_featured_image":false,"footnotes":""},"class_list":["post-34","page","type-page","status-publish","hentry"],"acf":[],"_links":{"self":[{"href":"https:\/\/sisu.ut.ee\/6ppimisttoetavhindamine\/wp-json\/wp\/v2\/pages\/34","targetHints":{"allow":["GET"]}}],"collection":[{"href":"https:\/\/sisu.ut.ee\/6ppimisttoetavhindamine\/wp-json\/wp\/v2\/pages"}],"about":[{"href":"https:\/\/sisu.ut.ee\/6ppimisttoetavhindamine\/wp-json\/wp\/v2\/types\/page"}],"author":[{"embeddable":true,"href":"https:\/\/sisu.ut.ee\/6ppimisttoetavhindamine\/wp-json\/wp\/v2\/users\/36"}],"replies":[{"embeddable":true,"href":"https:\/\/sisu.ut.ee\/6ppimisttoetavhindamine\/wp-json\/wp\/v2\/comments?post=34"}],"version-history":[{"count":3,"href":"https:\/\/sisu.ut.ee\/6ppimisttoetavhindamine\/wp-json\/wp\/v2\/pages\/34\/revisions"}],"predecessor-version":[{"id":268,"href":"https:\/\/sisu.ut.ee\/6ppimisttoetavhindamine\/wp-json\/wp\/v2\/pages\/34\/revisions\/268"}],"wp:attachment":[{"href":"https:\/\/sisu.ut.ee\/6ppimisttoetavhindamine\/wp-json\/wp\/v2\/media?parent=34"}],"curies":[{"name":"wp","href":"https:\/\/api.w.org\/{rel}","templated":true}]}}