{"id":33,"date":"2024-04-03T23:27:14","date_gmt":"2024-04-03T20:27:14","guid":{"rendered":"https:\/\/sisu.ut.ee\/6ppimisttoetavhindamine\/kvantitatiivsed-info-kogumise-viisid\/"},"modified":"2024-04-03T23:27:34","modified_gmt":"2024-04-03T20:27:34","slug":"kvantitatiivsed-info-kogumise-viisid","status":"publish","type":"page","link":"https:\/\/sisu.ut.ee\/6ppimisttoetavhindamine\/kvantitatiivsed-info-kogumise-viisid\/","title":{"rendered":"Uurimismeetodid hindamismeetodite teenistuses"},"content":{"rendered":"<p><strong>\u00d5ppimist toetav hindamine ei ole lihtsalt \u00fcks meetod teiste \u00f5petamis- ja hindamismeetodite seas<\/strong>, vaid selle tegelik rakendumine eeldab m\u00f5tteviisi muutust, milleks on liikumine \u00f5petajakeskselt \u00f5petamiselt \u00f5pilasekeskse suunas.<\/p>\n<p>Haridus- ja sotsiaalteadused, millele \u00f5petamise praktika rajaneb, tegid l\u00e4bi paradigmaatilised muutused 1970. aastatel, mil positivistlikul teadusk\u00e4sitlusel p\u00f5hinevate kvantitatiivsete ehk m\u00f5\u00f5tmisele suunatud uurimismeetodite k\u00f5rvale tekkisid kvalitatiivsed ehk kirjeldavad uurimismeetodid. Need muutused uurimismeetodites, ei ole mitte eraldiseisvad muutustest mis leiavad aset \u00f5pilaste hindamise kontekstis.\u00a0<\/p>\n<p>J\u00e4rgnevas videoesitluses k\u00e4sitleme p\u00f5hjalikumalt kvantitatiivse ja kvalitatiivse l\u00e4henemise seoseid eri hindamisk\u00e4situstega.<\/p>\n<p><\/p><div class=\"ratio ratio-16x9 mb-3\"><div class=\"video-placeholder-wrapper video-placeholder-wrapper--16x9\">\n\t\t\t    <div class=\"video-placeholder d-flex justify-content-center align-items-center\">\n\t\t\t        <div class=\"overlay text-white p-2 w-100 text-center d-block justify-content-center align-items-center\">\n\t\t\t            <div>Kolmandate osapoolte sisu n\u00e4gemiseks palun n\u00f5ustu k\u00fcpsistega.<\/div>\n\t\t\t            <button class=\"btn btn-secondary btn-sm mt-1 consent-change\">Muuda n\u00f5usolekut<\/button>\n\t\t\t        <\/div>\n\t\t\t    <\/div>\n\t\t\t<\/div>\n<\/div>\n\n<h4><img decoding=\"async\" src=\"https:\/\/sisu.ut.ee\/sites\/default\/files\/styles\/os_files_xxlarge\/public\/6ppimisttoetavhindamine\/files\/m6ttemull_v.jpg?itok=hsW7rpZw\">\u00a0\u00a0<span style=\"color: #ff6600\"><strong>M\u00f5tlemis\u00fclesanne<\/strong><\/span><\/h4>\n<p style=\"padding-left: 60px\"><span style=\"font-size: 14px\">Meenutage, mis vahe on kvantitatiivsel ja kvalitatiivsel m\u00f5tteviisil ja uurimismeetoditel? Kumma l\u00e4henemisega sarnaneb teie viis \u00f5pilastega suhestuda? Kui olete valmis liikuma kvalitatiivses suunas, siis proovige kasutada m\u00f5nd grupit\u00f6\u00f6 meetodit ja vaadelge oma \u00f5pilasi nii, nagu te ei tunneks neid.<\/span><\/p>\n","protected":false},"excerpt":{"rendered":"<p>\u00d5ppimist toetav hindamine ei ole lihtsalt \u00fcks meetod teiste \u00f5petamis- ja hindamismeetodite seas, vaid selle tegelik rakendumine eeldab m\u00f5tteviisi muutust, milleks on liikumine \u00f5petajakeskselt \u00f5petamiselt \u00f5pilasekeskse suunas. Haridus- ja sotsiaalteadused, millele \u00f5petamise praktika rajaneb, tegid l\u00e4bi paradigmaatilised muutused 1970. aastatel, &#8230;<\/p>\n","protected":false},"author":36,"featured_media":0,"parent":0,"menu_order":0,"comment_status":"closed","ping_status":"closed","template":"","meta":{"_acf_changed":false,"inline_featured_image":false,"footnotes":""},"class_list":["post-33","page","type-page","status-publish","hentry"],"acf":[],"_links":{"self":[{"href":"https:\/\/sisu.ut.ee\/6ppimisttoetavhindamine\/wp-json\/wp\/v2\/pages\/33","targetHints":{"allow":["GET"]}}],"collection":[{"href":"https:\/\/sisu.ut.ee\/6ppimisttoetavhindamine\/wp-json\/wp\/v2\/pages"}],"about":[{"href":"https:\/\/sisu.ut.ee\/6ppimisttoetavhindamine\/wp-json\/wp\/v2\/types\/page"}],"author":[{"embeddable":true,"href":"https:\/\/sisu.ut.ee\/6ppimisttoetavhindamine\/wp-json\/wp\/v2\/users\/36"}],"replies":[{"embeddable":true,"href":"https:\/\/sisu.ut.ee\/6ppimisttoetavhindamine\/wp-json\/wp\/v2\/comments?post=33"}],"version-history":[{"count":1,"href":"https:\/\/sisu.ut.ee\/6ppimisttoetavhindamine\/wp-json\/wp\/v2\/pages\/33\/revisions"}],"predecessor-version":[{"id":145,"href":"https:\/\/sisu.ut.ee\/6ppimisttoetavhindamine\/wp-json\/wp\/v2\/pages\/33\/revisions\/145"}],"wp:attachment":[{"href":"https:\/\/sisu.ut.ee\/6ppimisttoetavhindamine\/wp-json\/wp\/v2\/media?parent=33"}],"curies":[{"name":"wp","href":"https:\/\/api.w.org\/{rel}","templated":true}]}}