{"id":31,"date":"2024-04-03T23:27:14","date_gmt":"2024-04-03T20:27:14","guid":{"rendered":"https:\/\/sisu.ut.ee\/6ppimisttoetavhindamine\/oppijate-kaasamine-hindamisprotsessi\/"},"modified":"2024-09-02T12:05:18","modified_gmt":"2024-09-02T09:05:18","slug":"oppijate-kaasamine-hindamisprotsessi","status":"publish","type":"page","link":"https:\/\/sisu.ut.ee\/6ppimisttoetavhindamine\/oppijate-kaasamine-hindamisprotsessi\/","title":{"rendered":"Enese- ja kaaslasehindamine"},"content":{"rendered":"<p>Enne teema juurde asumist taas v\u00e4ike<\/p>\n<h4><\/h4>\n<h4><span style=\"color: #ff6600;\"><img loading=\"lazy\" decoding=\"async\" width=\"50\" height=\"46\" class=\"alignnone wp-image-66\" style=\"color: #565656; font-size: 14px; line-height: 21px;\" title=\"m6ttemull_v.jpg\" src=\"https:\/\/sisu.ut.ee\/wp-content\/uploads\/sites\/97\/m6ttemull_v.jpg\" alt=\"m6ttemull_v.jpg\">\u00a0\u00a0<strong><span style=\"background-color: #ffffff;\">M\u00f5tlemis\u00fclesanne<\/span><\/strong><\/span><\/h4>\n<p style=\"padding-left: 60px;\">M\u00f5elge tagasi oma viimase aasta tundidele. Kui sageli kaasasite \u00f5pilasi hindamisse?<\/p>\n<div id=\"accordion\" class=\"accordion\">\n<p><\/p><div class=\"accordion mb-3\">\n        <div class=\"accordion-item accordion-item--white\">\n        <h2 class=\"accordion-header\" id=\"accordion-69e0dca5e231b-heading\">\n            <button class=\"accordion-button collapsed\" type=\"button\" data-bs-toggle=\"collapse\" data-bs-target=\"#accordion-69e0dca5e231b-collapse\" aria-expanded=\"true\" aria-controls=\"accordion-69e0dca5e231b-collapse\">Mitte kunagi<\/button>\n        <\/h2>\n        <div id=\"accordion-69e0dca5e231b-collapse\" class=\"accordion-collapse collapse\" aria-labelledby=\"accordion-69e0dca5e231b-heading\">\n            <div class=\"accordion-body\">\n<div>\u00d5petaja, kes ei leia aega ega vajadust \u00f5ppijate kaasamiseks\u00a0hindamisse, m\u00f5istab hindamist enamasti hinnete panemisena. Juhul kui ka teie jaoks on hindamine kooli kontekstis ainult v\u00f5i eelk\u00f5ige hinnete panemine, on see vastus t\u00e4itsa m\u00f5istlik. Sellisel juhul v\u00f5iks k\u00fcsida \u2013\u00a0kui sageli pakute \u00f5pilastele v\u00f5imalust enda v\u00f5i kaaslaste t\u00f6id anal\u00fc\u00fcsida \/ kontrollida eesm\u00e4rgiga neid paremaks muuta ning leida \u00fcles \u00f5ppimise kohad. Kui te seda teete, olete \u00f5igel teeotsal. Kui te ka seda kunagi ei tee, siis soovitame proovida \u2013\u00a0nii j\u00e4\u00e4b teil endal hulk v\u00e4\u00e4rtuslikku aega hindamiste arvelt \u00fcle!<\/div>\n        <\/div>\n        <\/div>\n    <\/div><\/div>\n<\/div>\n<div id=\"accordion\" class=\"accordion\">\n<p><\/p><div class=\"accordion mb-3\">\n        <div class=\"accordion-item accordion-item--white\">\n        <h2 class=\"accordion-header\" id=\"accordion-69e0dca5e2321-heading\">\n            <button class=\"accordion-button collapsed\" type=\"button\" data-bs-toggle=\"collapse\" data-bs-target=\"#accordion-69e0dca5e2321-collapse\" aria-expanded=\"true\" aria-controls=\"accordion-69e0dca5e2321-collapse\">Aeg-ajalt<\/button>\n        <\/h2>\n        <div id=\"accordion-69e0dca5e2321-collapse\" class=\"accordion-collapse collapse\" aria-labelledby=\"accordion-69e0dca5e2321-heading\">\n            <div class=\"accordion-body\">\n<div>Aeg-ajalt \u00f5pilastele enese- ja kaaslase hindamise v\u00f5imaluse pakkumine on samm \u00f5pilaste hindamisprotsessi kaasamise poole. Kui \u00f5pilased on harjunud traditsioonilise l\u00e4henemisega, mil hindajaks on \u00f5petaja, ongi m\u00f5istlik neid vaikselt ka enese- ja kaaslasehindamisega harjutada ning loota, et see neile niiv\u00f5rd meeldima hakkab, et nad n\u00f5uavad selle suuremat kasutamist.<\/div>\n        <\/div>\n        <\/div>\n    <\/div><\/div>\n<\/div>\n<div id=\"accordion\" class=\"accordion\">\n<p><\/p><div class=\"accordion mb-3\">\n        <div class=\"accordion-item accordion-item--white\">\n        <h2 class=\"accordion-header\" id=\"accordion-69e0dca5e2323-heading\">\n            <button class=\"accordion-button collapsed\" type=\"button\" data-bs-toggle=\"collapse\" data-bs-target=\"#accordion-69e0dca5e2323-collapse\" aria-expanded=\"true\" aria-controls=\"accordion-69e0dca5e2323-collapse\">Sageli<\/button>\n        <\/h2>\n        <div id=\"accordion-69e0dca5e2323-collapse\" class=\"accordion-collapse collapse\" aria-labelledby=\"accordion-69e0dca5e2323-heading\">\n            <div class=\"accordion-body\">\n<div>Suurep\u00e4rane! Sellisel juhul on teie \u00f5pilased harjunud enese ja kaaslase t\u00f6id ja sooritusi anal\u00fc\u00fcsima. See omakorda v\u00f5imaldab neil olla iseseisvamad ja teadlikumad\u00a0ainealastest ja aine\u00fclestest \u00f5ppe-eesm\u00e4rkidest. J\u00e4tkake samas vaimus!<\/div>\n        <\/div>\n        <\/div>\n    <\/div><\/div>\n<\/div>\n<p>J\u00e4rgneb videosissejuhatus teemasse, kus k\u00e4sitletakse traditsioonilisi \u00f5petaja ja \u00f5ppija rolle hindamisel ning tuuakse v\u00e4lja m\u00f5ned selle mudeli n\u00f5rgad k\u00fcljed. Eelnevas m\u00f5tlemis\u00fclesandes palusime v\u00e4lja tuua, KUI TIHTI \u00f5ppijad hindamisse kaasate. Enne selle videol\u00f5igu vaatamist v\u00f5iksite m\u00f5elda ka selle \u00fcle, KUIDAS te \u00f5ppijaid hindamisse kaasate, mida kaasamine Teie jaoks t\u00e4hendab.<\/p>\n<p><\/p><div class=\"ratio ratio-16x9 mb-3\"><div class=\"video-placeholder-wrapper video-placeholder-wrapper--16x9\">\n\t\t\t    <div class=\"video-placeholder d-flex justify-content-center align-items-center\">\n\t\t\t        <div class=\"overlay text-white p-2 w-100 text-center d-block justify-content-center align-items-center\">\n\t\t\t            <div>Kolmandate osapoolte sisu n\u00e4gemiseks palun n\u00f5ustu k\u00fcpsistega.<\/div>\n\t\t\t            <button class=\"btn btn-secondary btn-sm mt-1 consent-change\">Muuda n\u00f5usolekut<\/button>\n\t\t\t        <\/div>\n\t\t\t    <\/div>\n\t\t\t<\/div>\n<\/div>\n<h4><\/h4>\n<h4><\/h4>\n","protected":false},"excerpt":{"rendered":"<p>Enne teema juurde asumist taas v\u00e4ike \u00a0\u00a0M\u00f5tlemis\u00fclesanne M\u00f5elge tagasi oma viimase aasta tundidele. Kui sageli kaasasite \u00f5pilasi hindamisse? Mitte kunagi \u00d5petaja, kes ei leia aega ega vajadust \u00f5ppijate kaasamiseks\u00a0hindamisse, m\u00f5istab hindamist enamasti hinnete panemisena. Juhul kui ka teie jaoks on &#8230;<\/p>\n","protected":false},"author":36,"featured_media":0,"parent":0,"menu_order":0,"comment_status":"closed","ping_status":"closed","template":"","meta":{"_acf_changed":false,"inline_featured_image":false,"footnotes":""},"class_list":["post-31","page","type-page","status-publish","hentry"],"acf":[],"_links":{"self":[{"href":"https:\/\/sisu.ut.ee\/6ppimisttoetavhindamine\/wp-json\/wp\/v2\/pages\/31","targetHints":{"allow":["GET"]}}],"collection":[{"href":"https:\/\/sisu.ut.ee\/6ppimisttoetavhindamine\/wp-json\/wp\/v2\/pages"}],"about":[{"href":"https:\/\/sisu.ut.ee\/6ppimisttoetavhindamine\/wp-json\/wp\/v2\/types\/page"}],"author":[{"embeddable":true,"href":"https:\/\/sisu.ut.ee\/6ppimisttoetavhindamine\/wp-json\/wp\/v2\/users\/36"}],"replies":[{"embeddable":true,"href":"https:\/\/sisu.ut.ee\/6ppimisttoetavhindamine\/wp-json\/wp\/v2\/comments?post=31"}],"version-history":[{"count":2,"href":"https:\/\/sisu.ut.ee\/6ppimisttoetavhindamine\/wp-json\/wp\/v2\/pages\/31\/revisions"}],"predecessor-version":[{"id":275,"href":"https:\/\/sisu.ut.ee\/6ppimisttoetavhindamine\/wp-json\/wp\/v2\/pages\/31\/revisions\/275"}],"wp:attachment":[{"href":"https:\/\/sisu.ut.ee\/6ppimisttoetavhindamine\/wp-json\/wp\/v2\/media?parent=31"}],"curies":[{"name":"wp","href":"https:\/\/api.w.org\/{rel}","templated":true}]}}