{"id":30,"date":"2024-04-03T23:27:14","date_gmt":"2024-04-03T20:27:14","guid":{"rendered":"https:\/\/sisu.ut.ee\/6ppimisttoetavhindamine\/hindamine-oppeprotsessi-osana\/"},"modified":"2024-04-03T23:27:34","modified_gmt":"2024-04-03T20:27:34","slug":"hindamine-oppeprotsessi-osana","status":"publish","type":"page","link":"https:\/\/sisu.ut.ee\/6ppimisttoetavhindamine\/hindamine-oppeprotsessi-osana\/","title":{"rendered":"Hindamine \u00f5ppeprotsessi osana"},"content":{"rendered":"<p><span style=\"color: #888888\"><strong>Selle plokis v\u00f5etakse eelnev materjal veelkord terviklikult kokku. Eneseanal\u00fc\u00fcsi\u00fclesannete ja n\u00e4idete eesm\u00e4rk on aidata teil teadvustada hindamist \u00f5ppeprotsessi lahutamatu osana ning mitte klassikalises, \u201cpiitsa-pr\u00e4\u00e4niku\u201d klassiruumis, vaid \u00f5ppimist toetava hindamise kontekstis.<\/strong><\/span><\/p>\n<h4><span><img loading=\"lazy\" decoding=\"async\" width=\"50\" height=\"46\" class=\"alignnone wp-image-66\" src=\"https:\/\/sisu.ut.ee\/wp-content\/uploads\/sites\/97\/m6ttemull_v.jpg\" title=\"m6ttemull_v.jpg\" alt=\"m6ttemull_v.jpg\">\u00a0\u00a0<span style=\"color: #ff6600\"><strong>Anal\u00fc\u00fcsi\u00fclesanne<\/strong><\/span><\/span><\/h4>\n<p style=\"padding-left: 60px\"><span style=\"color: #ff6600\"><em><strong><span style=\"font-family: book antiqua,palatino;font-size: medium\"><\/span><\/strong><\/em><\/span>Vaadelge oma ainekava v\u00f5i t\u00f6\u00f6kava. Kui palju, kuidas ja kus on seal k\u00e4sitletud hindamist?<\/p>\n<p style=\"padding-left: 60px\">Millal hindamine aset leiab, kas on m\u00f5eldud ka eelhindamisele ja protsessihindamisele?<\/p>\n<p style=\"padding-left: 60px\">Kuidas on omavahel seotud \u00f5ppe- ja hindamismeetodid?<\/p>\n<p style=\"padding-left: 60px\">\n<\/p><p style=\"padding-left: 60px\">Kui \u00f5pite koos kolleegiga, siis tutvustage vastastikku oma anal\u00fc\u00fcsi tulemusi ning otsige nii endale kui kaas\u00f5ppijale ideid, kuidas k\u00f5iki \u00f5ppekava komponente veelgi paremini (ja \u00f5ppimist toetavamalt) omavahel seostada.<\/p>\n","protected":false},"excerpt":{"rendered":"<p>Selle plokis v\u00f5etakse eelnev materjal veelkord terviklikult kokku. Eneseanal\u00fc\u00fcsi\u00fclesannete ja n\u00e4idete eesm\u00e4rk on aidata teil teadvustada hindamist \u00f5ppeprotsessi lahutamatu osana ning mitte klassikalises, \u201cpiitsa-pr\u00e4\u00e4niku\u201d klassiruumis, vaid \u00f5ppimist toetava hindamise kontekstis. \u00a0\u00a0Anal\u00fc\u00fcsi\u00fclesanne Vaadelge oma ainekava v\u00f5i t\u00f6\u00f6kava. Kui palju, kuidas ja &#8230;<\/p>\n","protected":false},"author":36,"featured_media":0,"parent":0,"menu_order":0,"comment_status":"closed","ping_status":"closed","template":"","meta":{"_acf_changed":false,"inline_featured_image":false,"footnotes":""},"class_list":["post-30","page","type-page","status-publish","hentry"],"acf":[],"_links":{"self":[{"href":"https:\/\/sisu.ut.ee\/6ppimisttoetavhindamine\/wp-json\/wp\/v2\/pages\/30","targetHints":{"allow":["GET"]}}],"collection":[{"href":"https:\/\/sisu.ut.ee\/6ppimisttoetavhindamine\/wp-json\/wp\/v2\/pages"}],"about":[{"href":"https:\/\/sisu.ut.ee\/6ppimisttoetavhindamine\/wp-json\/wp\/v2\/types\/page"}],"author":[{"embeddable":true,"href":"https:\/\/sisu.ut.ee\/6ppimisttoetavhindamine\/wp-json\/wp\/v2\/users\/36"}],"replies":[{"embeddable":true,"href":"https:\/\/sisu.ut.ee\/6ppimisttoetavhindamine\/wp-json\/wp\/v2\/comments?post=30"}],"version-history":[{"count":1,"href":"https:\/\/sisu.ut.ee\/6ppimisttoetavhindamine\/wp-json\/wp\/v2\/pages\/30\/revisions"}],"predecessor-version":[{"id":142,"href":"https:\/\/sisu.ut.ee\/6ppimisttoetavhindamine\/wp-json\/wp\/v2\/pages\/30\/revisions\/142"}],"wp:attachment":[{"href":"https:\/\/sisu.ut.ee\/6ppimisttoetavhindamine\/wp-json\/wp\/v2\/media?parent=30"}],"curies":[{"name":"wp","href":"https:\/\/api.w.org\/{rel}","templated":true}]}}