{"id":3,"date":"2024-04-03T23:27:12","date_gmt":"2024-04-03T20:27:12","guid":{"rendered":"https:\/\/sisu.ut.ee\/6ppimisttoetavhindamine\/ajalugu\/"},"modified":"2024-04-03T23:27:35","modified_gmt":"2024-04-03T20:27:35","slug":"ajalugu","status":"publish","type":"page","link":"https:\/\/sisu.ut.ee\/6ppimisttoetavhindamine\/ajalugu\/","title":{"rendered":"Ajalugu"},"content":{"rendered":"<p>AJALUGU: Vanaaja 7 maailmaimet (6. klass). \u00d5petaja Ingrid<\/p>\n<table class=\"table table-hover\" border=\"1\" cellpadding=\"0\" cellspacing=\"0\">\n<tbody>\n<tr>\n<td valign=\"top\">\n<p align=\"center\"><span style=\"font-size: small\">\u00a0<\/span><\/p>\n<\/td>\n<td valign=\"top\">\n<p align=\"center\"><span style=\"font-size: small\"><strong>Kuhu \u00f5ppija l\u00e4heb?<\/strong><\/span><\/p>\n<\/td>\n<td valign=\"top\">\n<p align=\"center\"><span style=\"font-size: small\"><strong>Kus ta hetkel on?<\/strong><\/span><\/p>\n<\/td>\n<td valign=\"top\">\n<p align=\"center\"><span style=\"font-size: small\"><strong>Kuidas soovitut saavutada?<\/strong><\/span><\/p>\n<\/td>\n<\/tr>\n<tr>\n<td valign=\"top\">\n<p align=\"center\"><span style=\"font-size: small\"><strong>\u00d5petaja<\/strong><\/span><\/p>\n<\/td>\n<td valign=\"top\">\n<p><span style=\"font-size: small\">\u00d5petaja tutvustab \u00f5ppe-eesm\u00e4rke:<\/span><\/p>\n<ul>\n<li><span style=\"font-size: small\">saada materjali otsimise ja sellega t\u00f6\u00f6tamise kogemus,<\/span><\/li>\n<li><span style=\"font-size: small\">omandada uusi teadmisi (7 maailmaime ja referaadi koostamise kohta),<\/span><\/li>\n<li><span style=\"font-size: small\">\u00f5ppida korrektset kirjalikku v\u00e4ljendusoskust,<\/span><\/li>\n<li><span style=\"font-size: small\">omandada t\u00f6\u00f6 korrektse vormistamise n\u00f5uded.<\/span><\/li>\n<\/ul>\n<\/td>\n<td valign=\"top\">\n<p><span style=\"font-size: small\">Hindamismudeli tutvustamisel tekkivad k\u00fcsimused annavad \u00f5petajale aimu \u00f5ppijate hetketasemest ja v\u00f5imalikest probleemkohtadest. Hilisem t\u00f6\u00f6de anal\u00fc\u00fcs mudeli abil annab \u00f5petajale infot eesm\u00e4rkide saavutamise kohta, samuti selle kohta, millised aspektid valmistasid raskusi kogu klassile ja millised teatud konkreetsetele \u00f5pilastele.<\/span><\/p>\n<\/td>\n<td valign=\"top\">\n<p align=\"center\"><span style=\"font-size: small\">\u00d5petaja valmistab \u00f5ppijatele detaise hindamismudeli ja t\u00f6\u00f6 vormistamise juhised.<\/span><\/p>\n<\/td>\n<\/tr>\n<tr>\n<td valign=\"top\">\n<p align=\"center\"><span style=\"font-size: small\"><strong>Kaas\u00f5pilane<\/strong><\/span><\/p>\n<\/td>\n<td valign=\"top\">\n<p align=\"center\"><span style=\"font-size: small\">\u00d5ppijad arutavad hindamismudeli omavahel l\u00e4bi, neil on v\u00f5imalus seda t\u00e4iendada.<\/span><\/p>\n<\/td>\n<td colspan=\"2\" valign=\"top\">\n<p align=\"center\"><span style=\"font-size: small\">\u00a0<\/span><\/p>\n<\/td>\n<\/tr>\n<tr>\n<td valign=\"top\">\n<p align=\"center\"><span style=\"font-size: small\"><strong>\u00d5ppija<\/strong><\/span><\/p>\n<\/td>\n<td valign=\"top\">\n<p align=\"center\"><span style=\"font-size: small\">\u00a0<\/span><\/p>\n<\/td>\n<td colspan=\"2\" valign=\"top\">\n<p><span style=\"font-size: small\">\u00d5pilasel on v\u00f5imalus t\u00f6\u00f6juhiste ja hindamismudeli abil oma t\u00f6\u00f6d kavandada nii, et ta saavutaks eesm\u00e4rgid.<\/span><\/p>\n<\/td>\n<\/tr>\n<\/tbody>\n<\/table>\n","protected":false},"excerpt":{"rendered":"<p>AJALUGU: Vanaaja 7 maailmaimet (6. klass). \u00d5petaja Ingrid \u00a0 Kuhu \u00f5ppija l\u00e4heb? Kus ta hetkel on? Kuidas soovitut saavutada? \u00d5petaja \u00d5petaja tutvustab \u00f5ppe-eesm\u00e4rke: saada materjali otsimise ja sellega t\u00f6\u00f6tamise kogemus, omandada uusi teadmisi (7 maailmaime ja referaadi koostamise kohta), \u00f5ppida &#8230;<\/p>\n","protected":false},"author":36,"featured_media":0,"parent":0,"menu_order":0,"comment_status":"closed","ping_status":"closed","template":"","meta":{"_acf_changed":false,"inline_featured_image":false,"footnotes":""},"class_list":["post-3","page","type-page","status-publish","hentry"],"acf":[],"_links":{"self":[{"href":"https:\/\/sisu.ut.ee\/6ppimisttoetavhindamine\/wp-json\/wp\/v2\/pages\/3","targetHints":{"allow":["GET"]}}],"collection":[{"href":"https:\/\/sisu.ut.ee\/6ppimisttoetavhindamine\/wp-json\/wp\/v2\/pages"}],"about":[{"href":"https:\/\/sisu.ut.ee\/6ppimisttoetavhindamine\/wp-json\/wp\/v2\/types\/page"}],"author":[{"embeddable":true,"href":"https:\/\/sisu.ut.ee\/6ppimisttoetavhindamine\/wp-json\/wp\/v2\/users\/36"}],"replies":[{"embeddable":true,"href":"https:\/\/sisu.ut.ee\/6ppimisttoetavhindamine\/wp-json\/wp\/v2\/comments?post=3"}],"version-history":[{"count":1,"href":"https:\/\/sisu.ut.ee\/6ppimisttoetavhindamine\/wp-json\/wp\/v2\/pages\/3\/revisions"}],"predecessor-version":[{"id":182,"href":"https:\/\/sisu.ut.ee\/6ppimisttoetavhindamine\/wp-json\/wp\/v2\/pages\/3\/revisions\/182"}],"wp:attachment":[{"href":"https:\/\/sisu.ut.ee\/6ppimisttoetavhindamine\/wp-json\/wp\/v2\/media?parent=3"}],"curies":[{"name":"wp","href":"https:\/\/api.w.org\/{rel}","templated":true}]}}