{"id":28,"date":"2024-04-03T23:27:13","date_gmt":"2024-04-03T20:27:13","guid":{"rendered":"https:\/\/sisu.ut.ee\/6ppimisttoetavhindamine\/oppe-eesmargistamine-ja-eesmarkide-jagamine\/"},"modified":"2024-04-03T23:27:35","modified_gmt":"2024-04-03T20:27:35","slug":"oppe-eesmargistamine-ja-eesmarkide-jagamine","status":"publish","type":"page","link":"https:\/\/sisu.ut.ee\/6ppimisttoetavhindamine\/oppe-eesmargistamine-ja-eesmarkide-jagamine\/","title":{"rendered":"Eesm\u00e4rgiseade"},"content":{"rendered":"<p class=\"jutt\"><strong>See plokk on eesm\u00e4rgiseadest ja selle rollist hindamises<\/strong><strong>:<\/strong><\/p>\n<ul>\n<li><strong>selgitatakse eesm\u00e4rgistamise ja hindamise seoseid<\/strong><\/li>\n<li><span style=\"font-weight: bold\">kirjeldatakse heade \u00f5ppe-eesm\u00e4rkide tunnuseid: olulisus, arusaadavus, j\u00f5ukohasus \/ v\u00e4ljakutse pakkumine<\/span><\/li>\n<li><strong>p\u00f5hjendatakse prioriteetide seadmise olulisust ja pakutakse v\u00e4lja \u00fcks viis eesm\u00e4rkide \u201cs\u00f5elumiseks\u201d<\/strong><\/li>\n<li><strong>pakutakse m\u00f5tlemis\u00fclesandeid \u00f5ppijate rollist eesm\u00e4rgistamisel<\/strong><\/li>\n<\/ul>\n<p><strong>\u00a0<\/strong><\/p>\n<h4><span><span><img loading=\"lazy\" decoding=\"async\" width=\"50\" height=\"46\" class=\"alignnone wp-image-66\" src=\"https:\/\/sisu.ut.ee\/wp-content\/uploads\/sites\/97\/m6ttemull_v.jpg\" title=\"m6ttemull_v.jpg\" alt=\"m6ttemull_v.jpg\">\u00a0\u00a0<span style=\"color: #ff6600\"><strong>M\u00f5tlemis\u00fclesanne<\/strong><\/span><\/span><\/span><\/h4>\n<p style=\"padding-left: 60px\"><span style=\"font-size: 14px\">Miks peavad paljud autorid nii meil kui mujal eesm\u00e4rgistamist \u00fcheks \u00f5ppimist toetava hindamise alateemaks?<\/span><br><span style=\"font-size: 14px\">Milline on eesm\u00e4rgistamise ja hindamise seos? Kui teile meeldib oma m\u00f5tteid graafiliselt v\u00e4ljendada, visandage selle kohta skeem!<\/span><\/p>\n<p>Kui \u00f5pite\u00a0paarilisega koos v\u00f5i grupis, siis vastake neile k\u00fcsimustele esmalt eraldi ning hiljem jagage oma kogemust paaris v\u00f5i grupikaaslastega. (Selline \u201c<a href=\"http:\/\/6ppimisttoetavhindamine.wordpress.com\/populaarsemad-retseptid\/motle-jaga-sobraga-jaga-koigiga\/\" target=\"_blank\" rel=\"noopener\">m\u00f5tle (kirjuta) \u2013\u00a0jaga s\u00f5braga \u2013\u00a0jaga k\u00f5igiga\u201d\u00a0<\/a>meetod sobib h\u00e4sti kasutamiseks ka \u00f5pilastega).<\/p>\n<p>J\u00e4rgnevas videoesitluses arutletakse<\/p>\n<ul style=\"list-style-type: disc\">\n<li><span style=\"font-size: 14px\">miks<\/span><span style=\"font-size: 14px\"> on\u00a0<\/span><span style=\"font-size: 14px\">eesm\u00e4rgistamine ja hindamine<\/span><span style=\"font-size: 14px\"> omavahel nii <\/span><span style=\"font-size: 14px\">tihedalt seotud<\/span><\/li>\n<li><span style=\"font-size: 14px\">v\u00f5rreldakse\u00a0<\/span><span style=\"font-size: 14px\">sisendi- ja v\u00e4ljundip\u00f5hist<\/span><span style=\"font-size: 14px\"> \u00f5ppe kavandamist, nende l\u00e4henemiste eesm\u00e4rgis\u00f5nastuse erinevusi ning \u00f5petaja ja \u00f5pilase vastutu<\/span><span style=\"font-size: 14px\">st<\/span><\/li>\n<\/ul>\n<p><\/p><div class=\"ratio ratio-16x9 mb-3\"><div class=\"video-placeholder-wrapper video-placeholder-wrapper--16x9\">\n\t\t\t    <div class=\"video-placeholder d-flex justify-content-center align-items-center\">\n\t\t\t        <div class=\"overlay text-white p-2 w-100 text-center d-block justify-content-center align-items-center\">\n\t\t\t            <div>Kolmandate osapoolte sisu n\u00e4gemiseks palun n\u00f5ustu k\u00fcpsistega.<\/div>\n\t\t\t            <button class=\"btn btn-secondary btn-sm mt-1 consent-change\">Muuda n\u00f5usolekut<\/button>\n\t\t\t        <\/div>\n\t\t\t    <\/div>\n\t\t\t<\/div>\n<\/div>\n<p><strong>Eesm\u00e4rgistamine on seega oluline, et<\/strong><\/p>\n<ul>\n<li><strong>m\u00f5ista, mida \u00fcldse\u00a0<span>peaks<\/span> \u00f5petama, \u00f5ppima ja hindama\u00a0<\/strong><\/li>\n<li><strong>saada orientiir, mille alusel \u00f5ppeprotsessi k\u00e4igus kogutud infot (\u00f5ppijate teadmised-oskused-hoiakud) kaaluda<\/strong><\/li>\n<\/ul>\n<p><strong>T\u00e4nap\u00e4eval kirjeldatakse eesm\u00e4rke sageli\u00a0v\u00e4ljundip\u00f5hiselt\u00a0<\/strong>\u2013\u00a0neid nimetatakse eeldatavateks arengutulemusteks (koolieelse lasteasutuse riiklikus \u00f5ppekavas), taotletavateks \u00f5pitulemusteks v\u00f5i \u00f5piv\u00e4ljunditeks vms.<\/p>\n\n<p class=\"jutt\">\n<\/p><h4><\/h4>\n","protected":false},"excerpt":{"rendered":"<p>See plokk on eesm\u00e4rgiseadest ja selle rollist hindamises: selgitatakse eesm\u00e4rgistamise ja hindamise seoseid kirjeldatakse heade \u00f5ppe-eesm\u00e4rkide tunnuseid: olulisus, arusaadavus, j\u00f5ukohasus \/ v\u00e4ljakutse pakkumine p\u00f5hjendatakse prioriteetide seadmise olulisust ja pakutakse v\u00e4lja \u00fcks viis eesm\u00e4rkide \u201cs\u00f5elumiseks\u201d pakutakse m\u00f5tlemis\u00fclesandeid \u00f5ppijate rollist eesm\u00e4rgistamisel \u00a0 &#8230;<\/p>\n","protected":false},"author":36,"featured_media":0,"parent":0,"menu_order":0,"comment_status":"closed","ping_status":"closed","template":"","meta":{"_acf_changed":false,"inline_featured_image":false,"footnotes":""},"class_list":["post-28","page","type-page","status-publish","hentry"],"acf":[],"_links":{"self":[{"href":"https:\/\/sisu.ut.ee\/6ppimisttoetavhindamine\/wp-json\/wp\/v2\/pages\/28","targetHints":{"allow":["GET"]}}],"collection":[{"href":"https:\/\/sisu.ut.ee\/6ppimisttoetavhindamine\/wp-json\/wp\/v2\/pages"}],"about":[{"href":"https:\/\/sisu.ut.ee\/6ppimisttoetavhindamine\/wp-json\/wp\/v2\/types\/page"}],"author":[{"embeddable":true,"href":"https:\/\/sisu.ut.ee\/6ppimisttoetavhindamine\/wp-json\/wp\/v2\/users\/36"}],"replies":[{"embeddable":true,"href":"https:\/\/sisu.ut.ee\/6ppimisttoetavhindamine\/wp-json\/wp\/v2\/comments?post=28"}],"version-history":[{"count":1,"href":"https:\/\/sisu.ut.ee\/6ppimisttoetavhindamine\/wp-json\/wp\/v2\/pages\/28\/revisions"}],"predecessor-version":[{"id":181,"href":"https:\/\/sisu.ut.ee\/6ppimisttoetavhindamine\/wp-json\/wp\/v2\/pages\/28\/revisions\/181"}],"wp:attachment":[{"href":"https:\/\/sisu.ut.ee\/6ppimisttoetavhindamine\/wp-json\/wp\/v2\/media?parent=28"}],"curies":[{"name":"wp","href":"https:\/\/api.w.org\/{rel}","templated":true}]}}