{"id":25,"date":"2024-04-03T23:27:13","date_gmt":"2024-04-03T20:27:13","guid":{"rendered":"https:\/\/sisu.ut.ee\/6ppimisttoetavhindamine\/hindamise-pohikusimused\/"},"modified":"2024-09-02T11:03:04","modified_gmt":"2024-09-02T08:03:04","slug":"hindamise-pohikusimused","status":"publish","type":"page","link":"https:\/\/sisu.ut.ee\/6ppimisttoetavhindamine\/hindamise-pohikusimused\/","title":{"rendered":"Hindamise p\u00f5hik\u00fcsimused"},"content":{"rendered":"<h4><span style=\"line-height: 21px; font-size: 14px;\"><strong>Hindamisk\u00fcsimusi saab s\u00f5nastada ka nii \u00f5petaja kui \u00f5ppija vaatepunktist.<\/strong> \u00d5ppimist toetava hindamise puhul on fookus eriti viimastel:<\/span><\/h4>\n<p><img loading=\"lazy\" decoding=\"async\" width=\"960\" height=\"720\" class=\"alignnone wp-image-72\" title=\"Hindamisk\u00fcsimused \u00f5ppijale\" src=\"https:\/\/sisu.ut.ee\/wp-content\/uploads\/sites\/97\/hindamiskysimused_lapsele.jpg\" alt=\"Hindamisk\u00fcsimused \u00f5ppijale\" srcset=\"https:\/\/sisu.ut.ee\/wp-content\/uploads\/sites\/97\/hindamiskysimused_lapsele.jpg 960w, https:\/\/sisu.ut.ee\/wp-content\/uploads\/sites\/97\/hindamiskysimused_lapsele-300x225.jpg 300w, https:\/\/sisu.ut.ee\/wp-content\/uploads\/sites\/97\/hindamiskysimused_lapsele-768x576.jpg 768w\" sizes=\"auto, (max-width: 960px) 100vw, 960px\"><\/p>\n<h4><img loading=\"lazy\" decoding=\"async\" width=\"50\" height=\"46\" class=\"alignnone wp-image-66\" title=\"m6ttemull_v.jpg\" src=\"https:\/\/sisu.ut.ee\/wp-content\/uploads\/sites\/97\/m6ttemull_v.jpg\" alt=\"m6ttemull_v.jpg\">\u00a0\u00a0<span style=\"color: #ff6600;\"><strong>M\u00f5tlemis\u00fclesanne<\/strong><\/span><\/h4>\n<p style=\"padding-left: 60px;\">Vaata joonisel esitatud k\u00fcsimusi. Millistele neist on lihtne vastust leida? Millistele keeruline? Miks?<\/p>\n<p style=\"padding-left: 60px;\">Mida saab \u00f5petaja teha, et aidata \u00f5ppijal neile k\u00fcsimustele vastata?<\/p>\n<p>J\u00e4rgnevas videoloengus tutvustatakse <strong>\u00f5ppimist toetava hindamise kolme p\u00f5hik\u00fcsimust<\/strong> erinevate \u00f5ppeprotsessi osapoolte perpektiivist.<\/p>\n<p><\/p><div class=\"ratio ratio-16x9 mb-3\"><div class=\"video-placeholder-wrapper video-placeholder-wrapper--16x9\">\n\t\t\t    <div class=\"video-placeholder d-flex justify-content-center align-items-center\">\n\t\t\t        <div class=\"overlay text-white p-2 w-100 text-center d-block justify-content-center align-items-center\">\n\t\t\t            <div>Kolmandate osapoolte sisu n\u00e4gemiseks palun n\u00f5ustu k\u00fcpsistega.<\/div>\n\t\t\t            <button class=\"btn btn-secondary btn-sm mt-1 consent-change\">Muuda n\u00f5usolekut<\/button>\n\t\t\t        <\/div>\n\t\t\t    <\/div>\n\t\t\t<\/div>\n<\/div>\n<h4><img loading=\"lazy\" decoding=\"async\" width=\"50\" height=\"46\" class=\"alignnone wp-image-66\" title=\"m6ttemull_v.jpg\" src=\"https:\/\/sisu.ut.ee\/wp-content\/uploads\/sites\/97\/m6ttemull_v.jpg\" alt=\"m6ttemull_v.jpg\">\u00a0\u00a0<span style=\"color: #ff6600;\"><strong>M\u00f5tlemis\u00fclesanne<\/strong><\/span><\/h4>\n<p style=\"padding-left: 60px;\">Kavanda \u00fcks \u00f5ppe\u00fclesanne \u00a0(\u00f5ppeteema) nii, et m\u00f5tled Blacki ja Wiliami tabeli k\u00f5igile aspektidele. Kui see \u00fclesanne tundub\u00a0esialgu keeruline, siis v\u00f5id selle juurde tagasi p\u00f6\u00f6rduda kursuse l\u00f5pul.<\/p>\n<p style=\"padding-left: 60px;\">M\u00f5ned n\u00e4ited eesti \u00f5petajate sedalaadi kavadest leiab <a href=\"https:\/\/sisu.ut.ee\/6ppimisttoetavhindamine\/naiteid-oppimist-toetava-hindamise-puhikusimuste-kohta\/\">lisamaterjalidest<\/a>.<\/p>\n<p><strong>Loe lisaks!<\/strong><\/p>\n<p>Hindamisega on seotud rida k\u00fcsimusi, vastus \u00fchele m\u00f5jutab vastust k\u00f5igile teistele.<br>\nHindamisk\u00fcsimuste ja nende vastuste \u00fcle on p\u00f5hjalikumalt arutletud raamatu \u201c<a href=\"http:\/\/www.curriculum.ut.ee\/sites\/default\/files\/ht\/oppimist_toetav_hindamine_kokkui.pdf\" target=\"_blank\" rel=\"noopener\">Kujundav hindamine kui \u00f5ppimist toetav hindamine<\/a>\u201d 3. peat\u00fckis.<\/p>\n","protected":false},"excerpt":{"rendered":"<p>Hindamisk\u00fcsimusi saab s\u00f5nastada ka nii \u00f5petaja kui \u00f5ppija vaatepunktist. \u00d5ppimist toetava hindamise puhul on fookus eriti viimastel: \u00a0\u00a0M\u00f5tlemis\u00fclesanne Vaata joonisel esitatud k\u00fcsimusi. Millistele neist on lihtne vastust leida? Millistele keeruline? Miks? Mida saab \u00f5petaja teha, et aidata \u00f5ppijal neile k\u00fcsimustele &#8230;<\/p>\n","protected":false},"author":36,"featured_media":0,"parent":0,"menu_order":0,"comment_status":"closed","ping_status":"closed","template":"","meta":{"_acf_changed":false,"inline_featured_image":false,"footnotes":""},"class_list":["post-25","page","type-page","status-publish","hentry"],"acf":[],"_links":{"self":[{"href":"https:\/\/sisu.ut.ee\/6ppimisttoetavhindamine\/wp-json\/wp\/v2\/pages\/25","targetHints":{"allow":["GET"]}}],"collection":[{"href":"https:\/\/sisu.ut.ee\/6ppimisttoetavhindamine\/wp-json\/wp\/v2\/pages"}],"about":[{"href":"https:\/\/sisu.ut.ee\/6ppimisttoetavhindamine\/wp-json\/wp\/v2\/types\/page"}],"author":[{"embeddable":true,"href":"https:\/\/sisu.ut.ee\/6ppimisttoetavhindamine\/wp-json\/wp\/v2\/users\/36"}],"replies":[{"embeddable":true,"href":"https:\/\/sisu.ut.ee\/6ppimisttoetavhindamine\/wp-json\/wp\/v2\/comments?post=25"}],"version-history":[{"count":2,"href":"https:\/\/sisu.ut.ee\/6ppimisttoetavhindamine\/wp-json\/wp\/v2\/pages\/25\/revisions"}],"predecessor-version":[{"id":212,"href":"https:\/\/sisu.ut.ee\/6ppimisttoetavhindamine\/wp-json\/wp\/v2\/pages\/25\/revisions\/212"}],"wp:attachment":[{"href":"https:\/\/sisu.ut.ee\/6ppimisttoetavhindamine\/wp-json\/wp\/v2\/media?parent=25"}],"curies":[{"name":"wp","href":"https:\/\/api.w.org\/{rel}","templated":true}]}}