{"id":23,"date":"2024-04-03T23:27:13","date_gmt":"2024-04-03T20:27:13","guid":{"rendered":"https:\/\/sisu.ut.ee\/6ppimisttoetavhindamine\/oppematerjalid\/"},"modified":"2024-09-02T10:40:21","modified_gmt":"2024-09-02T07:40:21","slug":"oppematerjalid","status":"publish","type":"page","link":"https:\/\/sisu.ut.ee\/6ppimisttoetavhindamine\/oppematerjalid\/","title":{"rendered":"\u00d5ppimist toetav hindamine"},"content":{"rendered":"<p>\u00d5ppimist toetava hindamise materjalid aitavad orienteeruda selles laias ja kompleksses teemas.<\/p>\n<p>Need toetuvad suuresti juba samade autorite poolt varem loodud\u00a0eestikeelsetele materjalidele \u2013 \u00f5ppimist toetava hindamise <a href=\"http:\/\/6ppimisttoetavhindamine.wordpress.com\/\" target=\"_blank\" rel=\"noopener\">veebilehele <\/a>ja k\u00f5rgkooli\u00f5pikule \u201c<a href=\"http:\/\/www.curriculum.ut.ee\/sites\/default\/files\/ht\/oppimist_toetav_hindamine_kokkui.pdf\" target=\"_blank\" rel=\"noopener\">Kujundav hindamine kui \u00f5ppimist toetav hindamine<\/a>\u201c, aga ka mitmetele teistele, peamiselt ingliskeelsetele allikatele.<\/p>\n<p>Iga teema kohta leiate erinevaid materjale (tekstid, l\u00fchikesed videoloengud-slaidiesitlused, joonised\/ seled, m\u00f5tlemis\u00fclesanded nii individuaalseks kui grupiaruteluks jne)<\/p>\n<p>Enne kursusega alustamist<\/p>\n<ul>\n<li><span style=\"font-size: 14px;\">tutvuge palun opijuhisega ninge valige seal pakutud eel\u00fclesande variantide seast endale sobiv<\/span><\/li>\n<li>vastake enne alustamist <a href=\"https:\/\/sisu.ut.ee\/6ppimisttoetavhindamine\/enesehindamise-kusimustik\/\" target=\"_blank\" rel=\"noopener\">enesehindamise k\u00fcsimustikule<\/a>\u00a0ja salvestage saadud tulemused<\/li>\n<li>koostage kursuse l\u00e4bimiseks oma <a href=\"https:\/\/sisu.ut.ee\/6ppimisttoetavhindamine\/ajakava\" target=\"_blank\" rel=\"noopener\">ajakava<\/a>\u00a0(v\u00f5i enda ja paarilise \/ meeskonna ajakava)<\/li>\n<\/ul>\n<p><span style=\"color: #ff0000; font-size: 14px;\">\u00a0<img loading=\"lazy\" decoding=\"async\" width=\"720\" height=\"960\" class=\"alignnone wp-image-71\" title=\"6th_kursuse_sisupuu.jpg\" src=\"https:\/\/sisu.ut.ee\/wp-content\/uploads\/sites\/97\/6th_kursuse_sisupuu.jpg\" alt=\"6th_kursuse_sisupuu.jpg\" srcset=\"https:\/\/sisu.ut.ee\/wp-content\/uploads\/sites\/97\/6th_kursuse_sisupuu.jpg 720w, https:\/\/sisu.ut.ee\/wp-content\/uploads\/sites\/97\/6th_kursuse_sisupuu-225x300.jpg 225w\" sizes=\"auto, (max-width: 720px) 100vw, 720px\"><\/span><\/p>\n","protected":false},"excerpt":{"rendered":"<p>\u00d5ppimist toetava hindamise materjalid aitavad orienteeruda selles laias ja kompleksses teemas. Need toetuvad suuresti juba samade autorite poolt varem loodud\u00a0eestikeelsetele materjalidele \u2013 \u00f5ppimist toetava hindamise veebilehele ja k\u00f5rgkooli\u00f5pikule \u201cKujundav hindamine kui \u00f5ppimist toetav hindamine\u201c, aga ka mitmetele teistele, peamiselt ingliskeelsetele &#8230;<\/p>\n","protected":false},"author":36,"featured_media":0,"parent":0,"menu_order":0,"comment_status":"closed","ping_status":"closed","template":"","meta":{"_acf_changed":false,"inline_featured_image":false,"footnotes":""},"class_list":["post-23","page","type-page","status-publish","hentry"],"acf":[],"_links":{"self":[{"href":"https:\/\/sisu.ut.ee\/6ppimisttoetavhindamine\/wp-json\/wp\/v2\/pages\/23","targetHints":{"allow":["GET"]}}],"collection":[{"href":"https:\/\/sisu.ut.ee\/6ppimisttoetavhindamine\/wp-json\/wp\/v2\/pages"}],"about":[{"href":"https:\/\/sisu.ut.ee\/6ppimisttoetavhindamine\/wp-json\/wp\/v2\/types\/page"}],"author":[{"embeddable":true,"href":"https:\/\/sisu.ut.ee\/6ppimisttoetavhindamine\/wp-json\/wp\/v2\/users\/36"}],"replies":[{"embeddable":true,"href":"https:\/\/sisu.ut.ee\/6ppimisttoetavhindamine\/wp-json\/wp\/v2\/comments?post=23"}],"version-history":[{"count":2,"href":"https:\/\/sisu.ut.ee\/6ppimisttoetavhindamine\/wp-json\/wp\/v2\/pages\/23\/revisions"}],"predecessor-version":[{"id":197,"href":"https:\/\/sisu.ut.ee\/6ppimisttoetavhindamine\/wp-json\/wp\/v2\/pages\/23\/revisions\/197"}],"wp:attachment":[{"href":"https:\/\/sisu.ut.ee\/6ppimisttoetavhindamine\/wp-json\/wp\/v2\/media?parent=23"}],"curies":[{"name":"wp","href":"https:\/\/api.w.org\/{rel}","templated":true}]}}