{"id":20,"date":"2024-04-03T23:27:13","date_gmt":"2024-04-03T20:27:13","guid":{"rendered":"https:\/\/sisu.ut.ee\/6ppimisttoetavhindamine\/kas-koigile-samad-eesmargid-0\/"},"modified":"2024-04-03T23:27:34","modified_gmt":"2024-04-03T20:27:34","slug":"kas-koigile-samad-eesmargid-0","status":"publish","type":"page","link":"https:\/\/sisu.ut.ee\/6ppimisttoetavhindamine\/kas-koigile-samad-eesmargid-0\/","title":{"rendered":"Kas k\u00f5igile samad eesm\u00e4rgid?"},"content":{"rendered":"<p><strong>\u00d5ppe-eesm\u00e4rkide \u00fcks oluline kvaliteeditunnus on\u00a0j\u00f5ukohasus \u2013\u00a0eesm\u00e4rgid peaksid olema \u00f5ppija jaoks\u00a0saavutatavad\u00a0ja pakkuma just\u00a0parajat v\u00e4ljakutset.<\/strong><\/p>\n<p><img loading=\"lazy\" decoding=\"async\" width=\"50\" height=\"46\" class=\"alignnone wp-image-66\" style=\"color: inherit;line-height: 1.1;font-family: inherit;font-size: 18px\" src=\"https:\/\/sisu.ut.ee\/wp-content\/uploads\/sites\/97\/m6ttemull_v.jpg\" title=\"m6ttemull_v.jpg\" alt=\"m6ttemull_v.jpg\"><span style=\"color: inherit;line-height: 1.1;font-family: inherit;font-size: 18px\">\u00a0\u00a0<\/span><span style=\"color: #ff6600;line-height: 1.1;font-family: inherit;font-size: 18px\"><strong>M\u00f5tlemis\u00fclesanne<\/strong><\/span><\/p>\n<p style=\"padding-left: 60px\"><span style=\"color: inherit;font-family: inherit;font-size: 14px\">Kas riiklikes \u00f5ppekavades s\u00e4testatud eesm\u00e4rgid on k\u00f5ikide \u00f5ppijate jaoks j\u00f5ukohased?<\/span><\/p>\n<p>\u00a0<\/p>\n<p>Oleneb, kuhu vaadata \u2013\u00a0kas ainekavade taotletavate \u00f5pitulemuste loenditesse v\u00f5i ainekavade ja \u00f5ppekava \u00fcldossa.<\/p>\n<p>J\u00e4rgnevas videoesitluses vaadeldakse, miks riikliku \u00f5ppekava ainekavades toodud \u00f5pitulemused hindamise alusena k\u00f5igile ei sobi.<\/p>\n<p><\/p><div class=\"ratio ratio-16x9 mb-3\"><div class=\"video-placeholder-wrapper video-placeholder-wrapper--16x9\">\n\t\t\t    <div class=\"video-placeholder d-flex justify-content-center align-items-center\">\n\t\t\t        <div class=\"overlay text-white p-2 w-100 text-center d-block justify-content-center align-items-center\">\n\t\t\t            <div>Kolmandate osapoolte sisu n\u00e4gemiseks palun n\u00f5ustu k\u00fcpsistega.<\/div>\n\t\t\t            <button class=\"btn btn-secondary btn-sm mt-1 consent-change\">Muuda n\u00f5usolekut<\/button>\n\t\t\t        <\/div>\n\t\t\t    <\/div>\n\t\t\t<\/div>\n<\/div>\n<p><strong>P\u00e4devused\u00a0\u00f5ppe sihina (strateegilise eesm\u00e4rgina) on \u00fcsna\u00a0\u00fclds\u00f5nalised\u00a0(puudu v\u00f5ib\u00a0j\u00e4\u00e4da konkreetsusest ja \u00fcheselt arusaadavusest). Nad annavad siiski\u00a0k\u00e4tte \u00f5ppe sihi\u00a0ja\u00a0sobivad\u00a0\u00f5ppe kavandamise ja hindamise alusena\u00a0v\u00e4ga erineva tasemega \u00f5pilaste arengu hindamiseks ja tagasisidestamiseks.<\/strong><\/p>\n","protected":false},"excerpt":{"rendered":"<p>\u00d5ppe-eesm\u00e4rkide \u00fcks oluline kvaliteeditunnus on\u00a0j\u00f5ukohasus \u2013\u00a0eesm\u00e4rgid peaksid olema \u00f5ppija jaoks\u00a0saavutatavad\u00a0ja pakkuma just\u00a0parajat v\u00e4ljakutset. \u00a0\u00a0M\u00f5tlemis\u00fclesanne Kas riiklikes \u00f5ppekavades s\u00e4testatud eesm\u00e4rgid on k\u00f5ikide \u00f5ppijate jaoks j\u00f5ukohased? \u00a0 Oleneb, kuhu vaadata \u2013\u00a0kas ainekavade taotletavate \u00f5pitulemuste loenditesse v\u00f5i ainekavade ja \u00f5ppekava \u00fcldossa. J\u00e4rgnevas videoesitluses &#8230;<\/p>\n","protected":false},"author":36,"featured_media":0,"parent":0,"menu_order":0,"comment_status":"closed","ping_status":"closed","template":"","meta":{"_acf_changed":false,"inline_featured_image":false,"footnotes":""},"class_list":["post-20","page","type-page","status-publish","hentry"],"acf":[],"_links":{"self":[{"href":"https:\/\/sisu.ut.ee\/6ppimisttoetavhindamine\/wp-json\/wp\/v2\/pages\/20","targetHints":{"allow":["GET"]}}],"collection":[{"href":"https:\/\/sisu.ut.ee\/6ppimisttoetavhindamine\/wp-json\/wp\/v2\/pages"}],"about":[{"href":"https:\/\/sisu.ut.ee\/6ppimisttoetavhindamine\/wp-json\/wp\/v2\/types\/page"}],"author":[{"embeddable":true,"href":"https:\/\/sisu.ut.ee\/6ppimisttoetavhindamine\/wp-json\/wp\/v2\/users\/36"}],"replies":[{"embeddable":true,"href":"https:\/\/sisu.ut.ee\/6ppimisttoetavhindamine\/wp-json\/wp\/v2\/comments?post=20"}],"version-history":[{"count":1,"href":"https:\/\/sisu.ut.ee\/6ppimisttoetavhindamine\/wp-json\/wp\/v2\/pages\/20\/revisions"}],"predecessor-version":[{"id":173,"href":"https:\/\/sisu.ut.ee\/6ppimisttoetavhindamine\/wp-json\/wp\/v2\/pages\/20\/revisions\/173"}],"wp:attachment":[{"href":"https:\/\/sisu.ut.ee\/6ppimisttoetavhindamine\/wp-json\/wp\/v2\/media?parent=20"}],"curies":[{"name":"wp","href":"https:\/\/api.w.org\/{rel}","templated":true}]}}