{"id":19,"date":"2024-04-03T23:27:13","date_gmt":"2024-04-03T20:27:13","guid":{"rendered":"https:\/\/sisu.ut.ee\/6ppimisttoetavhindamine\/kas-koigile-samad-eesmargid\/"},"modified":"2024-04-03T23:27:34","modified_gmt":"2024-04-03T20:27:34","slug":"kas-koigile-samad-eesmargid","status":"publish","type":"page","link":"https:\/\/sisu.ut.ee\/6ppimisttoetavhindamine\/kas-koigile-samad-eesmargid\/","title":{"rendered":"P\u00e4devused kui strateegilised eesm\u00e4rgid"},"content":{"rendered":"<p>\u00a0<\/p>\n<p>\u00d5piv\u00e4ljundeid v\u00f5ib s\u00f5nastada v\u00e4ga konkreetselt.<\/p>\n<p><\/p><div class=\"accordion mb-3\">\n        <div class=\"accordion-item accordion-item--white\">\n        <h2 class=\"accordion-header\" id=\"accordion-69de367f7bccb-heading\">\n            <button class=\"accordion-button collapsed\" type=\"button\" data-bs-toggle=\"collapse\" data-bs-target=\"#accordion-69de367f7bccb-collapse\" aria-expanded=\"true\" aria-controls=\"accordion-69de367f7bccb-collapse\">N\u00e4ide konkreetsetest \u00f5piv\u00e4ljunditest emakeele\u00f5ppes<\/button>\n        <\/h2>\n        <div id=\"accordion-69de367f7bccb-collapse\" class=\"accordion-collapse collapse\" aria-labelledby=\"accordion-69de367f7bccb-heading\">\n            <div class=\"accordion-body\">\n<ul>\n<li><span style=\"font-size: 14px\">\u00f5pilane koostab raamatu \u201cMuna\u201d (\u201cSipsik\u201d, \u201cNaksitrallid\u201d, \u201cTom Sawyer\u201d vms)\u00a0kirjaliku l\u00fchikokkuv\u00f5tte (v\u00f5ib veel t\u00e4psustada, kas kas \u00f5pilane teeb kokkuv\u00f5tte etteantud k\u00fcsimuste abiga v\u00f5i ilma, kas ta teeb seda ise v\u00f5i \u00f5petaja \/ kaaslase abiga, kas paberil v\u00f5i arvutiga jne jne)<\/span><\/li>\n<li><span style=\"font-size: 14px\">\u00f5pilane koostab raamatu \u201cMuna\u201d tegelastest m\u00f5istekaardi<\/span><\/li>\n<li><span style=\"font-size: 14px\">\u00f5pilane koostab loetud eakohase raamatu kirjaliku l\u00fchikokkuv\u00f5tte, milles on v\u00e4hemalt viis l\u00f5iku, mis on seostatud loogiliseks tekstiks ja milles kasutatakse \u00f5igesti peamisi ortograafiareegleid (mitte \u00fcle 5 vea)<\/span><\/li><\/ul><\/div>\n        <\/div>\n        <\/div>\n    <\/div>\n\n<p><\/p><div class=\"accordion mb-3\">\n        <div class=\"accordion-item accordion-item--white\">\n        <h2 class=\"accordion-header\" id=\"accordion-69de367f7bcd7-heading\">\n            <button class=\"accordion-button collapsed\" type=\"button\" data-bs-toggle=\"collapse\" data-bs-target=\"#accordion-69de367f7bcd7-collapse\" aria-expanded=\"true\" aria-controls=\"accordion-69de367f7bcd7-collapse\">N\u00e4ide konkreetsetest \u00f5piv\u00e4ljunditest matemaatika\u00f5ppes<\/button>\n        <\/h2>\n        <div id=\"accordion-69de367f7bcd7-collapse\" class=\"accordion-collapse collapse\" aria-labelledby=\"accordion-69de367f7bcd7-heading\">\n            <div class=\"accordion-body\">\n<ul>\n<li><span style=\"font-size: 14px\">\u00d5pilane lahendab lihtsa \u00fchetehtelise tekst\u00fclesande, milles kasutatakse liitmis- v\u00f5i lahutamistehet (t\u00e4psustada v\u00f5ib veel seda, kas arvutatakse 10, 20, 100 jne piires, kas kasutatakse ainult t\u00e4isarve, kas kasutatakse ainult positiivseid v\u00f5i ka negatiivseid arve, kas \u00f5pilane lahendab \u00fclesande ise v\u00f5i \u00f5petaja \/ kaaslase abiga, kas peast, paberil v\u00f5i arvuti abiga jne jne).<\/span><\/li>\n<li><span style=\"font-size: 14px\">\u00d5pilane leiab lihtsast \u00fchetehtelisest tekst\u00fclesandest k\u00fcsimuse (mida tahetakse teada saada), vajalikud arvandmend ning sooritab vastuse saamiseks n\u00f5utava tehte.<\/span><\/li>\n<li><span style=\"font-size: 14px\">\u00d5pilane koostab lihtsa \u00fchetehtelise tekst\u00fclesande, milles kasutatakse liitmis- v\u00f5i lahutamistehet.<\/span><\/li>\n<li><span style=\"font-size: 14px\">\u00d5pilane anal\u00fc\u00fcsib lihtsaid tekst\u00fclesandeid ning selgitab, kas antud andmete p\u00f5hjal on v\u00f5imalik saada soovitud vastust.<\/span><\/li>\n<\/ul>\n<p><span style=\"font-size: 14px\">Kui sama valdkonnaga edasi minna, siis m\u00f5ne aja p\u00e4rast v\u00f5ib taotletavaks \u00f5piv\u00e4ljundiks olla<\/span><\/p>\n<ul>\n<li><span style=\"font-size: 14px\">\u00d5pilane lahendab keerukama \u00fchetehtelise tekst\u00fclesande, milles kasutatakse k\u00f5iki nelja tehet.<\/span><\/li>\n<li><span style=\"font-size: 14px\">\u00d5pilane lahendab lihtsa kahetehtelise tekst\u00fclesande, milles kasutatakse liitmis- v\u00f5i lahutamistehet.<\/span><\/li>\n<li><span style=\"font-size: 14px\">\u00d5pilane leiab lihtsast kahetehtelisest tekst\u00fclesandest k\u00fcsimuse (mida tahetakse teada saada), vajalikud arvandmed ning sooritab vastuse saamiseks n\u00f5utava tehte.<\/span><\/li>\n<li><span style=\"font-size: 14px\">\u00d5pilane koostab lihtsa kahetehtelise tekst\u00fclesande, milles kasutatakse liitmis- v\u00f5i lahutamistehet. <\/span><\/li><\/ul><\/div>\n        <\/div>\n        <\/div>\n    <\/div>\n\n<h4><span style=\"color: #ff6600\"><strong><img loading=\"lazy\" decoding=\"async\" width=\"50\" height=\"46\" class=\"alignnone wp-image-66\" style=\"color: inherit;line-height: 1.1;font-family: inherit\" src=\"https:\/\/sisu.ut.ee\/wp-content\/uploads\/sites\/97\/m6ttemull_v.jpg\" title=\"m6ttemull_v.jpg\" alt=\"m6ttemull_v.jpg\">\u00a0 M\u00f5tlemis\u00fclesanne<\/strong><\/span><\/h4>\n<p style=\"padding-left: 60px\">Milline oht kaasneb sellega, kui s\u00f5nastame \u00f5pitulemused v\u00e4ga konkreetselt, detailselt ja m\u00f5\u00f5detavalt?<\/p>\n<p style=\"padding-left: 60px\">\n<\/p><p>Kehtiva riikliku \u00f5ppekava \u00fcldosas on loetletud mitmesugused eriti olulised \u00f5piv\u00e4ljundid: suutlikkus toime tulla ema- ja v\u00f5\u00f5rkeelsete tekstidega, valmidus \u00fcles n\u00e4idata kodanikualgatust ja ettev\u00f5tlikkust ning vastavad teadmised, sotsiaalsed ja enesekohased oskused, tervislikud eluviisid, oskus m\u00f5ista ja luua s\u00fcmboleid, graafikuid, skeeme. K\u00f5ik need \u00f5piv\u00e4ljundid kajastuvad ka ainevaldkonnakavade \u00fcldosades.<\/p>\n<p>Need on \u00f5ppe <strong>strateegilised eesm\u00e4rgid<\/strong> ehk <strong>sihid, <\/strong>mida Eesti \u00f5ppekavades on nimetatud <strong>p\u00e4devusteks<\/strong>.<\/p>\n<p>J\u00e4rgnevas esitluses arutletakse selle \u00fcle, miks on just p\u00e4devused kui \u00f5piv\u00e4ljundid sobivamad kaasava hariduse kontekstis.<\/p>\n<p><\/p><div class=\"ratio ratio-16x9 mb-3\"><div class=\"video-placeholder-wrapper video-placeholder-wrapper--16x9\">\n\t\t\t    <div class=\"video-placeholder d-flex justify-content-center align-items-center\">\n\t\t\t        <div class=\"overlay text-white p-2 w-100 text-center d-block justify-content-center align-items-center\">\n\t\t\t            <div>Kolmandate osapoolte sisu n\u00e4gemiseks palun n\u00f5ustu k\u00fcpsistega.<\/div>\n\t\t\t            <button class=\"btn btn-secondary btn-sm mt-1 consent-change\">Muuda n\u00f5usolekut<\/button>\n\t\t\t        <\/div>\n\t\t\t    <\/div>\n\t\t\t<\/div>\n<\/div>\n","protected":false},"excerpt":{"rendered":"<p>\u00a0 \u00d5piv\u00e4ljundeid v\u00f5ib s\u00f5nastada v\u00e4ga konkreetselt. N\u00e4ide konkreetsetest \u00f5piv\u00e4ljunditest emakeele\u00f5ppes \u00f5pilane koostab raamatu \u201cMuna\u201d (\u201cSipsik\u201d, \u201cNaksitrallid\u201d, \u201cTom Sawyer\u201d vms)\u00a0kirjaliku l\u00fchikokkuv\u00f5tte (v\u00f5ib veel t\u00e4psustada, kas kas \u00f5pilane teeb kokkuv\u00f5tte etteantud k\u00fcsimuste abiga v\u00f5i ilma, kas ta teeb seda ise v\u00f5i \u00f5petaja &#8230;<\/p>\n","protected":false},"author":36,"featured_media":0,"parent":0,"menu_order":0,"comment_status":"closed","ping_status":"closed","template":"","meta":{"_acf_changed":false,"inline_featured_image":false,"footnotes":""},"class_list":["post-19","page","type-page","status-publish","hentry"],"acf":[],"_links":{"self":[{"href":"https:\/\/sisu.ut.ee\/6ppimisttoetavhindamine\/wp-json\/wp\/v2\/pages\/19","targetHints":{"allow":["GET"]}}],"collection":[{"href":"https:\/\/sisu.ut.ee\/6ppimisttoetavhindamine\/wp-json\/wp\/v2\/pages"}],"about":[{"href":"https:\/\/sisu.ut.ee\/6ppimisttoetavhindamine\/wp-json\/wp\/v2\/types\/page"}],"author":[{"embeddable":true,"href":"https:\/\/sisu.ut.ee\/6ppimisttoetavhindamine\/wp-json\/wp\/v2\/users\/36"}],"replies":[{"embeddable":true,"href":"https:\/\/sisu.ut.ee\/6ppimisttoetavhindamine\/wp-json\/wp\/v2\/comments?post=19"}],"version-history":[{"count":1,"href":"https:\/\/sisu.ut.ee\/6ppimisttoetavhindamine\/wp-json\/wp\/v2\/pages\/19\/revisions"}],"predecessor-version":[{"id":172,"href":"https:\/\/sisu.ut.ee\/6ppimisttoetavhindamine\/wp-json\/wp\/v2\/pages\/19\/revisions\/172"}],"wp:attachment":[{"href":"https:\/\/sisu.ut.ee\/6ppimisttoetavhindamine\/wp-json\/wp\/v2\/media?parent=19"}],"curies":[{"name":"wp","href":"https:\/\/api.w.org\/{rel}","templated":true}]}}