{"id":18,"date":"2024-04-03T23:27:13","date_gmt":"2024-04-03T20:27:13","guid":{"rendered":"https:\/\/sisu.ut.ee\/6ppimisttoetavhindamine\/eesmarkide-soelumine\/"},"modified":"2024-04-03T23:27:34","modified_gmt":"2024-04-03T20:27:34","slug":"eesmarkide-soelumine","status":"publish","type":"page","link":"https:\/\/sisu.ut.ee\/6ppimisttoetavhindamine\/eesmarkide-soelumine\/","title":{"rendered":"Eesm\u00e4rkide &#8220;s\u00f5elumine&#8221;"},"content":{"rendered":"<p><span><\/span><span style=\"color: #ff6600\"><strong><br><\/strong><\/span><\/p>\n<h4><img loading=\"lazy\" decoding=\"async\" width=\"50\" height=\"46\" class=\"alignnone wp-image-66\" style=\"font-size: 14px;line-height: 21px\" src=\"https:\/\/sisu.ut.ee\/wp-content\/uploads\/sites\/97\/m6ttemull_v.jpg\" title=\"m6ttemull_v.jpg\" alt=\"m6ttemull_v.jpg\">\u00a0\u00a0<strong><span style=\"color: #ff6600\">M\u00f5tlemis\u00fclesanne<\/span><\/strong><\/h4>\n<p style=\"padding-left: 60px\">M\u00f5elge \u00fchele klassile, milles \u00f5petate.\u00a0<strong>Milline on teie k\u00f5ige olulisem eesm\u00e4rk<\/strong><\/p>\n<ul>\n<ul style=\"list-style-type: disc\">\n<li><span style=\"font-size: 14px\">selles kooliastmel<\/span><\/li>\n<li><span style=\"font-size: 14px\">sel \u00f5ppeaastal<\/span><\/li>\n<li><span style=\"font-size: 14px\">selles veerandis (perioodil, trimestril)<\/span><\/li>\n<li><span style=\"font-size: 14px\">j\u00e4rgneva \u00f5ppeteema raames?<\/span><\/li>\n<\/ul>\n<\/ul>\n<p style=\"padding-left: 60px\">Kui \u00fche konkreetse eesm\u00e4rgi v\u00e4ljatoomine on keerukas, siis nimetage 3\u20135 eesm\u00e4rki. Kui seegi on raske, siis v\u00f5ite v\u00e4lja tuua ka 7.\u00a0Rohkem siiski mitte, sest <strong>suuremat eesm\u00e4rkide hulka on v\u00e4ga raske korraga haarata<\/strong>.<\/p>\n<p><strong>\u00d5ppe-eesm\u00e4rkide seast tuleb teha valik<\/strong> \u2013\u00a0ei meie ise ega ammugi \u00f5ppijad ei suuda k\u00f5ike korraga v\u00f5rdselt t\u00e4hele panna, v\u00e4\u00e4rtustada ja hinnata. \u00dcheks v\u00f5imaluseks on siin <strong>fookuse seadmine<\/strong>\u00a0\u2013\u00a0p\u00f6\u00f6rame korraga t\u00e4helepanu vaid teatud teadmiste, oskuste ja hoiakute arengule. Veelgi t\u00e4htsam on siiski \u00fcldine <strong>prioriteetide seadmine<\/strong>\u00a0\u2013\u00a0eristame olulise ja ebaolulisest.<\/p>\n<p>J\u00e4rgnevas videoesitluses arutletaksegi selle \u00fcle, milline osa koolis \u00f5pitavast ja \u00f5petatavast on oluline ja mille jaoks.<\/p>\n<p><\/p><div class=\"ratio ratio-16x9 mb-3\"><div class=\"video-placeholder-wrapper video-placeholder-wrapper--16x9\">\n\t\t\t    <div class=\"video-placeholder d-flex justify-content-center align-items-center\">\n\t\t\t        <div class=\"overlay text-white p-2 w-100 text-center d-block justify-content-center align-items-center\">\n\t\t\t            <div>Kolmandate osapoolte sisu n\u00e4gemiseks palun n\u00f5ustu k\u00fcpsistega.<\/div>\n\t\t\t            <button class=\"btn btn-secondary btn-sm mt-1 consent-change\">Muuda n\u00f5usolekut<\/button>\n\t\t\t        <\/div>\n\t\t\t    <\/div>\n\t\t\t<\/div>\n<\/div>\n","protected":false},"excerpt":{"rendered":"<p>\u00a0\u00a0M\u00f5tlemis\u00fclesanne M\u00f5elge \u00fchele klassile, milles \u00f5petate.\u00a0Milline on teie k\u00f5ige olulisem eesm\u00e4rk selles kooliastmel sel \u00f5ppeaastal selles veerandis (perioodil, trimestril) j\u00e4rgneva \u00f5ppeteema raames? Kui \u00fche konkreetse eesm\u00e4rgi v\u00e4ljatoomine on keerukas, siis nimetage 3\u20135 eesm\u00e4rki. Kui seegi on raske, siis v\u00f5ite v\u00e4lja &#8230;<\/p>\n","protected":false},"author":36,"featured_media":0,"parent":0,"menu_order":0,"comment_status":"closed","ping_status":"closed","template":"","meta":{"_acf_changed":false,"inline_featured_image":false,"footnotes":""},"class_list":["post-18","page","type-page","status-publish","hentry"],"acf":[],"_links":{"self":[{"href":"https:\/\/sisu.ut.ee\/6ppimisttoetavhindamine\/wp-json\/wp\/v2\/pages\/18","targetHints":{"allow":["GET"]}}],"collection":[{"href":"https:\/\/sisu.ut.ee\/6ppimisttoetavhindamine\/wp-json\/wp\/v2\/pages"}],"about":[{"href":"https:\/\/sisu.ut.ee\/6ppimisttoetavhindamine\/wp-json\/wp\/v2\/types\/page"}],"author":[{"embeddable":true,"href":"https:\/\/sisu.ut.ee\/6ppimisttoetavhindamine\/wp-json\/wp\/v2\/users\/36"}],"replies":[{"embeddable":true,"href":"https:\/\/sisu.ut.ee\/6ppimisttoetavhindamine\/wp-json\/wp\/v2\/comments?post=18"}],"version-history":[{"count":1,"href":"https:\/\/sisu.ut.ee\/6ppimisttoetavhindamine\/wp-json\/wp\/v2\/pages\/18\/revisions"}],"predecessor-version":[{"id":171,"href":"https:\/\/sisu.ut.ee\/6ppimisttoetavhindamine\/wp-json\/wp\/v2\/pages\/18\/revisions\/171"}],"wp:attachment":[{"href":"https:\/\/sisu.ut.ee\/6ppimisttoetavhindamine\/wp-json\/wp\/v2\/media?parent=18"}],"curies":[{"name":"wp","href":"https:\/\/api.w.org\/{rel}","templated":true}]}}