{"id":16,"date":"2024-04-03T23:27:13","date_gmt":"2024-04-03T20:27:13","guid":{"rendered":"https:\/\/sisu.ut.ee\/6ppimisttoetavhindamine\/ajakava\/"},"modified":"2024-09-02T10:48:15","modified_gmt":"2024-09-02T07:48:15","slug":"ajakava","status":"publish","type":"page","link":"https:\/\/sisu.ut.ee\/6ppimisttoetavhindamine\/ajakava\/","title":{"rendered":"Ajakava"},"content":{"rendered":"<p><span style=\"font-size: 14px;\">\u00d5petajana teate kindlasti omast k\u00e4est, et \u00f5ppe ajaline kavandamine on v\u00e4ga oluline.\u00a0\u00a0<\/span><\/p>\n<h4><img loading=\"lazy\" decoding=\"async\" width=\"50\" height=\"46\" class=\"alignnone wp-image-66\" title=\"m6ttemull_v.jpg\" src=\"https:\/\/sisu.ut.ee\/wp-content\/uploads\/sites\/97\/m6ttemull_v.jpg\" alt=\"m6ttemull_v.jpg\">\u00a0\u00a0<strong><span style=\"color: #ff9900;\">N\u00e4ide<\/span><\/strong><\/h4>\n<p style=\"padding-left: 60px;\">Teil on mingi teema teooriaga tutvumiseks on aega n\u00e4dal aega. Seej\u00e4rel vahetate partneriga \u00f5pip\u00e4evikuid ning j\u00e4rgmist kaht n\u00e4dalat kasutate \u00f5pitu praktiliseks rakendamiseks. Olete kokku leppinud, et kolmap\u00e4eval k\u00fclastate teie partneri kolmandat tundi ja tema k\u00fclastab reedel teie 1. \u2013 2. topelttundi. Reedel kell kaks kohtute kohvikus, et \u00f5pitu \u00fcle arutleda ja see kokku v\u00f5tta.<\/p>\n<p>Selline \u00f5ppimine toimib kindlasti t\u00f5husamalt v\u00f5rreldes variandiga \u201ceks iga\u00fcks vaatab, kui aega saab ja siis r\u00e4\u00e4gime kunagi sel teemal\u201d.<\/p>\n<p><strong>Kursuse ajakava saate ise koostada.<\/strong><\/p>\n<p>Kasutage oma ajakava koostamiseks\u00a0<strong><a href=\"https:\/\/sisu.ut.ee\/wp-content\/uploads\/sites\/97\/minu_ajakava.xlsx\" data-fid=\"7086\">n\u00e4idisajakava<\/a><\/strong>, milles on kirjas iga teema l\u00e4bimiseks kuluv prognoositav aeg ning kuhu saate m\u00e4rkida eri allteemade \u00f5ppe\u00fclesanded.<\/p>\n<p><strong style=\"font-size: 14px;\">Teemade j\u00e4rjekor<\/strong><strong style=\"font-size: 14px;\">da<\/strong><span style=\"font-size: 14px;\"> v\u00f5ite ka muuta ning m\u00f5nest allteemast loobuda.<strong> \u00a0Tehke seda kaalutletult! <\/strong><\/span><\/p>\n<p><span style=\"font-size: 14px;\">Teil aitavad otsustada\u00a0<\/span><\/p>\n<ul>\n<li><a href=\"https:\/\/sisu.ut.ee\/6ppimisttoetavhindamine\/enesehindamise-kusimustik\/\"><strong>enesehindamise k\u00fcsimustiku\u00a0<\/strong><\/a>tulemused<\/li>\n<li><span style=\"font-size: 14px;\">iga teema alguses esitatud\u00a0<\/span><strong style=\"font-size: 14px;\">l\u00fchikokkuv\u00f5tted\u00a0<\/strong>ja prognoositav teema l\u00e4bimise aeg<\/li>\n<li><span style=\"font-size: 14px;\">plokkide l\u00f5pul esitatud\u00a0<\/span><strong style=\"font-size: 14px;\">taotletavad \u00f5piv\u00e4ljundid<\/strong><\/li>\n<\/ul>\n<p><span style=\"font-size: 14px;\"><strong>Enesehindamise k\u00fcsimustikule<\/strong> vastates saite \u00fclevaate, milliste \u00f5ppimist toetava hindamise teemadega v\u00f5iksite p\u00f5hjalikumalt tegeleda ja mis teemades tunnete end juba kindlamalt nii teoorias kui praktilises t\u00f6\u00f6s. P\u00f5hjalikumat l\u00e4henemist vajavatele teemadele saate kavandada esitatud prognoosist rohkem aega, tuttavamatele v\u00e4hem.<\/span><\/p>\n<p><span style=\"font-size: 14px;\">Kui tunnete, et olete m\u00f5nes teemas v\u00e4ga kodus ja saite sellele kinnitust ka enesehindamise k\u00fcsimustikule vastates,\u00a0teema kokkuv\u00f5ttes pole teile midagi uut ja tunnete, et k\u00f5ik \u00f5piv\u00e4ljundid on juba piisaval m\u00e4\u00e4ral saavutatud, siis . . . v\u00f5iksite materjalidega siiski tutvuda, et oma teadmisi ja oskusi kinnistada ning leida uusi l\u00e4henemisnurki.<\/span><\/p>\n","protected":false},"excerpt":{"rendered":"<p>\u00d5petajana teate kindlasti omast k\u00e4est, et \u00f5ppe ajaline kavandamine on v\u00e4ga oluline.\u00a0\u00a0 \u00a0\u00a0N\u00e4ide Teil on mingi teema teooriaga tutvumiseks on aega n\u00e4dal aega. Seej\u00e4rel vahetate partneriga \u00f5pip\u00e4evikuid ning j\u00e4rgmist kaht n\u00e4dalat kasutate \u00f5pitu praktiliseks rakendamiseks. Olete kokku leppinud, et kolmap\u00e4eval &#8230;<\/p>\n","protected":false},"author":36,"featured_media":0,"parent":0,"menu_order":0,"comment_status":"closed","ping_status":"closed","template":"","meta":{"_acf_changed":false,"inline_featured_image":false,"footnotes":""},"class_list":["post-16","page","type-page","status-publish","hentry"],"acf":[],"_links":{"self":[{"href":"https:\/\/sisu.ut.ee\/6ppimisttoetavhindamine\/wp-json\/wp\/v2\/pages\/16","targetHints":{"allow":["GET"]}}],"collection":[{"href":"https:\/\/sisu.ut.ee\/6ppimisttoetavhindamine\/wp-json\/wp\/v2\/pages"}],"about":[{"href":"https:\/\/sisu.ut.ee\/6ppimisttoetavhindamine\/wp-json\/wp\/v2\/types\/page"}],"author":[{"embeddable":true,"href":"https:\/\/sisu.ut.ee\/6ppimisttoetavhindamine\/wp-json\/wp\/v2\/users\/36"}],"replies":[{"embeddable":true,"href":"https:\/\/sisu.ut.ee\/6ppimisttoetavhindamine\/wp-json\/wp\/v2\/comments?post=16"}],"version-history":[{"count":3,"href":"https:\/\/sisu.ut.ee\/6ppimisttoetavhindamine\/wp-json\/wp\/v2\/pages\/16\/revisions"}],"predecessor-version":[{"id":202,"href":"https:\/\/sisu.ut.ee\/6ppimisttoetavhindamine\/wp-json\/wp\/v2\/pages\/16\/revisions\/202"}],"wp:attachment":[{"href":"https:\/\/sisu.ut.ee\/6ppimisttoetavhindamine\/wp-json\/wp\/v2\/media?parent=16"}],"curies":[{"name":"wp","href":"https:\/\/api.w.org\/{rel}","templated":true}]}}