{"id":13,"date":"2024-04-03T23:27:13","date_gmt":"2024-04-03T20:27:13","guid":{"rendered":"https:\/\/sisu.ut.ee\/6ppimisttoetavhindamine\/kursuse-ajakava\/"},"modified":"2024-04-03T23:27:34","modified_gmt":"2024-04-03T20:27:34","slug":"kursuse-ajakava","status":"publish","type":"page","link":"https:\/\/sisu.ut.ee\/6ppimisttoetavhindamine\/kursuse-ajakava\/","title":{"rendered":"Kursuse ajakava"},"content":{"rendered":"<p>Kursuse <strong>ajakava<\/strong> koostate Te <strong>ise koos kaas\u00f5ppija(te)ga<\/strong>.<\/p>\n<p>\u00d5petajana teate kindlasti omast k\u00e4est, et \u00f5ppe ajaline kavandamine on v\u00e4ga oluline.<\/p>\n<p>Kui mingi teema teooriaga tutvumiseks on aega n\u00e4iteks n\u00e4dal, mille j\u00e4rel vahetate partneriga \u00f5pip\u00e4evikuid ning j\u00e4rgmised kaks n\u00e4dalat on \u00f5pitu praktiliseks rakendamiseks (kusjuures olete kokku leppinud, et kolmap\u00e4eval k\u00fclastate Teie partneri kolmandat tundi ja tema k\u00fclastab reedel teie 1. \u2013 2. topelttundi) ning reedel kell kaks kohtute kohvikus, et \u00f5pitu \u00fcle arutleda ja see kokku v\u00f5tta, siis toimib selline \u00f5ppimine kindlasti t\u00f5husamalt v\u00f5rreldes variandiga \u201ceks iga\u00fcks vaatab kui aega saab ja siis r\u00e4\u00e4gime kunagi sel teemal\u201d.<\/p>\n<p>Koostamisel on <strong>t\u00f6\u00f6leht<\/strong>, mis kirjeldab erinevate teemade ja allteemade \u00f5ppe\u00fclesandeid ja mille p\u00f5hjal saate kokku panna endile sobivaima kava.<\/p>\n<p>Teemade j\u00e4rjekorda v\u00f5ib ka muuta ning m\u00f5nest allteemast loobuda, siiski ei soovita me seda teha kaalutlemata.<\/p>\n<p>Selles, kas ja kuiv\u00f5rd on teema just Teie jaoks vajalik, aitavad Teil selgusele j\u00f5uda <strong>enesehindamise k\u00fcsimustiku tagasiside<\/strong>,\u00a0iga teema alguses toodud <strong>l\u00fchikokkuv\u00f5tted<\/strong> ja plokkide l\u00f5pul toodud <strong>taotletavad \u00f5piv\u00e4ljundid<\/strong> \u2013 kui enesehindamise k\u00fcsimustiku teema kohta juba edukalt t\u00e4itsite,\u00a0kokkuv\u00f5ttes pole Teile midagi uut ja tunnete, et ka k\u00f5ik \u00f5piv\u00e4ljundid on juba t\u00e4iel m\u00e4\u00e4ral saavutatud, siis . . . v\u00f5iksite materjalidega siiski tutvuda kinnistamise ja uue perspektiivi omandamise eesm\u00e4rgil, ent h\u00e4davajalik see kindlasti pole.<\/p>\n","protected":false},"excerpt":{"rendered":"<p>Kursuse ajakava koostate Te ise koos kaas\u00f5ppija(te)ga. \u00d5petajana teate kindlasti omast k\u00e4est, et \u00f5ppe ajaline kavandamine on v\u00e4ga oluline. Kui mingi teema teooriaga tutvumiseks on aega n\u00e4iteks n\u00e4dal, mille j\u00e4rel vahetate partneriga \u00f5pip\u00e4evikuid ning j\u00e4rgmised kaks n\u00e4dalat on \u00f5pitu praktiliseks &#8230;<\/p>\n","protected":false},"author":36,"featured_media":0,"parent":0,"menu_order":0,"comment_status":"closed","ping_status":"closed","template":"","meta":{"_acf_changed":false,"inline_featured_image":false,"footnotes":""},"class_list":["post-13","page","type-page","status-publish","hentry"],"acf":[],"_links":{"self":[{"href":"https:\/\/sisu.ut.ee\/6ppimisttoetavhindamine\/wp-json\/wp\/v2\/pages\/13","targetHints":{"allow":["GET"]}}],"collection":[{"href":"https:\/\/sisu.ut.ee\/6ppimisttoetavhindamine\/wp-json\/wp\/v2\/pages"}],"about":[{"href":"https:\/\/sisu.ut.ee\/6ppimisttoetavhindamine\/wp-json\/wp\/v2\/types\/page"}],"author":[{"embeddable":true,"href":"https:\/\/sisu.ut.ee\/6ppimisttoetavhindamine\/wp-json\/wp\/v2\/users\/36"}],"replies":[{"embeddable":true,"href":"https:\/\/sisu.ut.ee\/6ppimisttoetavhindamine\/wp-json\/wp\/v2\/comments?post=13"}],"version-history":[{"count":1,"href":"https:\/\/sisu.ut.ee\/6ppimisttoetavhindamine\/wp-json\/wp\/v2\/pages\/13\/revisions"}],"predecessor-version":[{"id":166,"href":"https:\/\/sisu.ut.ee\/6ppimisttoetavhindamine\/wp-json\/wp\/v2\/pages\/13\/revisions\/166"}],"wp:attachment":[{"href":"https:\/\/sisu.ut.ee\/6ppimisttoetavhindamine\/wp-json\/wp\/v2\/media?parent=13"}],"curies":[{"name":"wp","href":"https:\/\/api.w.org\/{rel}","templated":true}]}}