{"id":11,"date":"2024-04-03T23:27:13","date_gmt":"2024-04-03T20:27:13","guid":{"rendered":"https:\/\/sisu.ut.ee\/6ppimisttoetavhindamine\/hindamisalane-kirjaoskus\/"},"modified":"2024-04-03T23:27:34","modified_gmt":"2024-04-03T20:27:34","slug":"hindamisalane-kirjaoskus","status":"publish","type":"page","link":"https:\/\/sisu.ut.ee\/6ppimisttoetavhindamine\/hindamisalane-kirjaoskus\/","title":{"rendered":"Hindamisalane kirjaoskus"},"content":{"rendered":"<h4><span><span><span style=\"color: #ff6600\"><strong><span><span><span style=\"color: #ff6600\"><strong><span><span><span style=\"color: #ff6600\"><strong><img loading=\"lazy\" decoding=\"async\" width=\"50\" height=\"46\" class=\"alignnone wp-image-66\" src=\"https:\/\/sisu.ut.ee\/wp-content\/uploads\/sites\/97\/m6ttemull_v.jpg\" title=\"m6ttemull_v.jpg\" alt=\"m6ttemull_v.jpg\">\u00a0 M\u00f5tlemis\u00fclesanne<\/strong><\/span><\/span><\/span><\/strong><\/span><\/span><\/span><\/strong><\/span><\/span><\/span><\/h4>\n<p style=\"padding-left: 60px\">Mida t\u00e4hendab olla hindamise alal kirjaoskaja? Kui olete selle m\u00f5istega tuttav, siis proovige seda \u00f5pipartnerile l\u00fchidalt kokku v\u00f5tta. Kui m\u00f5iste on m\u00f5lemale uus, siis pakkuge, mida see oskus teie arvates v\u00f5iks sisaldada?<\/p>\n<p style=\"padding-left: 60px\">Kas ka siin saab r\u00e4\u00e4kida elementaarsest ja funktsionaalsest kirjaoskusest?<\/p>\n<p>J\u00e4rgnev videoesitlus annab \u00fclevaate<\/p>\n<ul style=\"list-style-type: disc\">\n<li><span style=\"font-size: 14px\">miks<\/span><span style=\"font-size: 14px\"> <\/span><span style=\"font-size: 14px\">hindamisalast kirjaoskust<\/span><span style=\"font-size: 14px\"> oluliseks peetakse<\/span><\/li>\n<li><span style=\"font-size: 14px\">milliseid komponente<\/span><span style=\"font-size: 14px\"> see sisaldab<\/span><\/li>\n<\/ul>\n<p><\/p><div class=\"ratio ratio-16x9 mb-3\"><div class=\"video-placeholder-wrapper video-placeholder-wrapper--16x9\">\n\t\t\t    <div class=\"video-placeholder d-flex justify-content-center align-items-center\">\n\t\t\t        <div class=\"overlay text-white p-2 w-100 text-center d-block justify-content-center align-items-center\">\n\t\t\t            <div>Kolmandate osapoolte sisu n\u00e4gemiseks palun n\u00f5ustu k\u00fcpsistega.<\/div>\n\t\t\t            <button class=\"btn btn-secondary btn-sm mt-1 consent-change\">Muuda n\u00f5usolekut<\/button>\n\t\t\t        <\/div>\n\t\t\t    <\/div>\n\t\t\t<\/div>\n<\/div>\n<h4><span style=\"color: #ff6600\"><strong><span style=\"background-color: #ffffff\"><span style=\"color: #ff6600\"><strong><span style=\"background-color: #ffffff\"><img loading=\"lazy\" decoding=\"async\" width=\"50\" height=\"46\" class=\"alignnone wp-image-66\" src=\"https:\/\/sisu.ut.ee\/wp-content\/uploads\/sites\/97\/m6ttemull_v.jpg\" title=\"m6ttemull_v.jpg\" alt=\"m6ttemull_v.jpg\">\u00a0 M\u00f5tlemis\u00fclesanne<\/span><\/strong><\/span><\/span><\/strong><\/span><\/h4>\n<p style=\"padding-left: 60px\">Eelmises ja selles esituses kirjeldati \u00f5ppimist toetava hindamise rakendamise eeltingimusi. Millised neist eeltingimustest on teie jaoks:<\/p>\n<ul>\n<ul style=\"list-style-type: disc\">\n<li><span style=\"font-size: 14px\">\u0097kindlalt t\u00e4idetud?<\/span><\/li>\n<li><span style=\"font-size: 14px\">\u0097vajavad t\u00e4helepanu?<\/span><\/li>\n<\/ul>\n<\/ul>\n<p style=\"padding-left: 60px\">Kuidas on olukord teie koolis?<\/p>\n<p><strong>Loe lisaks!<\/strong><\/p>\n<p>Toomela, A. (2011) <a href=\"http:\/\/www.%20ut.%20ee\/curriculum\/orb.%20aw\/class=file\/action=preview\/id=961631\/Toomela.%20pdf\" target=\"_blank\" rel=\"noopener\">Kujundava hindamise teoreetilised probleemid ja neist tulenevad rakenduslikud j\u00e4reldused<\/a>.\u00a0<\/p>\n","protected":false},"excerpt":{"rendered":"<p>\u00a0 M\u00f5tlemis\u00fclesanne Mida t\u00e4hendab olla hindamise alal kirjaoskaja? Kui olete selle m\u00f5istega tuttav, siis proovige seda \u00f5pipartnerile l\u00fchidalt kokku v\u00f5tta. Kui m\u00f5iste on m\u00f5lemale uus, siis pakkuge, mida see oskus teie arvates v\u00f5iks sisaldada? Kas ka siin saab r\u00e4\u00e4kida elementaarsest &#8230;<\/p>\n","protected":false},"author":36,"featured_media":0,"parent":0,"menu_order":0,"comment_status":"closed","ping_status":"closed","template":"","meta":{"_acf_changed":false,"inline_featured_image":false,"footnotes":""},"class_list":["post-11","page","type-page","status-publish","hentry"],"acf":[],"_links":{"self":[{"href":"https:\/\/sisu.ut.ee\/6ppimisttoetavhindamine\/wp-json\/wp\/v2\/pages\/11","targetHints":{"allow":["GET"]}}],"collection":[{"href":"https:\/\/sisu.ut.ee\/6ppimisttoetavhindamine\/wp-json\/wp\/v2\/pages"}],"about":[{"href":"https:\/\/sisu.ut.ee\/6ppimisttoetavhindamine\/wp-json\/wp\/v2\/types\/page"}],"author":[{"embeddable":true,"href":"https:\/\/sisu.ut.ee\/6ppimisttoetavhindamine\/wp-json\/wp\/v2\/users\/36"}],"replies":[{"embeddable":true,"href":"https:\/\/sisu.ut.ee\/6ppimisttoetavhindamine\/wp-json\/wp\/v2\/comments?post=11"}],"version-history":[{"count":1,"href":"https:\/\/sisu.ut.ee\/6ppimisttoetavhindamine\/wp-json\/wp\/v2\/pages\/11\/revisions"}],"predecessor-version":[{"id":164,"href":"https:\/\/sisu.ut.ee\/6ppimisttoetavhindamine\/wp-json\/wp\/v2\/pages\/11\/revisions\/164"}],"wp:attachment":[{"href":"https:\/\/sisu.ut.ee\/6ppimisttoetavhindamine\/wp-json\/wp\/v2\/media?parent=11"}],"curies":[{"name":"wp","href":"https:\/\/api.w.org\/{rel}","templated":true}]}}