{"id":10,"date":"2024-04-03T23:27:13","date_gmt":"2024-04-03T20:27:13","guid":{"rendered":"https:\/\/sisu.ut.ee\/6ppimisttoetavhindamine\/kursuse-materjalidest\/"},"modified":"2024-09-02T10:48:57","modified_gmt":"2024-09-02T07:48:57","slug":"kursuse-materjalidest","status":"publish","type":"page","link":"https:\/\/sisu.ut.ee\/6ppimisttoetavhindamine\/kursuse-materjalidest\/","title":{"rendered":"kursuse materjalidest"},"content":{"rendered":"<p><span>Selle e-kursuse materjalid sisaldavad<\/span><\/p>\n<p><\/p><div class=\"accordion mb-3\">\n        <div class=\"accordion-item accordion-item--white\">\n        <h2 class=\"accordion-header\" id=\"accordion-69de6b1faf88f-heading\">\n            <button class=\"accordion-button collapsed\" type=\"button\" data-bs-toggle=\"collapse\" data-bs-target=\"#accordion-69de6b1faf88f-collapse\" aria-expanded=\"true\" aria-controls=\"accordion-69de6b1faf88f-collapse\">l\u00fchitekste<\/button>\n        <\/h2>\n        <div id=\"accordion-69de6b1faf88f-collapse\" class=\"accordion-collapse collapse\" aria-labelledby=\"accordion-69de6b1faf88f-heading\">\n            <div class=\"accordion-body\">milles v\u00f5etakse kokku p\u00f5hi-ideid, tutvustatakse videol\u00f5ike jms. Neile, kes eelistavad \u00f5ppida sidusa teksti lugemise kaudu, soovitame raamatuid \u201cKujundav hindamine kui \u00f5ppimist toetav hindamine\u201d (J\u00fcrim\u00e4e, K\u00e4rner, Tiisvelt 2014) ja \u201c\u00d5hinap\u00f5hine \u00f5pe\u201d (Feldschmidt, T\u00fcrk 2013). Neile, kellele meeldib lugeda lingitud teksti, soovitame \u00f5ppimist toetava hindamise veebilehte.<\/div>\n        <\/div>\n        <\/div>\n    <\/div>\n<p><\/p><div class=\"accordion mb-3\">\n        <div class=\"accordion-item accordion-item--white\">\n        <h2 class=\"accordion-header\" id=\"accordion-69de6b1faf894-heading\">\n            <button class=\"accordion-button collapsed\" type=\"button\" data-bs-toggle=\"collapse\" data-bs-target=\"#accordion-69de6b1faf894-collapse\" aria-expanded=\"true\" aria-controls=\"accordion-69de6b1faf894-collapse\">videoloenguid<\/button>\n        <\/h2>\n        <div id=\"accordion-69de6b1faf894-collapse\" class=\"accordion-collapse collapse\" aria-labelledby=\"accordion-69de6b1faf894-heading\">\n            <div class=\"accordion-body\">videoloengud p\u00f5hinevad slaidiesitlustel ja on l\u00fchikesed (3 \u2013 15 minutit), sest teame, et \u00fcle veerandtunni korraga on loengut raske j\u00e4lgida<\/div>\n        <\/div>\n        <\/div>\n    <\/div>\n<p><\/p><div class=\"accordion mb-3\">\n        <div class=\"accordion-item accordion-item--white\">\n        <h2 class=\"accordion-header\" id=\"accordion-69de6b1faf897-heading\">\n            <button class=\"accordion-button collapsed\" type=\"button\" data-bs-toggle=\"collapse\" data-bs-target=\"#accordion-69de6b1faf897-collapse\" aria-expanded=\"true\" aria-controls=\"accordion-69de6b1faf897-collapse\">linke<\/button>\n        <\/h2>\n        <div id=\"accordion-69de6b1faf897-collapse\" class=\"accordion-collapse collapse\" aria-labelledby=\"accordion-69de6b1faf897-heading\">\n            <div class=\"accordion-body\">selle lehe tekstides on ka linke, mis viivad \u00f5ppimist toetava hindamise veebilehele. Need on lisatud juhuks, kui soovite m\u00f5ne teemaga p\u00f5hjalikumalt tutvuda \u2013 k\u00f5igi linkide avamine \u00f5ppimisel ei ole kindlasti vajalik ja v\u00f5ib t\u00e4helepanu hoopis hajutada. Veebilinke \u00f5ppimist toetava hindamisega seotud lehtedele leidub ka lisamaterjalide loendis.<\/div>\n        <\/div>\n        <\/div>\n    <\/div>\n<p><\/p><div class=\"accordion mb-3\">\n        <div class=\"accordion-item accordion-item--white\">\n        <h2 class=\"accordion-header\" id=\"accordion-69de6b1faf899-heading\">\n            <button class=\"accordion-button collapsed\" type=\"button\" data-bs-toggle=\"collapse\" data-bs-target=\"#accordion-69de6b1faf899-collapse\" aria-expanded=\"true\" aria-controls=\"accordion-69de6b1faf899-collapse\">\u00fclesandeid<\/button>\n        <\/h2>\n        <div id=\"accordion-69de6b1faf899-collapse\" class=\"accordion-collapse collapse\" aria-labelledby=\"accordion-69de6b1faf899-heading\">\n            <div class=\"accordion-body\">\u00fclesannete seas on nii m\u00f5tlemis\u00fclesandeid (millest paaris v\u00f5i grupis \u00f5ppides v\u00f5ivad kujuneda ka p\u00f5nevad vestlused ja arutelud) kui ka praktilisi \u00fclesandeid. \u00dclesandeid on rohkesti ja kindlasti pole Teil tingimata vajalik k\u00f5iki neid l\u00e4bi teha \u2013 seda, kas ja millised \u00fclesanded just Teile vajalikud on, oskate ise k\u00f5ige paremini hinnata!<\/div>\n        <\/div>\n        <\/div>\n    <\/div>\n<p><\/p><div class=\"accordion mb-3\">\n        <div class=\"accordion-item accordion-item--white\">\n        <h2 class=\"accordion-header\" id=\"accordion-69de6b1faf89b-heading\">\n            <button class=\"accordion-button collapsed\" type=\"button\" data-bs-toggle=\"collapse\" data-bs-target=\"#accordion-69de6b1faf89b-collapse\" aria-expanded=\"true\" aria-controls=\"accordion-69de6b1faf89b-collapse\">t\u00f6\u00f6lehti<\/button>\n        <\/h2>\n        <div id=\"accordion-69de6b1faf89b-collapse\" class=\"accordion-collapse collapse\" aria-labelledby=\"accordion-69de6b1faf89b-heading\">\n            <div class=\"accordion-body\">Pakutavate \u00fclesannete seas on palju vaatlus- ja kavandamis\u00fclesandeid. Nende teostamise h\u00f5lbustamiseks v\u00f5ib soovi korral kasutada ka lisatud t\u00f6\u00f6lehti, mida saate v\u00e4lja printida ja nt partneriga vahetada.<\/div>\n        <\/div>\n        <\/div>\n    <\/div>\n<p>Selle kursuse oppematerjalid on esitatud temaatiliste plokkidena. Plokke on soovitav l\u00e4bida tervikuna \u2013 videod ja \u00fclesanded moodustavad loogilise rea ning \u00fchekaupa v\u00f5ib nende idee sageli fragmentaarseks j\u00e4\u00e4da. Iga ploki sissejuhatuses on l\u00fchi\u00fclevaade selle allteemadest. Igal plokil on ka kokkuv\u00f5te, mis sisaldab m\u00f5tlemis- ja enesekontrollik\u00fcsimusi, praktilisi harjutusi \u00fcksi ja paaris sooritamiseks \u00a0jms.<\/p>\n<p>Materjalis koostamisel on p\u00fc\u00fctud arvestada \u00f5ppijate vajadustega ning erinevate \u00f5ppijat\u00fc\u00fcpidega \u2013 \u00fclesannete valik on lai ning kursuse l\u00e4bimiseks vajalik \u00fclesande sisu ja vormi osas on Teil palju valikuvabadust.<\/p>\n<p><\/p><div class=\"accordion mb-3\">\n        <div class=\"accordion-item accordion-item--white\">\n        <h2 class=\"accordion-header\" id=\"accordion-69de6b1faf89f-heading\">\n            <button class=\"accordion-button collapsed\" type=\"button\" data-bs-toggle=\"collapse\" data-bs-target=\"#accordion-69de6b1faf89f-collapse\" aria-expanded=\"true\" aria-controls=\"accordion-69de6b1faf89f-collapse\">Kursuse materjalid on l\u00f5imitud ning soovitame neid tingimata l\u00f5imida ka oma praktikaga!<\/button>\n        <\/h2>\n        <div id=\"accordion-69de6b1faf89f-collapse\" class=\"accordion-collapse collapse\" aria-labelledby=\"accordion-69de6b1faf89f-heading\">\n            <div class=\"accordion-body\">\u201dTeadmine ja oskus on v\u00f5imalik vaid alaliste korduste ja harjutamise tagaj\u00e4rjel. Kordus ei ole ainult vana \u00f5ppimine uuesti, vaid ka vana sidumine uuega, tuttava vaatlemine uuest seisukohast\u201d on kirjas 1930. aasta keskkooli \u00f5ppekavas.\n<p>Ka selle veebikursuse loojad soovitavad oppematerjalides kirjeldatud teadmisi oma praktilises t\u00f6\u00f6s l\u00e4bi proovida ja mitte ainult \u00fchekordselt \u2013 edu \u00f5ppimist toetava hindamise rakendamisel n\u00f5uab korduvat harjutamist. Kuna nii m\u00f5nedki siinesitatud teadmised ei pruugi h\u00e4sti sobituda olemasolevasse m\u00f5istete- ja arusaamades\u00fcsteemi, siis on ka selles osas teadlikke kordusi, plokkide vahel on seoseid ja kattuvusi.<\/p>\n<p>N\u00e4iteks r\u00e4\u00e4gitakse \u00f5ppijate kaasamisest eraldi plokis, aga see idee l\u00e4bib ka k\u00f5iki teisi plokke.<\/p>\n<p>Sellised kordused on kursusesse teadlikult kavandatud.<\/p>\n<p>K\u00fcllap olete kuulnud, et keele\u00f5ppes (nii v\u00f5\u00f5rkeelt kui emakeelt omandades) on uue s\u00f5na omandamiseks vaja seda v\u00e4hemalt kuus korda erinevatest kontekstides kasutada. \u00d5ppimist toetava hindamise p\u00f5hiideed on v\u00e4hemalt sama keerukad kui uued s\u00f5nad, seega p\u00fc\u00fcame ka neid k\u00f5iki v\u00e4hemalt kuuel korrale erineva vaatenurga alt, teoreetilisemalt ja praktilisemalt avada.<\/p>\n<p>Siiski on ilmne, et Teie jaoks omandavad need ideed praktilise v\u00e4\u00e4rtuse siiski alles siis, kui olete oma t\u00f6\u00f6d reflekteerinud, leidnud \u00fcles need ideed, mida juba rakendate (ja loodetavasti ka m\u00f5ned uued m\u00f5tted senise praktika veelgi t\u00f5husamaks ja \u00f5ppimsit toetavamaks muutmiseks) ning katsetanud neid ideid, mida Te seni veel oma klassiruumis rakendanud pole.<\/p><\/div>\n        <\/div>\n        <\/div>\n    <\/div>\n<p>Kursust v\u00f5ib l\u00e4bida mitmel viisil: temaatikaga juba kursis olev \u00f5ppija v\u00f5ib materjale kasutada, et m\u00f5ne huvipakkuva teemaga l\u00e4hemalt tutvuda. Need, kes teemas end v\u00e4ga koduselt ei tunne v\u00f5i tahaksid\u00a0juhuslikest teadmistest s\u00fcteemi ehitada, v\u00f5iksid alustada algusest,\u00a0sest\u00a0kursusest t\u00f5useb k\u00f5ige enam kasu, kui see s\u00fcsteemselt l\u00e4bida.<\/p>\n","protected":false},"excerpt":{"rendered":"<p>Selle e-kursuse materjalid sisaldavad l\u00fchitekste milles v\u00f5etakse kokku p\u00f5hi-ideid, tutvustatakse videol\u00f5ike jms. Neile, kes eelistavad \u00f5ppida sidusa teksti lugemise kaudu, soovitame raamatuid \u201cKujundav hindamine kui \u00f5ppimist toetav hindamine\u201d (J\u00fcrim\u00e4e, K\u00e4rner, Tiisvelt 2014) ja \u201c\u00d5hinap\u00f5hine \u00f5pe\u201d (Feldschmidt, T\u00fcrk 2013). Neile, kellele &#8230;<\/p>\n","protected":false},"author":36,"featured_media":0,"parent":0,"menu_order":0,"comment_status":"closed","ping_status":"closed","template":"","meta":{"_acf_changed":false,"inline_featured_image":false,"footnotes":""},"class_list":["post-10","page","type-page","status-publish","hentry"],"acf":[],"_links":{"self":[{"href":"https:\/\/sisu.ut.ee\/6ppimisttoetavhindamine\/wp-json\/wp\/v2\/pages\/10","targetHints":{"allow":["GET"]}}],"collection":[{"href":"https:\/\/sisu.ut.ee\/6ppimisttoetavhindamine\/wp-json\/wp\/v2\/pages"}],"about":[{"href":"https:\/\/sisu.ut.ee\/6ppimisttoetavhindamine\/wp-json\/wp\/v2\/types\/page"}],"author":[{"embeddable":true,"href":"https:\/\/sisu.ut.ee\/6ppimisttoetavhindamine\/wp-json\/wp\/v2\/users\/36"}],"replies":[{"embeddable":true,"href":"https:\/\/sisu.ut.ee\/6ppimisttoetavhindamine\/wp-json\/wp\/v2\/comments?post=10"}],"version-history":[{"count":2,"href":"https:\/\/sisu.ut.ee\/6ppimisttoetavhindamine\/wp-json\/wp\/v2\/pages\/10\/revisions"}],"predecessor-version":[{"id":203,"href":"https:\/\/sisu.ut.ee\/6ppimisttoetavhindamine\/wp-json\/wp\/v2\/pages\/10\/revisions\/203"}],"wp:attachment":[{"href":"https:\/\/sisu.ut.ee\/6ppimisttoetavhindamine\/wp-json\/wp\/v2\/media?parent=10"}],"curies":[{"name":"wp","href":"https:\/\/api.w.org\/{rel}","templated":true}]}}